{"id":319,"date":"2016-08-23T04:15:21","date_gmt":"2016-08-23T04:15:21","guid":{"rendered":"http:\/\/demo.uix.store\/sober\/?page_id=319"},"modified":"2025-12-12T17:57:33","modified_gmt":"2025-12-12T15:57:33","slug":"meist","status":"publish","type":"page","link":"https:\/\/siluettpood.ee\/et\/meist\/","title":{"rendered":"MEIST"},"content":{"rendered":"<div data-elementor-type=\"wp-page\" data-elementor-id=\"319\" class=\"elementor elementor-319\" data-elementor-post-type=\"page\">\n\t\t\t\t<div class=\"elementor-element elementor-element-f7b7644 e-con-full e-flex e-con e-parent\" data-id=\"f7b7644\" data-element_type=\"container\" data-e-type=\"container\">\n\t\t<div class=\"elementor-element elementor-element-f9df4c1 e-con-full e-flex e-con e-child\" data-id=\"f9df4c1\" data-element_type=\"container\" data-e-type=\"container\">\n\t\t\t\t<div class=\"elementor-element elementor-element-bc65d96 elementor-widget elementor-widget-heading\" data-id=\"bc65d96\" data-element_type=\"widget\" data-e-type=\"widget\" data-widget_type=\"heading.default\">\n\t\t\t\t<div class=\"elementor-widget-container\">\n\t\t\t\t\t<h2 class=\"elementor-heading-title elementor-size-default\">See on meie lugu.<\/h2>\t\t\t\t<\/div>\n\t\t\t\t<\/div>\n\t\t\t\t<div class=\"elementor-element elementor-element-2befa0d elementor-widget elementor-widget-text-editor\" data-id=\"2befa0d\" data-element_type=\"widget\" data-e-type=\"widget\" data-widget_type=\"text-editor.default\">\n\t\t\t\t<div class=\"elementor-widget-container\">\n\t\t\t\t\t\t\t\t\t<p><span style=\"color: #000000;\">Omal ajal P\u00e4rnu vanalinnas asuvas riidepoes t\u00f6\u00f6tades \u00f5ppisid Tiina ja Elve tundma, mida sooviks kohalik naine kanda. Aja jooksul sai selgeks - kunagi ei l\u00e4he moest stiilsed ja unikaalsed kleidid!<\/span><\/p><p><span style=\"color: #000000;\">N\u00f5nda s\u00fcndis neil idee avada t\u00e4itsa enda pood, esialgse plaani j\u00e4rgi vaid v\u00e4ike kleidibutiik. Olgugi, et kumbki naistest ei olnud varasemalt \u00f5ppinud ettev\u00f5tlust v\u00f5i \u00e4rijuhtimist, ei saanud see oma butiigi avamisel takistuseks. \u00dcheskoos astusid nad seiklusrikkale teekonnale ning alates 2017. aasta varakevadest on tulemus meie ees \u2013 Eesti moe pood Siluett id\u00fcllilises P\u00e4rnu vanalinnas, ajaloolisel R\u00fc\u00fctli t\u00e4naval. Algusaegadest peale on Siluett vaid Eesti disaini esindaja P\u00e4rnus.<\/span><\/p><p><span style=\"color: #000000;\">T\u00e4naseks on poe tootevalik loomulikult laienenud \u2013 kleite komplimenteerivad ehted mitmek\u00fcmnelt erinevalt ehtekunstnikult. Valikus on k\u00f5iksugu riideid kampsunitest mantliteni ning erinevaid kingitusi ja aksessuaare. Kotid, jalan\u00f5ud, tervisenapsud, pusled\u2026 Meestele ja naistele!<\/span><\/p><p><span style=\"color: #000000;\">Kohtumiseni Siluetis, P\u00e4rnu linna s\u00fcdames!<\/span><\/p>\t\t\t\t\t\t\t\t<\/div>\n\t\t\t\t<\/div>\n\t\t\t\t<div class=\"elementor-element elementor-element-cf9bc73 elementor-hidden-desktop elementor-hidden-tablet elementor-widget elementor-widget-image\" data-id=\"cf9bc73\" data-element_type=\"widget\" data-e-type=\"widget\" data-widget_type=\"image.default\">\n\t\t\t\t<div class=\"elementor-widget-container\">\n\t\t\t\t\t\t\t\t\t\t\t\t\t\t\t<img decoding=\"async\" src=\"https:\/\/siluettpood.ee\/wp-content\/uploads\/2024\/11\/IMG_4844-scaled.jpeg\" title=\"IMG_4844\" alt=\"IMG_4844\" loading=\"lazy\" \/>\t\t\t\t\t\t\t\t\t\t\t\t\t\t\t<\/div>\n\t\t\t\t<\/div>\n\t\t\t\t<\/div>\n\t\t<div class=\"elementor-element elementor-element-ff866d1 e-con-full elementor-hidden-mobile e-flex e-con e-child\" data-id=\"ff866d1\" data-element_type=\"container\" data-e-type=\"container\">\n\t\t\t\t<div class=\"elementor-element elementor-element-89ae800 elementor-widget elementor-widget-image\" data-id=\"89ae800\" data-element_type=\"widget\" data-e-type=\"widget\" data-widget_type=\"image.default\">\n\t\t\t\t<div class=\"elementor-widget-container\">\n\t\t\t\t\t\t\t\t\t\t\t\t\t\t\t<img decoding=\"async\" src=\"https:\/\/siluettpood.ee\/wp-content\/uploads\/2024\/11\/IMG_4844-scaled.jpeg\" title=\"IMG_4844\" alt=\"IMG_4844\" loading=\"lazy\" \/>\t\t\t\t\t\t\t\t\t\t\t\t\t\t\t<\/div>\n\t\t\t\t<\/div>\n\t\t\t\t<\/div>\n\t\t\t\t<\/div>\n\t\t\t\t<\/div>","protected":false},"excerpt":{"rendered":"<p>This is our story. Back in the day, while working at a clothing store in&hellip;<\/p>","protected":false},"author":1,"featured_media":0,"parent":0,"menu_order":0,"comment_status":"closed","ping_status":"closed","template":"","meta":{"footnotes":""},"class_list":["post-319","page","type-page","status-publish","hentry"],"_links":{"self":[{"href":"https:\/\/siluettpood.ee\/et\/wp-json\/wp\/v2\/pages\/319","targetHints":{"allow":["GET"]}}],"collection":[{"href":"https:\/\/siluettpood.ee\/et\/wp-json\/wp\/v2\/pages"}],"about":[{"href":"https:\/\/siluettpood.ee\/et\/wp-json\/wp\/v2\/types\/page"}],"author":[{"embeddable":true,"href":"https:\/\/siluettpood.ee\/et\/wp-json\/wp\/v2\/users\/1"}],"replies":[{"embeddable":true,"href":"https:\/\/siluettpood.ee\/et\/wp-json\/wp\/v2\/comments?post=319"}],"version-history":[{"count":5,"href":"https:\/\/siluettpood.ee\/et\/wp-json\/wp\/v2\/pages\/319\/revisions"}],"predecessor-version":[{"id":9818,"href":"https:\/\/siluettpood.ee\/et\/wp-json\/wp\/v2\/pages\/319\/revisions\/9818"}],"wp:attachment":[{"href":"https:\/\/siluettpood.ee\/et\/wp-json\/wp\/v2\/media?parent=319"}],"curies":[{"name":"wp","href":"https:\/\/api.w.org\/{rel}","templated":true}]}}