{"id":8677,"date":"2025-07-08T18:02:17","date_gmt":"2025-07-08T18:02:17","guid":{"rendered":"https:\/\/siluettpood.ee\/?page_id=8677"},"modified":"2025-07-08T18:27:22","modified_gmt":"2025-07-08T18:27:22","slug":"elementor-8677","status":"publish","type":"page","link":"https:\/\/siluettpood.ee\/et\/elementor-8677\/","title":{"rendered":"ESTO J\u00e4relmaks"},"content":{"rendered":"<div data-elementor-type=\"wp-page\" data-elementor-id=\"8677\" class=\"elementor elementor-8677\" data-elementor-post-type=\"page\">\n\t\t\t\t<div class=\"elementor-element elementor-element-561c9c4 e-flex e-con-boxed e-con e-parent\" data-id=\"561c9c4\" data-element_type=\"container\" data-e-type=\"container\" data-no-translation=\"\">\n\t\t\t\t\t<div class=\"e-con-inner\">\n\t\t\t\t<div class=\"elementor-element elementor-element-ae2c138 elementor-widget elementor-widget-heading\" data-id=\"ae2c138\" data-element_type=\"widget\" data-e-type=\"widget\" data-widget_type=\"heading.default\">\n\t\t\t\t<div class=\"elementor-widget-container\">\n\t\t\t\t\t<h2 class=\"elementor-heading-title elementor-size-default\">ESTO j\u00e4relmaks \u2013 ei soovi maksta kogu summat korraga? Maksa osamaksete kaupa!<\/h2>\t\t\t\t<\/div>\n\t\t\t\t<\/div>\n\t\t\t\t<div class=\"elementor-element elementor-element-1b12790 elementor-widget elementor-widget-text-editor\" data-id=\"1b12790\" data-element_type=\"widget\" data-e-type=\"widget\" data-widget_type=\"text-editor.default\">\n\t\t\t\t<div class=\"elementor-widget-container\">\n\t\t\t\t\t\t\t\t\t<p>ESTO j\u00e4relmaks on paindlik makselahendus, mis v\u00f5imaldab jaotada makse mugavalt igakuisteks osamakseteks. Jaota ostusumma mugavalt endale sobiva perioodi peale. Perioodi ja sissemakse suurust saad valida ostu vormistamisel, kui valid kassast ESTO j\u00e4relmaksu.<\/p><p>Kasuta ESTO j\u00e4relmaksu e-poodides ja f\u00fc\u00fcsilistes kauplustes. K\u00f5ik ESTO partnerpoed leiad ESTO Marketist:\u00a0<a style=\"background-color: #ffffff;\" href=\"http:\/\/ESTO j\u00e4relmaks on paindlik makselahendus, mis v\u00f5imaldab jaotada makse mugavalt igakuisteks osamakseteks. Jaota ostusumma mugavalt endale sobiva perioodi peale. Perioodi ja sissemakse suurust saad valida ostu vormistamisel, kui valid kassast ESTO j\u00e4relmaksu.  Kasuta ESTO j\u00e4relmaksu e-poodides ja f\u00fc\u00fcsilistes kauplustes. K\u00f5ik ESTO partnerpoed leiad ESTO Marketist: https:\/\/esto.eu\/ee\/esto-market\" target=\"_blank\" rel=\"noopener nofollow\">https:\/\/esto.eu\/ee\/esto-market<\/a><\/p>\t\t\t\t\t\t\t\t<\/div>\n\t\t\t\t<\/div>\n\t\t\t\t<div class=\"elementor-element elementor-element-750d8ce elementor-widget elementor-widget-image\" data-id=\"750d8ce\" data-element_type=\"widget\" data-e-type=\"widget\" data-widget_type=\"image.default\">\n\t\t\t\t<div class=\"elementor-widget-container\">\n\t\t\t\t\t\t\t\t\t\t\t\t\t\t\t<img fetchpriority=\"high\" decoding=\"async\" width=\"1920\" height=\"348\" src=\"https:\/\/siluettpood.ee\/wp-content\/uploads\/2025\/07\/HP_EE-1.png\" class=\"attachment-full size-full wp-image-8682\" alt=\"\" srcset=\"https:\/\/siluettpood.ee\/wp-content\/uploads\/2025\/07\/HP_EE-1.png 1920w, https:\/\/siluettpood.ee\/wp-content\/uploads\/2025\/07\/HP_EE-1-937x170.png 937w, https:\/\/siluettpood.ee\/wp-content\/uploads\/2025\/07\/HP_EE-1-300x54.png 300w, https:\/\/siluettpood.ee\/wp-content\/uploads\/2025\/07\/HP_EE-1-1024x186.png 1024w, https:\/\/siluettpood.ee\/wp-content\/uploads\/2025\/07\/HP_EE-1-768x139.png 768w, https:\/\/siluettpood.ee\/wp-content\/uploads\/2025\/07\/HP_EE-1-1536x278.png 1536w, https:\/\/siluettpood.ee\/wp-content\/uploads\/2025\/07\/HP_EE-1-18x3.png 18w\" sizes=\"(max-width: 1920px) 100vw, 1920px\" \/>\t\t\t\t\t\t\t\t\t\t\t\t\t\t\t<\/div>\n\t\t\t\t<\/div>\n\t\t\t\t<div class=\"elementor-element elementor-element-5ea87c5 elementor-widget elementor-widget-text-editor\" data-id=\"5ea87c5\" data-element_type=\"widget\" data-e-type=\"widget\" data-widget_type=\"text-editor.default\">\n\t\t\t\t<div class=\"elementor-widget-container\">\n\t\t\t\t\t\t\t\t\t<p><strong>Kuidas kasutada ESTO j\u00e4relmaksu?<\/strong><\/p><ol><li>Lisa vajalikud tooted ostukorvi.<\/li><li>Vali kassas makseviisiks ESTO j\u00e4relmaks.<\/li><li>Vali oma eelistatud tagasimakseperiood vahemikus 3-60 kuud.<\/li><li>Otsuse saad reaalajas.<\/li><li>Positiivse otsuse korral digiallkirjasta leping ID-kaardi, Smart-ID v\u00f5i Mobiil-IDga.<\/li><\/ol><div><div><b>ESTO j\u00e4relmaksu pakub ja haldab ESTO AS.<\/b> ESTO AS j\u00e4relmaksu krediidi kulukuse m\u00e4\u00e4r on 23.63% aastas j\u00e4rgmistel n\u00e4idistingimustel: krediidi summa 1490 EUR, kauba\/teenuse maksumus 1490 EUR, sissemakse 0%, fikseeritud intressim\u00e4\u00e4r 11.90%, lepingutasu 0 EUR, krediidi kogusumma ja tagasimaksete summa 1844.64 EUR eeldusel, et krediit tagastatakse 24 kuu jooksul igakuiste v\u00f5rdsete osamaksetena suuruses 76.86 EUR. Tutvu enne lepingu s\u00f5lmimist tingimustega ja vajadusel konsulteeri spetsialistiga. J\u00e4relmaksu pakub ja haldab ESTO AS.<\/div><div>\u00a0<\/div><\/div>\t\t\t\t\t\t\t\t<\/div>\n\t\t\t\t<\/div>\n\t\t\t\t\t<\/div>\n\t\t\t\t<\/div>\n\t\t<div class=\"elementor-element elementor-element-ab4c44f e-flex e-con-boxed e-con e-parent\" data-id=\"ab4c44f\" data-element_type=\"container\" data-e-type=\"container\" data-no-translation=\"\">\n\t\t\t\t\t<div class=\"e-con-inner\">\n\t\t\t\t<div class=\"elementor-element elementor-element-3668f22 elementor-widget elementor-widget-heading\" data-id=\"3668f22\" data-element_type=\"widget\" data-e-type=\"widget\" data-widget_type=\"heading.default\">\n\t\t\t\t<div class=\"elementor-widget-container\">\n\t\t\t\t\t<h2 class=\"elementor-heading-title elementor-size-default\">ESTO 3 makseviis on innovatiivne lahendus, mis v\u00f5imaldab ostu kinnitada ja tasuda mugavalt ning kiirelt \u2013 kolmes v\u00f5rdses osas, ilma lisatasudeta!<\/h2>\t\t\t\t<\/div>\n\t\t\t\t<\/div>\n\t\t\t\t<div class=\"elementor-element elementor-element-1202811 elementor-widget elementor-widget-text-editor\" data-id=\"1202811\" data-element_type=\"widget\" data-e-type=\"widget\" data-widget_type=\"text-editor.default\">\n\t\t\t\t<div class=\"elementor-widget-container\">\n\t\t\t\t\t\t\t\t\t<p>ESTO 3 on populaarseim uue p\u00f5lvkonna makseviis. Jaota ostusumma mugavalt 3-ks v\u00f5rdseks osaks. Saa t\u00e4pselt, mida vajad ilma intressi, lisatasu ja sissemakseta.<\/p><p>Kasuta ESTO 3-osalist makseviisi e-poodides ja f\u00fc\u00fcsilistes kauplustes.<\/p><p>K\u00f5ik ESTO partnerpoed leiad ESTO Marketist: <a href=\"https:\/\/esto.eu\/ee\/esto-market\" rel=\"nofollow noopener\" target=\"_blank\">https:\/\/esto.eu\/ee\/esto-market<\/a><\/p>\t\t\t\t\t\t\t\t<\/div>\n\t\t\t\t<\/div>\n\t\t\t\t<div class=\"elementor-element elementor-element-30e2966 elementor-widget elementor-widget-image\" data-id=\"30e2966\" data-element_type=\"widget\" data-e-type=\"widget\" data-widget_type=\"image.default\">\n\t\t\t\t<div class=\"elementor-widget-container\">\n\t\t\t\t\t\t\t\t\t\t\t\t\t\t\t<img decoding=\"async\" width=\"1920\" height=\"348\" src=\"https:\/\/siluettpood.ee\/wp-content\/uploads\/2025\/07\/ESTO-3-1.png\" class=\"attachment-full size-full wp-image-8683\" alt=\"\" srcset=\"https:\/\/siluettpood.ee\/wp-content\/uploads\/2025\/07\/ESTO-3-1.png 1920w, https:\/\/siluettpood.ee\/wp-content\/uploads\/2025\/07\/ESTO-3-1-937x170.png 937w, https:\/\/siluettpood.ee\/wp-content\/uploads\/2025\/07\/ESTO-3-1-300x54.png 300w, https:\/\/siluettpood.ee\/wp-content\/uploads\/2025\/07\/ESTO-3-1-1024x186.png 1024w, https:\/\/siluettpood.ee\/wp-content\/uploads\/2025\/07\/ESTO-3-1-768x139.png 768w, https:\/\/siluettpood.ee\/wp-content\/uploads\/2025\/07\/ESTO-3-1-1536x278.png 1536w, https:\/\/siluettpood.ee\/wp-content\/uploads\/2025\/07\/ESTO-3-1-18x3.png 18w\" sizes=\"(max-width: 1920px) 100vw, 1920px\" \/>\t\t\t\t\t\t\t\t\t\t\t\t\t\t\t<\/div>\n\t\t\t\t<\/div>\n\t\t\t\t<div class=\"elementor-element elementor-element-6cf51ef elementor-widget elementor-widget-text-editor\" data-id=\"6cf51ef\" data-element_type=\"widget\" data-e-type=\"widget\" data-widget_type=\"text-editor.default\">\n\t\t\t\t<div class=\"elementor-widget-container\">\n\t\t\t\t\t\t\t\t\t<p><b>Kuidas see toimib?<\/b><\/p><p>Valides ESTO 3 makseviisiks saad jagada kogu makse 3-ks v\u00f5rdseks osaks 3 kuu peale ilma igasuguste tasudeta.<\/p><ol><li>Lisa vajalikud tooted ostukorvi.<\/li><li style=\"line-height: 24px;\">Vali kassas ESTO 3 makseviisiks.<\/li><li>Otsuse saad reaalajas.<\/li><li style=\"line-height: 24px;\">Positiivse otsuse korral kinnita ost.<\/li><li>ESTO saadab sulle sinu esimese arve j\u00e4rgmise kuu 15. kuup\u00e4eval.<\/li><\/ol><div><div>Finantsteenust pakub ESTO AS. Enne lepingu s\u00f5lmimist tutvu tingimustega ja vajaduse korral pea n\u00f5u asjatundjaga. Lisainfo www.esto.ee.<\/div><\/div><div>\u00a0<\/div>\t\t\t\t\t\t\t\t<\/div>\n\t\t\t\t<\/div>\n\t\t\t\t\t<\/div>\n\t\t\t\t<\/div>\n\t\t<div class=\"elementor-element elementor-element-e932550 e-flex e-con-boxed e-con e-parent\" data-id=\"e932550\" data-element_type=\"container\" data-e-type=\"container\" data-no-translation=\"\">\n\t\t\t\t\t<div class=\"e-con-inner\">\n\t\t\t\t<div class=\"elementor-element elementor-element-199579a elementor-widget elementor-widget-heading\" data-id=\"199579a\" data-element_type=\"widget\" data-e-type=\"widget\" data-widget_type=\"heading.default\">\n\t\t\t\t<div class=\"elementor-widget-container\">\n\t\t\t\t\t<h2 class=\"elementor-heading-title elementor-size-default\">Ole nutikas ja vali ostude eest tasumiseks ESTO maksa hiljem!<\/h2>\t\t\t\t<\/div>\n\t\t\t\t<\/div>\n\t\t\t\t<div class=\"elementor-element elementor-element-c646d86 elementor-widget elementor-widget-text-editor\" data-id=\"c646d86\" data-element_type=\"widget\" data-e-type=\"widget\" data-widget_type=\"text-editor.default\">\n\t\t\t\t<div class=\"elementor-widget-container\">\n\t\t\t\t\t\t\t\t\t<p>ESTO Maksa hiljem on uus viis ostude eest tasumiseks. Ostusumma j\u00e4\u00e4b sulle kasutada, maksma pead alles 30 p\u00e4eva jooksul. Saa t\u00e4pselt, mida vajad ilma intressi, lisatasu ja sissemakseta.<\/p><p>Kasuta ESTO maksa hiljem makseviisi e-poodides ja f\u00fc\u00fcsilistes kauplustes. K\u00f5ik ESTO partnerpoed leiad ESTO Market-ist: <a href=\"https:\/\/esto.eu\/ee\/esto-market\" rel=\"nofollow noopener\" target=\"_blank\">https:\/\/esto.eu\/ee\/esto-market<\/a><\/p>\t\t\t\t\t\t\t\t<\/div>\n\t\t\t\t<\/div>\n\t\t\t\t<div class=\"elementor-element elementor-element-f1bd655 elementor-widget elementor-widget-image\" data-id=\"f1bd655\" data-element_type=\"widget\" data-e-type=\"widget\" data-widget_type=\"image.default\">\n\t\t\t\t<div class=\"elementor-widget-container\">\n\t\t\t\t\t\t\t\t\t\t\t\t\t\t\t<img decoding=\"async\" width=\"1920\" height=\"348\" src=\"https:\/\/siluettpood.ee\/wp-content\/uploads\/2025\/07\/Pay-Later_ee.png\" class=\"attachment-full size-full wp-image-8684\" alt=\"\" srcset=\"https:\/\/siluettpood.ee\/wp-content\/uploads\/2025\/07\/Pay-Later_ee.png 1920w, https:\/\/siluettpood.ee\/wp-content\/uploads\/2025\/07\/Pay-Later_ee-937x170.png 937w, https:\/\/siluettpood.ee\/wp-content\/uploads\/2025\/07\/Pay-Later_ee-300x54.png 300w, https:\/\/siluettpood.ee\/wp-content\/uploads\/2025\/07\/Pay-Later_ee-1024x186.png 1024w, https:\/\/siluettpood.ee\/wp-content\/uploads\/2025\/07\/Pay-Later_ee-768x139.png 768w, https:\/\/siluettpood.ee\/wp-content\/uploads\/2025\/07\/Pay-Later_ee-1536x278.png 1536w, https:\/\/siluettpood.ee\/wp-content\/uploads\/2025\/07\/Pay-Later_ee-18x3.png 18w\" sizes=\"(max-width: 1920px) 100vw, 1920px\" \/>\t\t\t\t\t\t\t\t\t\t\t\t\t\t\t<\/div>\n\t\t\t\t<\/div>\n\t\t\t\t<div class=\"elementor-element elementor-element-1ca686e elementor-widget elementor-widget-text-editor\" data-id=\"1ca686e\" data-element_type=\"widget\" data-e-type=\"widget\" data-widget_type=\"text-editor.default\">\n\t\t\t\t<div class=\"elementor-widget-container\">\n\t\t\t\t\t\t\t\t\t<p><b>Kuidas see toimib?<\/b><\/p><p>Valides ESTO Maksa hiljem makseviisiks, kinnitatakse tellimus viivitamatult, kuid kohe maksma ei pea, sest makset\u00e4htaeg on 30 p\u00e4eva p\u00e4rast.<\/p><ol><li>Lisa vajalikud tooted ostukorvi.<\/li><li style=\"line-height: 24px;\">Vali kassas ESTO maksa hiljem makseviisiks.<\/li><li>Otsuse saad reaalajas.<\/li><li style=\"line-height: 24px;\">Positiivse otsuse korral kinnita ost.<\/li><li>ESTO saadab sulle arve, mis tuleb tasuda t\u00e4issummas 30 p\u00e4eva jooksul.<\/li><\/ol><div><div>Finantsteenust pakub ESTO AS. Enne lepingu s\u00f5lmimist tutvu tingimustega ja vajaduse korral pea n\u00f5u asjatundjaga. Lisainfo www.esto.ee.<\/div><\/div><div>\u00a0<\/div><div><div><b>MIS ON ESTO?<\/b><\/div><div><b>\u00a0<\/b><\/div><div>ESTO on eelistatuim makselahenduste pakkuja Baltikumis, muutes kaupmeeste m\u00fc\u00fcgi- ja tarbijate ostukogemuse revolutsiooniliselt lihtsaks ning sujuvaks. ESTO\u2019l on \u00fcle Baltikumi pea 500 000 aktiivset klienti ning \u00fcle 3000 partnerpoe. ESTO missioon on aidata partneritel m\u00fc\u00fca ja klientidel osta.<\/div><div>\u00a0<\/div><div>Kui vajad abi, v\u00f5ta \u00fchendust ESTO AS t\u00f6\u00f6tajaga info@esto.ee v\u00f5i k\u00fclasta <a href=\"https:\/\/esto.eu\/ee\/kliendile-klienditugi\" rel=\"nofollow noopener\" target=\"_blank\">https:\/\/esto.eu\/ee\/kliendile-klienditugi<\/a><\/div><\/div>\t\t\t\t\t\t\t\t<\/div>\n\t\t\t\t<\/div>\n\t\t\t\t\t<\/div>\n\t\t\t\t<\/div>\n\t\t\t\t<\/div>","protected":false},"excerpt":{"rendered":"<p>ESTO j\u00e4relmaks \u2013 ei soovi maksta kogu summat korraga? Maksa osamaksete kaupa! ESTO j\u00e4relmaks on&hellip;<\/p>","protected":false},"author":1,"featured_media":0,"parent":0,"menu_order":0,"comment_status":"closed","ping_status":"closed","template":"","meta":{"footnotes":""},"class_list":["post-8677","page","type-page","status-publish","hentry"],"_links":{"self":[{"href":"https:\/\/siluettpood.ee\/et\/wp-json\/wp\/v2\/pages\/8677","targetHints":{"allow":["GET"]}}],"collection":[{"href":"https:\/\/siluettpood.ee\/et\/wp-json\/wp\/v2\/pages"}],"about":[{"href":"https:\/\/siluettpood.ee\/et\/wp-json\/wp\/v2\/types\/page"}],"author":[{"embeddable":true,"href":"https:\/\/siluettpood.ee\/et\/wp-json\/wp\/v2\/users\/1"}],"replies":[{"embeddable":true,"href":"https:\/\/siluettpood.ee\/et\/wp-json\/wp\/v2\/comments?post=8677"}],"version-history":[{"count":5,"href":"https:\/\/siluettpood.ee\/et\/wp-json\/wp\/v2\/pages\/8677\/revisions"}],"predecessor-version":[{"id":8696,"href":"https:\/\/siluettpood.ee\/et\/wp-json\/wp\/v2\/pages\/8677\/revisions\/8696"}],"wp:attachment":[{"href":"https:\/\/siluettpood.ee\/et\/wp-json\/wp\/v2\/media?parent=8677"}],"curies":[{"name":"wp","href":"https:\/\/api.w.org\/{rel}","templated":true}]}}