{"id":10033,"date":"2025-12-16T21:10:56","date_gmt":"2025-12-16T19:10:56","guid":{"rendered":"https:\/\/siluettpood.ee\/?post_type=product&#038;p=10033"},"modified":"2025-12-16T21:10:56","modified_gmt":"2025-12-16T19:10:56","slug":"alpakavillased-sokid-hall","status":"publish","type":"product","link":"https:\/\/siluettpood.ee\/et\/alpakavillased-sokid-hall\/","title":{"rendered":"Alpakavillased sokid &#8211; Hall"},"content":{"rendered":"<p>\u00dclimalt pehmed ja m\u00f5nusad kootud alpakavillased sokid. \u00dcks \u00f5ige m\u00f5nus villane sokk aitab h\u00e4dast v\u00e4lja nii kargel talvel kui jahedal s\u00fcgis\u00f5htul, kodus rullimiseks v\u00f5i v\u00e4ljas\u00f5idule minnes.<\/p>\n<p><strong>Materjal:<\/strong>\u00a075% alpakavill, 25% pol\u00fcamiid<\/p>","protected":false},"excerpt":{"rendered":"<p>\u00c4RNI BLUM<\/p>","protected":false},"featured_media":10034,"template":"","meta":[],"product_brand":[],"product_cat":[77,30,57],"product_tag":[],"giftcard-category":[],"class_list":{"0":"post-10033","1":"product","2":"type-product","3":"status-publish","4":"has-post-thumbnail","6":"product_cat-arni-blum-4","7":"product_cat-accessories","8":"product_cat-footwear-accessories","10":"first","11":"instock","12":"shipping-taxable","13":"purchasable","14":"product-type-variable","15":"layout-style-6","16":"col-md-4 col-sm-4 col-xs-6","17":"col-lg-3","18":"product-style-default"},"gallery_images":[],"_links":{"self":[{"href":"https:\/\/siluettpood.ee\/et\/wp-json\/wp\/v2\/product\/10033","targetHints":{"allow":["GET"]}}],"collection":[{"href":"https:\/\/siluettpood.ee\/et\/wp-json\/wp\/v2\/product"}],"about":[{"href":"https:\/\/siluettpood.ee\/et\/wp-json\/wp\/v2\/types\/product"}],"version-history":[{"count":1,"href":"https:\/\/siluettpood.ee\/et\/wp-json\/wp\/v2\/product\/10033\/revisions"}],"predecessor-version":[{"id":10036,"href":"https:\/\/siluettpood.ee\/et\/wp-json\/wp\/v2\/product\/10033\/revisions\/10036"}],"wp:featuredmedia":[{"embeddable":true,"href":"https:\/\/siluettpood.ee\/et\/wp-json\/wp\/v2\/media\/10034"}],"wp:attachment":[{"href":"https:\/\/siluettpood.ee\/et\/wp-json\/wp\/v2\/media?parent=10033"}],"wp:term":[{"taxonomy":"product_brand","embeddable":true,"href":"https:\/\/siluettpood.ee\/et\/wp-json\/wp\/v2\/product_brand?post=10033"},{"taxonomy":"product_cat","embeddable":true,"href":"https:\/\/siluettpood.ee\/et\/wp-json\/wp\/v2\/product_cat?post=10033"},{"taxonomy":"product_tag","embeddable":true,"href":"https:\/\/siluettpood.ee\/et\/wp-json\/wp\/v2\/product_tag?post=10033"},{"taxonomy":"giftcard-category","embeddable":true,"href":"https:\/\/siluettpood.ee\/et\/wp-json\/wp\/v2\/giftcard-category?post=10033"}],"curies":[{"name":"wp","href":"https:\/\/api.w.org\/{rel}","templated":true}]}}