{"id":10097,"date":"2025-12-25T21:09:37","date_gmt":"2025-12-25T19:09:37","guid":{"rendered":"https:\/\/siluettpood.ee\/?post_type=product&#038;p=10097"},"modified":"2025-12-25T21:09:37","modified_gmt":"2025-12-25T19:09:37","slug":"wheel-top-2","status":"publish","type":"product","link":"https:\/\/siluettpood.ee\/et\/wheel-top-2\/","title":{"rendered":"Rada topp"},"content":{"rendered":"<p>Meie tekstuurne ja efektne Rada kootud topp lausa kutsub katsuma. M\u00f5nus, mugav koodud pluus on m\u00f5eldud igaks elujuhtumiks. Sobita siidseeliku v\u00f5i lohvaka teksaga - t\u00e4helepanu ja komplimendid on garanteeritud.<\/p>\n<p>Disainitud ja k\u00e4sitsi kootud Eestis, Saaremaal.<\/p>\n<p class=\"translation-block\">Materjal: l\u00f5ng 1: 100% orgaaniline puuvill; l\u00f5ng 2: spandex<\/p>","protected":false},"excerpt":{"rendered":"<p>\u00c4RNI BLUM<\/p>","protected":false},"featured_media":10098,"template":"","meta":[],"product_brand":[],"product_cat":[59,77,78,102,42],"product_tag":[],"giftcard-category":[],"class_list":{"0":"post-10097","1":"product","2":"type-product","3":"status-publish","4":"has-post-thumbnail","6":"product_cat-clothing","7":"product_cat-arni-blum-4","8":"product_cat-knitwear","9":"product_cat-shirts","10":"product_cat-women","12":"first","13":"instock","14":"shipping-taxable","15":"purchasable","16":"product-type-variable","17":"layout-style-6","18":"col-md-4 col-sm-4 col-xs-6","19":"col-lg-3","20":"product-has-gallery","21":"product-style-default"},"gallery_images":[10099],"_links":{"self":[{"href":"https:\/\/siluettpood.ee\/et\/wp-json\/wp\/v2\/product\/10097","targetHints":{"allow":["GET"]}}],"collection":[{"href":"https:\/\/siluettpood.ee\/et\/wp-json\/wp\/v2\/product"}],"about":[{"href":"https:\/\/siluettpood.ee\/et\/wp-json\/wp\/v2\/types\/product"}],"version-history":[{"count":1,"href":"https:\/\/siluettpood.ee\/et\/wp-json\/wp\/v2\/product\/10097\/revisions"}],"predecessor-version":[{"id":10101,"href":"https:\/\/siluettpood.ee\/et\/wp-json\/wp\/v2\/product\/10097\/revisions\/10101"}],"wp:featuredmedia":[{"embeddable":true,"href":"https:\/\/siluettpood.ee\/et\/wp-json\/wp\/v2\/media\/10098"}],"wp:attachment":[{"href":"https:\/\/siluettpood.ee\/et\/wp-json\/wp\/v2\/media?parent=10097"}],"wp:term":[{"taxonomy":"product_brand","embeddable":true,"href":"https:\/\/siluettpood.ee\/et\/wp-json\/wp\/v2\/product_brand?post=10097"},{"taxonomy":"product_cat","embeddable":true,"href":"https:\/\/siluettpood.ee\/et\/wp-json\/wp\/v2\/product_cat?post=10097"},{"taxonomy":"product_tag","embeddable":true,"href":"https:\/\/siluettpood.ee\/et\/wp-json\/wp\/v2\/product_tag?post=10097"},{"taxonomy":"giftcard-category","embeddable":true,"href":"https:\/\/siluettpood.ee\/et\/wp-json\/wp\/v2\/giftcard-category?post=10097"}],"curies":[{"name":"wp","href":"https:\/\/api.w.org\/{rel}","templated":true}]}}