{"id":10150,"date":"2026-01-30T12:41:30","date_gmt":"2026-01-30T10:41:30","guid":{"rendered":"https:\/\/siluettpood.ee\/?post_type=product&#038;p=10150"},"modified":"2026-01-30T12:41:30","modified_gmt":"2026-01-30T10:41:30","slug":"vest-doris","status":"publish","type":"product","link":"https:\/\/siluettpood.ee\/et\/vest-doris\/","title":{"rendered":"Vest Doris"},"content":{"rendered":"<p>Doris on luksuslik lisakiht, mida lisada oma outfitile jahedamatel p\u00e4evadel. Hall ka\u0161miirvillane materjal hoiab sooja, v\u00e4rvilise mustriga vooder lisab m\u00e4ngulisust ja tasakaalustab \u00fcksluist halli. Lai krae, puhvis \u00f5lajoon ja puhas sirge l\u00f5ige loovad modernse, kuid samas klassikalise silueti, mis sobib nii seelikute, tuunikate kui p\u00fckstega.<\/p>\n<p>Modell on 183 cm pikk ja kannab suurust M<\/p>","protected":false},"excerpt":{"rendered":"<p>GINA RI<\/p>","protected":false},"featured_media":10151,"template":"","meta":[],"product_brand":[],"product_cat":[59,113,139,42],"product_tag":[],"giftcard-category":[],"class_list":{"0":"post-10150","1":"product","2":"type-product","3":"status-publish","4":"has-post-thumbnail","6":"product_cat-clothing","7":"product_cat-gina-ri-2","8":"product_cat-vests","9":"product_cat-women","11":"first","12":"instock","13":"shipping-taxable","14":"purchasable","15":"product-type-variable","16":"layout-style-6","17":"col-md-4 col-sm-4 col-xs-6","18":"col-lg-3","19":"product-has-gallery","20":"product-style-default"},"gallery_images":[10152,10153],"_links":{"self":[{"href":"https:\/\/siluettpood.ee\/et\/wp-json\/wp\/v2\/product\/10150","targetHints":{"allow":["GET"]}}],"collection":[{"href":"https:\/\/siluettpood.ee\/et\/wp-json\/wp\/v2\/product"}],"about":[{"href":"https:\/\/siluettpood.ee\/et\/wp-json\/wp\/v2\/types\/product"}],"version-history":[{"count":2,"href":"https:\/\/siluettpood.ee\/et\/wp-json\/wp\/v2\/product\/10150\/revisions"}],"predecessor-version":[{"id":10157,"href":"https:\/\/siluettpood.ee\/et\/wp-json\/wp\/v2\/product\/10150\/revisions\/10157"}],"wp:featuredmedia":[{"embeddable":true,"href":"https:\/\/siluettpood.ee\/et\/wp-json\/wp\/v2\/media\/10151"}],"wp:attachment":[{"href":"https:\/\/siluettpood.ee\/et\/wp-json\/wp\/v2\/media?parent=10150"}],"wp:term":[{"taxonomy":"product_brand","embeddable":true,"href":"https:\/\/siluettpood.ee\/et\/wp-json\/wp\/v2\/product_brand?post=10150"},{"taxonomy":"product_cat","embeddable":true,"href":"https:\/\/siluettpood.ee\/et\/wp-json\/wp\/v2\/product_cat?post=10150"},{"taxonomy":"product_tag","embeddable":true,"href":"https:\/\/siluettpood.ee\/et\/wp-json\/wp\/v2\/product_tag?post=10150"},{"taxonomy":"giftcard-category","embeddable":true,"href":"https:\/\/siluettpood.ee\/et\/wp-json\/wp\/v2\/giftcard-category?post=10150"}],"curies":[{"name":"wp","href":"https:\/\/api.w.org\/{rel}","templated":true}]}}