{"id":10156,"date":"2026-01-30T12:53:03","date_gmt":"2026-01-30T10:53:03","guid":{"rendered":"https:\/\/siluettpood.ee\/?post_type=product&#038;p=10156"},"modified":"2026-01-30T12:53:03","modified_gmt":"2026-01-30T10:53:03","slug":"topp-marie","status":"publish","type":"product","link":"https:\/\/siluettpood.ee\/et\/topp-marie\/","title":{"rendered":"Topp Marie"},"content":{"rendered":"<p>Topp Marie on kerge ja naiseliku joonega t\u00f5eline klassik, sobides eelk\u00f5ige pidulikumatesse komplektidesse aga siiski kantav ka igap\u00e4evaselt. Vabalt langev l\u00f5ige ja \u00f5rnalt l\u00e4ikiv materjal loovad \u00f5hulise ja elegantse \u00fcldmulje. Marie on ideaalne valik nii seeliku, p\u00fckste kui ka l\u00fchikeste p\u00fckstega kombineerimiseks. T\u00e4nu lihtsale, kuid l\u00e4bim\u00f5eldud disainile t\u00f6\u00f6tab see topp h\u00e4sti ka kihiti kandes, lisades komplektile pehme ja puhta joone. Topil on all \u00e4\u00e4rees \u00a0kumm, \u00a0sellel on k\u00f5rge krae ning seljal kinnituseks kaks ilusat n\u00f6\u00f6pi.<\/p>\n<p>Modell on 183 cm pikk ja kannab suurust S<\/p>","protected":false},"excerpt":{"rendered":"<p>GINA RI<\/p>","protected":false},"featured_media":10159,"template":"","meta":[],"product_brand":[],"product_cat":[59,113,139,42],"product_tag":[],"giftcard-category":[],"class_list":{"0":"post-10156","1":"product","2":"type-product","3":"status-publish","4":"has-post-thumbnail","6":"product_cat-clothing","7":"product_cat-gina-ri-2","8":"product_cat-vests","9":"product_cat-women","11":"first","12":"instock","13":"shipping-taxable","14":"purchasable","15":"product-type-variable","16":"layout-style-6","17":"col-md-4 col-sm-4 col-xs-6","18":"col-lg-3","19":"product-has-gallery","20":"product-style-default"},"gallery_images":[10160],"_links":{"self":[{"href":"https:\/\/siluettpood.ee\/et\/wp-json\/wp\/v2\/product\/10156","targetHints":{"allow":["GET"]}}],"collection":[{"href":"https:\/\/siluettpood.ee\/et\/wp-json\/wp\/v2\/product"}],"about":[{"href":"https:\/\/siluettpood.ee\/et\/wp-json\/wp\/v2\/types\/product"}],"version-history":[{"count":1,"href":"https:\/\/siluettpood.ee\/et\/wp-json\/wp\/v2\/product\/10156\/revisions"}],"predecessor-version":[{"id":10161,"href":"https:\/\/siluettpood.ee\/et\/wp-json\/wp\/v2\/product\/10156\/revisions\/10161"}],"wp:featuredmedia":[{"embeddable":true,"href":"https:\/\/siluettpood.ee\/et\/wp-json\/wp\/v2\/media\/10159"}],"wp:attachment":[{"href":"https:\/\/siluettpood.ee\/et\/wp-json\/wp\/v2\/media?parent=10156"}],"wp:term":[{"taxonomy":"product_brand","embeddable":true,"href":"https:\/\/siluettpood.ee\/et\/wp-json\/wp\/v2\/product_brand?post=10156"},{"taxonomy":"product_cat","embeddable":true,"href":"https:\/\/siluettpood.ee\/et\/wp-json\/wp\/v2\/product_cat?post=10156"},{"taxonomy":"product_tag","embeddable":true,"href":"https:\/\/siluettpood.ee\/et\/wp-json\/wp\/v2\/product_tag?post=10156"},{"taxonomy":"giftcard-category","embeddable":true,"href":"https:\/\/siluettpood.ee\/et\/wp-json\/wp\/v2\/giftcard-category?post=10156"}],"curies":[{"name":"wp","href":"https:\/\/api.w.org\/{rel}","templated":true}]}}