{"id":10163,"date":"2026-01-30T16:04:34","date_gmt":"2026-01-30T14:04:34","guid":{"rendered":"https:\/\/siluettpood.ee\/?post_type=product&#038;p=10163"},"modified":"2026-01-30T16:04:34","modified_gmt":"2026-01-30T14:04:34","slug":"topp-iris","status":"publish","type":"product","link":"https:\/\/siluettpood.ee\/et\/topp-iris\/","title":{"rendered":"Topp Iris"},"content":{"rendered":"<p>Iris on avara ja veidi oversize l\u00f5ikega topp, mis \u00fchendab endas minimalistliku ja kaasaegse disaini. Topil on l\u00fchikesed varrukad, k\u00f5rgem krae ning k\u00fclgedel v\u00e4ikesed l\u00f5hikud. Seljal on voldid, mis lisavad avarust ning peitelukk, mis tagab mugavuse riietumisel. Iris on mitmek\u00fclgne ja ajatu valik, mis sobib erinevateks puhkudeks. Must kauni s\u00e4deluse ning karvaimitatsiooniga kangas loob kihilise ja huvitava efekti, mis teeb topist pilkup\u00fc\u00fcdva keskpunkti iga outfiti juures.<\/p>\n<p>Modell on 179 cm pikk ja kannab suurust S<\/p>","protected":false},"excerpt":{"rendered":"<p>GINA RI<\/p>","protected":false},"featured_media":10164,"template":"","meta":[],"product_brand":[],"product_cat":[59,113,102,42],"product_tag":[],"giftcard-category":[],"class_list":{"0":"post-10163","1":"product","2":"type-product","3":"status-publish","4":"has-post-thumbnail","6":"product_cat-clothing","7":"product_cat-gina-ri-2","8":"product_cat-shirts","9":"product_cat-women","11":"first","12":"instock","13":"shipping-taxable","14":"purchasable","15":"product-type-variable","16":"layout-style-6","17":"col-md-4 col-sm-4 col-xs-6","18":"col-lg-3","19":"product-has-gallery","20":"product-style-default"},"gallery_images":[10165],"_links":{"self":[{"href":"https:\/\/siluettpood.ee\/et\/wp-json\/wp\/v2\/product\/10163","targetHints":{"allow":["GET"]}}],"collection":[{"href":"https:\/\/siluettpood.ee\/et\/wp-json\/wp\/v2\/product"}],"about":[{"href":"https:\/\/siluettpood.ee\/et\/wp-json\/wp\/v2\/types\/product"}],"version-history":[{"count":1,"href":"https:\/\/siluettpood.ee\/et\/wp-json\/wp\/v2\/product\/10163\/revisions"}],"predecessor-version":[{"id":10167,"href":"https:\/\/siluettpood.ee\/et\/wp-json\/wp\/v2\/product\/10163\/revisions\/10167"}],"wp:featuredmedia":[{"embeddable":true,"href":"https:\/\/siluettpood.ee\/et\/wp-json\/wp\/v2\/media\/10164"}],"wp:attachment":[{"href":"https:\/\/siluettpood.ee\/et\/wp-json\/wp\/v2\/media?parent=10163"}],"wp:term":[{"taxonomy":"product_brand","embeddable":true,"href":"https:\/\/siluettpood.ee\/et\/wp-json\/wp\/v2\/product_brand?post=10163"},{"taxonomy":"product_cat","embeddable":true,"href":"https:\/\/siluettpood.ee\/et\/wp-json\/wp\/v2\/product_cat?post=10163"},{"taxonomy":"product_tag","embeddable":true,"href":"https:\/\/siluettpood.ee\/et\/wp-json\/wp\/v2\/product_tag?post=10163"},{"taxonomy":"giftcard-category","embeddable":true,"href":"https:\/\/siluettpood.ee\/et\/wp-json\/wp\/v2\/giftcard-category?post=10163"}],"curies":[{"name":"wp","href":"https:\/\/api.w.org\/{rel}","templated":true}]}}