{"id":10168,"date":"2026-01-30T16:27:19","date_gmt":"2026-01-30T14:27:19","guid":{"rendered":"https:\/\/siluettpood.ee\/?post_type=product&#038;p=10168"},"modified":"2026-01-30T16:27:19","modified_gmt":"2026-01-30T14:27:19","slug":"seelik-carrie","status":"publish","type":"product","link":"https:\/\/siluettpood.ee\/et\/seelik-carrie\/","title":{"rendered":"Seelik Carrie"},"content":{"rendered":"<p>Seelik Carrie on kindlasti julge ent samas siiski ajatu valik,<span class=\"Apple-converted-space\" contenteditable=\"false\">\u00a0\u00a0<\/span>mis lisab igale riietusele annuse isikup\u00e4ra. Karvaimitatsiooniga kangas loob kihilise ja huvitava efekti, mis teeb seelikust pilkup\u00fc\u00fcdva keskpunkti. Seeliku \u00fclemises \u00e4\u00e4res on lai pehme kummiriba mis v\u00f5imaldab seda kanda nii erinevas pikkuses seeliku kui ka l\u00fchikese kleidina pakkudes l\u00f5putuid kombinatsiooniv\u00f5imalusi erinevate jalan\u00f5ude, toppide, jakkide ja aksessuaaridega. Pildil on seelikut stiliseeritud koos May tuunikaga.<\/p>\n<p>&nbsp;<\/p>\n<p>Modell on 183 cm pikk ja kannab suurust S\/M<\/p>","protected":false},"excerpt":{"rendered":"<p>GINA RI<\/p>","protected":false},"featured_media":10169,"template":"","meta":[],"product_brand":[],"product_cat":[59,113,63,42],"product_tag":[],"giftcard-category":[],"class_list":{"0":"post-10168","1":"product","2":"type-product","3":"status-publish","4":"has-post-thumbnail","6":"product_cat-clothing","7":"product_cat-gina-ri-2","8":"product_cat-skirts","9":"product_cat-women","11":"first","12":"instock","13":"shipping-taxable","14":"purchasable","15":"product-type-variable","16":"layout-style-6","17":"col-md-4 col-sm-4 col-xs-6","18":"col-lg-3","19":"product-style-default"},"gallery_images":[],"_links":{"self":[{"href":"https:\/\/siluettpood.ee\/et\/wp-json\/wp\/v2\/product\/10168","targetHints":{"allow":["GET"]}}],"collection":[{"href":"https:\/\/siluettpood.ee\/et\/wp-json\/wp\/v2\/product"}],"about":[{"href":"https:\/\/siluettpood.ee\/et\/wp-json\/wp\/v2\/types\/product"}],"version-history":[{"count":1,"href":"https:\/\/siluettpood.ee\/et\/wp-json\/wp\/v2\/product\/10168\/revisions"}],"predecessor-version":[{"id":10171,"href":"https:\/\/siluettpood.ee\/et\/wp-json\/wp\/v2\/product\/10168\/revisions\/10171"}],"wp:featuredmedia":[{"embeddable":true,"href":"https:\/\/siluettpood.ee\/et\/wp-json\/wp\/v2\/media\/10169"}],"wp:attachment":[{"href":"https:\/\/siluettpood.ee\/et\/wp-json\/wp\/v2\/media?parent=10168"}],"wp:term":[{"taxonomy":"product_brand","embeddable":true,"href":"https:\/\/siluettpood.ee\/et\/wp-json\/wp\/v2\/product_brand?post=10168"},{"taxonomy":"product_cat","embeddable":true,"href":"https:\/\/siluettpood.ee\/et\/wp-json\/wp\/v2\/product_cat?post=10168"},{"taxonomy":"product_tag","embeddable":true,"href":"https:\/\/siluettpood.ee\/et\/wp-json\/wp\/v2\/product_tag?post=10168"},{"taxonomy":"giftcard-category","embeddable":true,"href":"https:\/\/siluettpood.ee\/et\/wp-json\/wp\/v2\/giftcard-category?post=10168"}],"curies":[{"name":"wp","href":"https:\/\/api.w.org\/{rel}","templated":true}]}}