{"id":10192,"date":"2026-01-30T17:35:30","date_gmt":"2026-01-30T15:35:30","guid":{"rendered":"https:\/\/siluettpood.ee\/?post_type=product&#038;p=10192"},"modified":"2026-01-30T17:35:31","modified_gmt":"2026-01-30T15:35:31","slug":"puksid-lena","status":"publish","type":"product","link":"https:\/\/siluettpood.ee\/et\/puksid-lena\/","title":{"rendered":"P\u00fcksid Lena"},"content":{"rendered":"<p>Lena p\u00fcksid on sirge l\u00f5ike, selge joone ja minimalistliku viimistlusega p\u00fcksid, mis toovad esile kanga struktuuri ja detailse mustri. Struktuure pidulik kangas annab p\u00fckstele v\u00e4ljapeetud ilme, samas kui l\u00f5ige j\u00e4\u00e4b mugavaks ja igap\u00e4evaselt kantavaks. Kangas on k\u00fcll kerge, aga m\u00f5\u00f5dukalt j\u00e4ik, hoiab vormi ning ei kortsu ega veni v\u00e4lja, mist\u00f5ttu p\u00fcksid p\u00fcsivad terve pika p\u00e4eva jooksul korrektsed. Materjalil on tagasihoidlik kuldne helk, mis lisab p\u00fckstele piduliku n\u00fcansi. Klassikaline v\u00e4rvel ja viimistlus teevad Lena p\u00fcksid h\u00e4sti kombineeritavaks nii elegantsete toppide kui ka struktuursemate jakkidega, luues modernse ja viimistletud koosluse. Eriti sobivad Lena p\u00fcksid meie Marie topi ning Tessa jakiga.<\/p>\n<p>Modell on 183 cm pikk ja kannab suurust S<\/p>","protected":false},"excerpt":{"rendered":"<p>GINA RI<\/p>","protected":false},"featured_media":10193,"template":"","meta":[],"product_brand":[],"product_cat":[59,113,64,42],"product_tag":[],"giftcard-category":[],"class_list":{"0":"post-10192","1":"product","2":"type-product","3":"status-publish","4":"has-post-thumbnail","6":"product_cat-clothing","7":"product_cat-gina-ri-2","8":"product_cat-pants","9":"product_cat-women","11":"first","12":"instock","13":"shipping-taxable","14":"purchasable","15":"product-type-variable","16":"layout-style-6","17":"col-md-4 col-sm-4 col-xs-6","18":"col-lg-3","19":"product-has-gallery","20":"product-style-default"},"gallery_images":[10194],"_links":{"self":[{"href":"https:\/\/siluettpood.ee\/et\/wp-json\/wp\/v2\/product\/10192","targetHints":{"allow":["GET"]}}],"collection":[{"href":"https:\/\/siluettpood.ee\/et\/wp-json\/wp\/v2\/product"}],"about":[{"href":"https:\/\/siluettpood.ee\/et\/wp-json\/wp\/v2\/types\/product"}],"version-history":[{"count":2,"href":"https:\/\/siluettpood.ee\/et\/wp-json\/wp\/v2\/product\/10192\/revisions"}],"predecessor-version":[{"id":10197,"href":"https:\/\/siluettpood.ee\/et\/wp-json\/wp\/v2\/product\/10192\/revisions\/10197"}],"wp:featuredmedia":[{"embeddable":true,"href":"https:\/\/siluettpood.ee\/et\/wp-json\/wp\/v2\/media\/10193"}],"wp:attachment":[{"href":"https:\/\/siluettpood.ee\/et\/wp-json\/wp\/v2\/media?parent=10192"}],"wp:term":[{"taxonomy":"product_brand","embeddable":true,"href":"https:\/\/siluettpood.ee\/et\/wp-json\/wp\/v2\/product_brand?post=10192"},{"taxonomy":"product_cat","embeddable":true,"href":"https:\/\/siluettpood.ee\/et\/wp-json\/wp\/v2\/product_cat?post=10192"},{"taxonomy":"product_tag","embeddable":true,"href":"https:\/\/siluettpood.ee\/et\/wp-json\/wp\/v2\/product_tag?post=10192"},{"taxonomy":"giftcard-category","embeddable":true,"href":"https:\/\/siluettpood.ee\/et\/wp-json\/wp\/v2\/giftcard-category?post=10192"}],"curies":[{"name":"wp","href":"https:\/\/api.w.org\/{rel}","templated":true}]}}