{"id":10223,"date":"2026-02-03T07:37:08","date_gmt":"2026-02-03T05:37:08","guid":{"rendered":"https:\/\/siluettpood.ee\/?post_type=product&#038;p=10223"},"modified":"2026-02-03T07:37:08","modified_gmt":"2026-02-03T05:37:08","slug":"bomber-sandy","status":"publish","type":"product","link":"https:\/\/siluettpood.ee\/et\/bomber-sandy\/","title":{"rendered":"Bomber Sandy"},"content":{"rendered":"<p>Sandy on mustast tekstuursest efektkangast bomber, millel on l\u00fchike l\u00f5ige, avarad varrukad, metallis lukk ja praktilised taskud. Varrukate otstes, samuti bomberi alumises \u00e4\u00e4res on pehme soonik. Bomberit saab edukalt kanda kevad-s\u00fcgisel \u00fcleriidena, aga aastal\u00e4bi ka pintsaku v\u00f5i kimono asemel kontoris ja kontserdil. Bomberil, nagu ka meie kimonotel, on efektne ja pilkup\u00fc\u00fcdev vooder.<\/p>\n<p>&nbsp;<\/p>\n<p>Modell on 179 cm pikk ja kannab suurust M<\/p>\n<p>Pesu ja hooldus: Ainult kuivpuhastus<\/p>","protected":false},"excerpt":{"rendered":"<p>GINA RI<\/p>","protected":false},"featured_media":10224,"template":"","meta":[],"product_brand":[],"product_cat":[59,113,61,42],"product_tag":[],"giftcard-category":[],"class_list":{"0":"post-10223","1":"product","2":"type-product","3":"status-publish","4":"has-post-thumbnail","6":"product_cat-clothing","7":"product_cat-gina-ri-2","8":"product_cat-jackets","9":"product_cat-women","11":"first","12":"instock","13":"shipping-taxable","14":"purchasable","15":"product-type-variable","16":"layout-style-6","17":"col-md-4 col-sm-4 col-xs-6","18":"col-lg-3","19":"product-has-gallery","20":"product-style-default"},"gallery_images":[10225],"_links":{"self":[{"href":"https:\/\/siluettpood.ee\/et\/wp-json\/wp\/v2\/product\/10223","targetHints":{"allow":["GET"]}}],"collection":[{"href":"https:\/\/siluettpood.ee\/et\/wp-json\/wp\/v2\/product"}],"about":[{"href":"https:\/\/siluettpood.ee\/et\/wp-json\/wp\/v2\/types\/product"}],"version-history":[{"count":1,"href":"https:\/\/siluettpood.ee\/et\/wp-json\/wp\/v2\/product\/10223\/revisions"}],"predecessor-version":[{"id":10227,"href":"https:\/\/siluettpood.ee\/et\/wp-json\/wp\/v2\/product\/10223\/revisions\/10227"}],"wp:featuredmedia":[{"embeddable":true,"href":"https:\/\/siluettpood.ee\/et\/wp-json\/wp\/v2\/media\/10224"}],"wp:attachment":[{"href":"https:\/\/siluettpood.ee\/et\/wp-json\/wp\/v2\/media?parent=10223"}],"wp:term":[{"taxonomy":"product_brand","embeddable":true,"href":"https:\/\/siluettpood.ee\/et\/wp-json\/wp\/v2\/product_brand?post=10223"},{"taxonomy":"product_cat","embeddable":true,"href":"https:\/\/siluettpood.ee\/et\/wp-json\/wp\/v2\/product_cat?post=10223"},{"taxonomy":"product_tag","embeddable":true,"href":"https:\/\/siluettpood.ee\/et\/wp-json\/wp\/v2\/product_tag?post=10223"},{"taxonomy":"giftcard-category","embeddable":true,"href":"https:\/\/siluettpood.ee\/et\/wp-json\/wp\/v2\/giftcard-category?post=10223"}],"curies":[{"name":"wp","href":"https:\/\/api.w.org\/{rel}","templated":true}]}}