{"id":10228,"date":"2026-02-03T07:39:01","date_gmt":"2026-02-03T05:39:01","guid":{"rendered":"https:\/\/siluettpood.ee\/?post_type=product&#038;p=10228"},"modified":"2026-02-03T07:39:01","modified_gmt":"2026-02-03T05:39:01","slug":"topp-hipe","status":"publish","type":"product","link":"https:\/\/siluettpood.ee\/et\/topp-hipe\/","title":{"rendered":"Topp Hipe"},"content":{"rendered":"<p>Topp Hipe on suvine versioon meie pikavarrukalisest Helena topist \u2013 sama pehme ja h\u00e4sti langev samet, kuid l\u00fchemas ja \u00f5hulisemas vormis. S\u00fcgav v-kaelus nii ees kui ka taga loob topile naiseliku ja veidi m\u00e4ngulise ilme. Hipe sobib suurep\u00e4raselt kandmiseks erinevate p\u00fckste ja seelikutega. Eriti h\u00e4sti t\u00f6\u00f6tab see komplektina Pippa sametp\u00fckstega, moodustades mugava kuid v\u00e4ljapeetud suvise duo.<\/p>\n<p>Modell on 179 cm pikk ja kannab suurust S<br \/>\nPesu ja hooldus: \u00d5rn pesu madalal temperatuuril. Pese, kuivata ja triigi pahempidi p\u00f6\u00f6ratuna. Tsentrifuug madalatel p\u00f6\u00f6retel. Trummelkuivatus ei ole lubatud.<\/p>","protected":false},"excerpt":{"rendered":"<p>GINA RI<\/p>","protected":false},"featured_media":10229,"template":"","meta":[],"product_brand":[],"product_cat":[59,113,102,42],"product_tag":[],"giftcard-category":[],"class_list":{"0":"post-10228","1":"product","2":"type-product","3":"status-publish","4":"has-post-thumbnail","6":"product_cat-clothing","7":"product_cat-gina-ri-2","8":"product_cat-shirts","9":"product_cat-women","11":"first","12":"instock","13":"shipping-taxable","14":"purchasable","15":"product-type-variable","16":"layout-style-6","17":"col-md-4 col-sm-4 col-xs-6","18":"col-lg-3","19":"product-has-gallery","20":"product-style-default"},"gallery_images":[10230],"_links":{"self":[{"href":"https:\/\/siluettpood.ee\/et\/wp-json\/wp\/v2\/product\/10228","targetHints":{"allow":["GET"]}}],"collection":[{"href":"https:\/\/siluettpood.ee\/et\/wp-json\/wp\/v2\/product"}],"about":[{"href":"https:\/\/siluettpood.ee\/et\/wp-json\/wp\/v2\/types\/product"}],"version-history":[{"count":1,"href":"https:\/\/siluettpood.ee\/et\/wp-json\/wp\/v2\/product\/10228\/revisions"}],"predecessor-version":[{"id":10232,"href":"https:\/\/siluettpood.ee\/et\/wp-json\/wp\/v2\/product\/10228\/revisions\/10232"}],"wp:featuredmedia":[{"embeddable":true,"href":"https:\/\/siluettpood.ee\/et\/wp-json\/wp\/v2\/media\/10229"}],"wp:attachment":[{"href":"https:\/\/siluettpood.ee\/et\/wp-json\/wp\/v2\/media?parent=10228"}],"wp:term":[{"taxonomy":"product_brand","embeddable":true,"href":"https:\/\/siluettpood.ee\/et\/wp-json\/wp\/v2\/product_brand?post=10228"},{"taxonomy":"product_cat","embeddable":true,"href":"https:\/\/siluettpood.ee\/et\/wp-json\/wp\/v2\/product_cat?post=10228"},{"taxonomy":"product_tag","embeddable":true,"href":"https:\/\/siluettpood.ee\/et\/wp-json\/wp\/v2\/product_tag?post=10228"},{"taxonomy":"giftcard-category","embeddable":true,"href":"https:\/\/siluettpood.ee\/et\/wp-json\/wp\/v2\/giftcard-category?post=10228"}],"curies":[{"name":"wp","href":"https:\/\/api.w.org\/{rel}","templated":true}]}}