{"id":10233,"date":"2026-02-03T07:40:58","date_gmt":"2026-02-03T05:40:58","guid":{"rendered":"https:\/\/siluettpood.ee\/?post_type=product&#038;p=10233"},"modified":"2026-02-03T07:40:58","modified_gmt":"2026-02-03T05:40:58","slug":"topp-joy","status":"publish","type":"product","link":"https:\/\/siluettpood.ee\/et\/topp-joy\/","title":{"rendered":"Topp Joy"},"content":{"rendered":"<p>Joy on elegantne ja selgelt v\u00e4ljajoonistuva siluetiga topp, mis \u00fchendab mugavuse ja viimistletud disaini. Topil on sirge l\u00f5ikega kitsam kehaosa, mida tasakaalustavad kellukakujulised, veidi laienevad poolpikad varrukad \u2013 need lisavad liikumist ja pehmust, j\u00e4\u00e4des samal ajal stiilselt v\u00e4ljapeetuks. \u00d5lgadel olevad \u00f5rnad pat\u0161okid annavad vormi ja r\u00f5hutavad kaunist \u00f5lajoont. K\u00f5rgem krae lisab modernset joont. Erilisust annab efektne tekstuurne kangas, mis lisab topile s\u00fcgavust ja isikup\u00e4ra. Joy topp sobib kandmiseks nii lihtsa seeliku v\u00f5i p\u00fckstega, kuid samuti pidulikuma komplekti keskse elemendina. V\u00e4ljapeetud, naiselik ja alati ajatu.<\/p>\n<p>&nbsp;<\/p>\n<p>Modell on 183 cm pikk ja kannab suurust S<\/p>","protected":false},"excerpt":{"rendered":"<p>GINA RI<\/p>","protected":false},"featured_media":10234,"template":"","meta":[],"product_brand":[],"product_cat":[59,113,102,42],"product_tag":[],"giftcard-category":[],"class_list":{"0":"post-10233","1":"product","2":"type-product","3":"status-publish","4":"has-post-thumbnail","6":"product_cat-clothing","7":"product_cat-gina-ri-2","8":"product_cat-shirts","9":"product_cat-women","11":"first","12":"instock","13":"shipping-taxable","14":"purchasable","15":"product-type-variable","16":"layout-style-6","17":"col-md-4 col-sm-4 col-xs-6","18":"col-lg-3","19":"product-has-gallery","20":"product-style-default"},"gallery_images":[10235],"_links":{"self":[{"href":"https:\/\/siluettpood.ee\/et\/wp-json\/wp\/v2\/product\/10233","targetHints":{"allow":["GET"]}}],"collection":[{"href":"https:\/\/siluettpood.ee\/et\/wp-json\/wp\/v2\/product"}],"about":[{"href":"https:\/\/siluettpood.ee\/et\/wp-json\/wp\/v2\/types\/product"}],"version-history":[{"count":1,"href":"https:\/\/siluettpood.ee\/et\/wp-json\/wp\/v2\/product\/10233\/revisions"}],"predecessor-version":[{"id":10237,"href":"https:\/\/siluettpood.ee\/et\/wp-json\/wp\/v2\/product\/10233\/revisions\/10237"}],"wp:featuredmedia":[{"embeddable":true,"href":"https:\/\/siluettpood.ee\/et\/wp-json\/wp\/v2\/media\/10234"}],"wp:attachment":[{"href":"https:\/\/siluettpood.ee\/et\/wp-json\/wp\/v2\/media?parent=10233"}],"wp:term":[{"taxonomy":"product_brand","embeddable":true,"href":"https:\/\/siluettpood.ee\/et\/wp-json\/wp\/v2\/product_brand?post=10233"},{"taxonomy":"product_cat","embeddable":true,"href":"https:\/\/siluettpood.ee\/et\/wp-json\/wp\/v2\/product_cat?post=10233"},{"taxonomy":"product_tag","embeddable":true,"href":"https:\/\/siluettpood.ee\/et\/wp-json\/wp\/v2\/product_tag?post=10233"},{"taxonomy":"giftcard-category","embeddable":true,"href":"https:\/\/siluettpood.ee\/et\/wp-json\/wp\/v2\/giftcard-category?post=10233"}],"curies":[{"name":"wp","href":"https:\/\/api.w.org\/{rel}","templated":true}]}}