{"id":10238,"date":"2026-02-03T07:43:04","date_gmt":"2026-02-03T05:43:04","guid":{"rendered":"https:\/\/siluettpood.ee\/?post_type=product&#038;p=10238"},"modified":"2026-02-03T07:43:04","modified_gmt":"2026-02-03T05:43:04","slug":"topp-michelle","status":"publish","type":"product","link":"https:\/\/siluettpood.ee\/et\/topp-michelle\/","title":{"rendered":"Topp Michelle"},"content":{"rendered":"<p>Michelle on elegantne ja minimalistlik topp, mis sobib ideaalselt nii argip\u00e4evaseks kandmiseks kui ka pidulikemateks hetkedeks. Ilma varrukateta ning suhteliselt kitsa l\u00f5ikega disain r\u00f5hutab kandja figuuri ja loob selge, voolujoonelise silueti. Erilisust annab efektne tekstuurne kangas, mis lisab topile s\u00fcgavust ja isikup\u00e4ra. Topi lihtne ent v\u00e4ljapeetud stiil muudab selle mitmek\u00fclgseks esemeks, mida on lihtne kombineerida erinevate r\u00f5ivaste ja aksessuaaridega. Michelle on ideaalne valik, kui soovid v\u00e4ljapeetud elegantsi ja puhta disaini kooslust.<\/p>\n<p>&nbsp;<\/p>\n<p>Modell on 183 cm pikk ja kannab suurust S<\/p>","protected":false},"excerpt":{"rendered":"<p>GINA RI<\/p>","protected":false},"featured_media":10239,"template":"","meta":[],"product_brand":[],"product_cat":[59,113,139,42],"product_tag":[],"giftcard-category":[],"class_list":{"0":"post-10238","1":"product","2":"type-product","3":"status-publish","4":"has-post-thumbnail","6":"product_cat-clothing","7":"product_cat-gina-ri-2","8":"product_cat-vests","9":"product_cat-women","11":"first","12":"instock","13":"shipping-taxable","14":"purchasable","15":"product-type-variable","16":"layout-style-6","17":"col-md-4 col-sm-4 col-xs-6","18":"col-lg-3","19":"product-has-gallery","20":"product-style-default"},"gallery_images":[10240],"_links":{"self":[{"href":"https:\/\/siluettpood.ee\/et\/wp-json\/wp\/v2\/product\/10238","targetHints":{"allow":["GET"]}}],"collection":[{"href":"https:\/\/siluettpood.ee\/et\/wp-json\/wp\/v2\/product"}],"about":[{"href":"https:\/\/siluettpood.ee\/et\/wp-json\/wp\/v2\/types\/product"}],"version-history":[{"count":1,"href":"https:\/\/siluettpood.ee\/et\/wp-json\/wp\/v2\/product\/10238\/revisions"}],"predecessor-version":[{"id":10242,"href":"https:\/\/siluettpood.ee\/et\/wp-json\/wp\/v2\/product\/10238\/revisions\/10242"}],"wp:featuredmedia":[{"embeddable":true,"href":"https:\/\/siluettpood.ee\/et\/wp-json\/wp\/v2\/media\/10239"}],"wp:attachment":[{"href":"https:\/\/siluettpood.ee\/et\/wp-json\/wp\/v2\/media?parent=10238"}],"wp:term":[{"taxonomy":"product_brand","embeddable":true,"href":"https:\/\/siluettpood.ee\/et\/wp-json\/wp\/v2\/product_brand?post=10238"},{"taxonomy":"product_cat","embeddable":true,"href":"https:\/\/siluettpood.ee\/et\/wp-json\/wp\/v2\/product_cat?post=10238"},{"taxonomy":"product_tag","embeddable":true,"href":"https:\/\/siluettpood.ee\/et\/wp-json\/wp\/v2\/product_tag?post=10238"},{"taxonomy":"giftcard-category","embeddable":true,"href":"https:\/\/siluettpood.ee\/et\/wp-json\/wp\/v2\/giftcard-category?post=10238"}],"curies":[{"name":"wp","href":"https:\/\/api.w.org\/{rel}","templated":true}]}}