{"id":10254,"date":"2026-02-03T10:37:23","date_gmt":"2026-02-03T08:37:23","guid":{"rendered":"https:\/\/siluettpood.ee\/?post_type=product&#038;p=10254"},"modified":"2026-02-03T10:37:23","modified_gmt":"2026-02-03T08:37:23","slug":"topp-helena-3","status":"publish","type":"product","link":"https:\/\/siluettpood.ee\/et\/topp-helena-3\/","title":{"rendered":"Topp Helena"},"content":{"rendered":"<p>Helena on \u0161ikk ja mitmek\u00fclgne topp, mille disain \u00fchendab mugavuse ja elegantsi. Topil on s\u00fcgav V-kaelus nii ees kui ka taga, lisades naiselikule v\u00e4limusele sensuaalsust ja kergust. Poolpikad varrukad ja pikem kehaosa annavad kandjale paindlikkuse seda vastavalt oma stiilieelistusele kohandada \u2013 kas kanda pikemana v\u00f5i s\u00e4ttida l\u00fchikeseks. Helena topp on valmistatud luksuslikult pehmest sametist, mis paitab nahka ja lisab \u00fcldmuljele soojust ning hubasust. Sameti kerge l\u00e4ige loob elegantse ja piduliku efekti, sobides ideaalselt nii igap\u00e4evaseks kandmiseks kui ka erilisteks puhkudeks. Kombineeri Helena toppi meie sametp\u00fckste v\u00f5i teksadega, et saavutada kas \u00fclimalt mugav lounge-stiil v\u00f5i v\u00e4ljapeetud ja modernne v\u00e4limus. See topp on suurep\u00e4rane valik, kui otsid midagi, mis on samaaegselt mugav ja stiilne!<\/p>\n<p>&nbsp;<\/p>\n<p>Modell on 179 cm pikk ja kannab suurust S<\/p>\n<p>Pesu ja hooldus: \u00d5rn pesu madalal temperatuuril.<\/p>\n<p>Pese, kuivata ja triigi pahempidi p\u00f6\u00f6ratuna.<\/p>\n<p>Tsentrifuug madalatel p\u00f6\u00f6retel. Trummelkuivatus ei ole lubatud.<\/p>","protected":false},"excerpt":{"rendered":"<p>GINA RI<\/p>","protected":false},"featured_media":10255,"template":"","meta":[],"product_brand":[],"product_cat":[59,113,102,42],"product_tag":[],"giftcard-category":[],"class_list":{"0":"post-10254","1":"product","2":"type-product","3":"status-publish","4":"has-post-thumbnail","6":"product_cat-clothing","7":"product_cat-gina-ri-2","8":"product_cat-shirts","9":"product_cat-women","11":"first","12":"instock","13":"shipping-taxable","14":"purchasable","15":"product-type-variable","16":"layout-style-6","17":"col-md-4 col-sm-4 col-xs-6","18":"col-lg-3","19":"product-has-gallery","20":"product-style-default"},"gallery_images":[10256],"_links":{"self":[{"href":"https:\/\/siluettpood.ee\/et\/wp-json\/wp\/v2\/product\/10254","targetHints":{"allow":["GET"]}}],"collection":[{"href":"https:\/\/siluettpood.ee\/et\/wp-json\/wp\/v2\/product"}],"about":[{"href":"https:\/\/siluettpood.ee\/et\/wp-json\/wp\/v2\/types\/product"}],"version-history":[{"count":1,"href":"https:\/\/siluettpood.ee\/et\/wp-json\/wp\/v2\/product\/10254\/revisions"}],"predecessor-version":[{"id":10258,"href":"https:\/\/siluettpood.ee\/et\/wp-json\/wp\/v2\/product\/10254\/revisions\/10258"}],"wp:featuredmedia":[{"embeddable":true,"href":"https:\/\/siluettpood.ee\/et\/wp-json\/wp\/v2\/media\/10255"}],"wp:attachment":[{"href":"https:\/\/siluettpood.ee\/et\/wp-json\/wp\/v2\/media?parent=10254"}],"wp:term":[{"taxonomy":"product_brand","embeddable":true,"href":"https:\/\/siluettpood.ee\/et\/wp-json\/wp\/v2\/product_brand?post=10254"},{"taxonomy":"product_cat","embeddable":true,"href":"https:\/\/siluettpood.ee\/et\/wp-json\/wp\/v2\/product_cat?post=10254"},{"taxonomy":"product_tag","embeddable":true,"href":"https:\/\/siluettpood.ee\/et\/wp-json\/wp\/v2\/product_tag?post=10254"},{"taxonomy":"giftcard-category","embeddable":true,"href":"https:\/\/siluettpood.ee\/et\/wp-json\/wp\/v2\/giftcard-category?post=10254"}],"curies":[{"name":"wp","href":"https:\/\/api.w.org\/{rel}","templated":true}]}}