{"id":10269,"date":"2026-02-03T10:58:53","date_gmt":"2026-02-03T08:58:53","guid":{"rendered":"https:\/\/siluettpood.ee\/?post_type=product&#038;p=10269"},"modified":"2026-02-03T10:58:53","modified_gmt":"2026-02-03T08:58:53","slug":"kimono-catherine","status":"publish","type":"product","link":"https:\/\/siluettpood.ee\/et\/kimono-catherine\/","title":{"rendered":"Kimono Catherine"},"content":{"rendered":"<p>See pikk kimono on valmistatud tihedast ja veidi j\u00e4igemast efektkangast, mille reljeefne pind ja suurem\u00f5\u00f5duline abstraktne muster loovad selgelt suursuguse ilme. Kontrastsed erkroosad narmad lisavad elegantse, kuid kontrollitud aktsendi. Avar, veidi oversize l\u00f5ige tagab mugava liikumise ning v\u00f5imaldab seda kanda nii \u00f5ues kui ka siseruumides. Kangas ja proportsioon annavad kimonole piisavalt pidulikkust, et sobida j\u00f5ulupidudele, kontsertidele ja talvistele \u00fcritustele, kuid see toimib sama h\u00e4sti ka v\u00e4ljapeetud lisakihina igap\u00e4evasemates olukordades.<\/p>\n<p>&nbsp;<\/p>\n<p>Modell on 183 cm pikk ja kannab suurust s\/m<span class=\"Apple-converted-space\" contenteditable=\"false\">\u00a0<\/span><\/p>\n<p>Pesu ja hooldus : Lubatud ainult kuivpuhastus<\/p>","protected":false},"excerpt":{"rendered":"<p>GINA RI<\/p>","protected":false},"featured_media":10270,"template":"","meta":[],"product_brand":[],"product_cat":[59,113,146,42],"product_tag":[],"giftcard-category":[],"class_list":{"0":"post-10269","1":"product","2":"type-product","3":"status-publish","4":"has-post-thumbnail","6":"product_cat-clothing","7":"product_cat-gina-ri-2","8":"product_cat-kimono","9":"product_cat-women","11":"first","12":"instock","13":"shipping-taxable","14":"purchasable","15":"product-type-variable","16":"layout-style-6","17":"col-md-4 col-sm-4 col-xs-6","18":"col-lg-3","19":"product-has-gallery","20":"product-style-default"},"gallery_images":[10271],"_links":{"self":[{"href":"https:\/\/siluettpood.ee\/et\/wp-json\/wp\/v2\/product\/10269","targetHints":{"allow":["GET"]}}],"collection":[{"href":"https:\/\/siluettpood.ee\/et\/wp-json\/wp\/v2\/product"}],"about":[{"href":"https:\/\/siluettpood.ee\/et\/wp-json\/wp\/v2\/types\/product"}],"version-history":[{"count":1,"href":"https:\/\/siluettpood.ee\/et\/wp-json\/wp\/v2\/product\/10269\/revisions"}],"predecessor-version":[{"id":10273,"href":"https:\/\/siluettpood.ee\/et\/wp-json\/wp\/v2\/product\/10269\/revisions\/10273"}],"wp:featuredmedia":[{"embeddable":true,"href":"https:\/\/siluettpood.ee\/et\/wp-json\/wp\/v2\/media\/10270"}],"wp:attachment":[{"href":"https:\/\/siluettpood.ee\/et\/wp-json\/wp\/v2\/media?parent=10269"}],"wp:term":[{"taxonomy":"product_brand","embeddable":true,"href":"https:\/\/siluettpood.ee\/et\/wp-json\/wp\/v2\/product_brand?post=10269"},{"taxonomy":"product_cat","embeddable":true,"href":"https:\/\/siluettpood.ee\/et\/wp-json\/wp\/v2\/product_cat?post=10269"},{"taxonomy":"product_tag","embeddable":true,"href":"https:\/\/siluettpood.ee\/et\/wp-json\/wp\/v2\/product_tag?post=10269"},{"taxonomy":"giftcard-category","embeddable":true,"href":"https:\/\/siluettpood.ee\/et\/wp-json\/wp\/v2\/giftcard-category?post=10269"}],"curies":[{"name":"wp","href":"https:\/\/api.w.org\/{rel}","templated":true}]}}