{"id":10274,"date":"2026-02-03T11:02:33","date_gmt":"2026-02-03T09:02:33","guid":{"rendered":"https:\/\/siluettpood.ee\/?post_type=product&#038;p=10274"},"modified":"2026-02-03T11:02:34","modified_gmt":"2026-02-03T09:02:34","slug":"kimono-catherine-2","status":"publish","type":"product","link":"https:\/\/siluettpood.ee\/et\/kimono-catherine-2\/","title":{"rendered":"Kimono Catherine"},"content":{"rendered":"<div class=\"flex flex-col flex-wrap gap-2 w-full\">\n<div class=\"w-full\">\n<p>Velvetist pikk kimono Catherine on Gina Ri esimese kollektsiooni peategelane, mis s\u00fcndis praktilisest vajadusest mittekortsuva ja stiilse jaki j\u00e4rele, millega oleks mugav reisida ning mis oleks piisavalt stiilne ja viisakas, et saaks minna messilt otse \u00e4ril\u00f5unale, \u00f5htusele kohtumisele ja vajadusel ka ooperisse. Meie peenikese triibuga velvet on t\u00e4pselt selline kangas, mis t\u00e4idab k\u00f5ik eelnimetatud kriteeriumid. Kimonole sai sisse disainitud vooder, mis ei oleks liialt pealet\u00fckkiv, aga samas piisavalt pilkup\u00fc\u00fcdev, et elavdada \u00fchev\u00e4rvilist velvetit ja lisada m\u00e4ngulist elementi ning tekitada v\u00f5imalus julgematel hetkedel kimonot ka pahempidi kanda. Seega, need kimonod on ideaalsed kaaslased, mis kannavad sind l\u00e4bi pika p\u00e4eva!<\/p>\n<p>&nbsp;<\/p>\n<p>Modell on 175 cm pikk ja kannab suurust s\/m<br \/>\nPesu ja hooldus: \u00d5rn pesu madalal temperatuuril.\u00a0Pese, kuivata ja triigi pahempidi p\u00f6\u00f6ratuna.\u00a0Pese koos sarnaste v\u00e4rvidega.\u00a0Tsentrifuug madalatel p\u00f6\u00f6retel.<\/p>\n<p>Trummelkuivatus ei ole lubatud.<\/p>\n<\/div>\n<\/div>\n<div class=\"option-group\">\n<p class=\"uppercase text-xs text-gray-600 mb-1\">V\u00e4rv<\/p>\n<p>Sinakasroheline<\/p><\/div>","protected":false},"excerpt":{"rendered":"<p>GINA RI<\/p>","protected":false},"featured_media":10275,"template":"","meta":[],"product_brand":[],"product_cat":[59,113,146,42],"product_tag":[],"giftcard-category":[],"class_list":{"0":"post-10274","1":"product","2":"type-product","3":"status-publish","4":"has-post-thumbnail","6":"product_cat-clothing","7":"product_cat-gina-ri-2","8":"product_cat-kimono","9":"product_cat-women","11":"first","12":"instock","13":"shipping-taxable","14":"purchasable","15":"product-type-variable","16":"layout-style-6","17":"col-md-4 col-sm-4 col-xs-6","18":"col-lg-3","19":"product-has-gallery","20":"product-style-default"},"gallery_images":[10276],"_links":{"self":[{"href":"https:\/\/siluettpood.ee\/et\/wp-json\/wp\/v2\/product\/10274","targetHints":{"allow":["GET"]}}],"collection":[{"href":"https:\/\/siluettpood.ee\/et\/wp-json\/wp\/v2\/product"}],"about":[{"href":"https:\/\/siluettpood.ee\/et\/wp-json\/wp\/v2\/types\/product"}],"version-history":[{"count":1,"href":"https:\/\/siluettpood.ee\/et\/wp-json\/wp\/v2\/product\/10274\/revisions"}],"predecessor-version":[{"id":10278,"href":"https:\/\/siluettpood.ee\/et\/wp-json\/wp\/v2\/product\/10274\/revisions\/10278"}],"wp:featuredmedia":[{"embeddable":true,"href":"https:\/\/siluettpood.ee\/et\/wp-json\/wp\/v2\/media\/10275"}],"wp:attachment":[{"href":"https:\/\/siluettpood.ee\/et\/wp-json\/wp\/v2\/media?parent=10274"}],"wp:term":[{"taxonomy":"product_brand","embeddable":true,"href":"https:\/\/siluettpood.ee\/et\/wp-json\/wp\/v2\/product_brand?post=10274"},{"taxonomy":"product_cat","embeddable":true,"href":"https:\/\/siluettpood.ee\/et\/wp-json\/wp\/v2\/product_cat?post=10274"},{"taxonomy":"product_tag","embeddable":true,"href":"https:\/\/siluettpood.ee\/et\/wp-json\/wp\/v2\/product_tag?post=10274"},{"taxonomy":"giftcard-category","embeddable":true,"href":"https:\/\/siluettpood.ee\/et\/wp-json\/wp\/v2\/giftcard-category?post=10274"}],"curies":[{"name":"wp","href":"https:\/\/api.w.org\/{rel}","templated":true}]}}