{"id":10279,"date":"2026-02-03T11:10:02","date_gmt":"2026-02-03T09:10:02","guid":{"rendered":"https:\/\/siluettpood.ee\/?post_type=product&#038;p=10279"},"modified":"2026-02-03T11:10:03","modified_gmt":"2026-02-03T09:10:03","slug":"puksid-dixie","status":"publish","type":"product","link":"https:\/\/siluettpood.ee\/et\/puksid-dixie\/","title":{"rendered":"P\u00fcksid Dixie"},"content":{"rendered":"<div class=\"flex flex-col flex-wrap gap-2 w-full\">\n<div class=\"w-full\">\n<p>Dixie l\u00fchikesed p\u00fcksid on avara l\u00f5ikega mugavad igap\u00e4evaseks kandmiseks m\u00f5eldud p\u00fcksid. Velvet lisab p\u00fckstele luksuslikku tunnet, samas kui kummiga v\u00e4rvel tagab, et need ei sooni ja istuvad ideaalselt. P\u00fckstel on lukuimitatsioon, mis annab viisaka \u00fcldmulje ning nendega sobib k\u00e4ia ka pidulikematel \u00fcritustel. Loomulikult on p\u00fckstel taskud. Ehkki need sobivad suurep\u00e4raselt soojade ilmadega kandmiseks, on nad sukkp\u00fckstega kombineerituna ka ideaalsed kevadel ja s\u00fcgisel. Velvet on materjal, mis ei kulu, ei veni v\u00e4lja ja mida ei pea triikima, ehk neid p\u00fckse saab kanda igal ajal ja igal pool.<\/p>\n<p>Modell on 183 cm pikk ja kannab suurust S<br \/>\nPesu ja hooldus: \u00d5rn pesu madalal temperatuuril. \u00a0Pese, kuivata ja triigi pahempidi p\u00f6\u00f6ratuna. \u00a0Pese koos sarnaste v\u00e4rvidega. \u00a0Tsentrifuug madalatel p\u00f6\u00f6retel.<\/p>\n<p>Trummelkuivatus ei ole lubatud.<\/p>\n<\/div>\n<\/div>\n<div class=\"option-group\">\n<p class=\"uppercase text-xs text-gray-600 mb-1\">V\u00e4rv<\/p>\n<p>Must<\/p><\/div>","protected":false},"excerpt":{"rendered":"<p>GINA RI<\/p>","protected":false},"featured_media":10280,"template":"","meta":[],"product_brand":[],"product_cat":[59,113,64,42],"product_tag":[],"giftcard-category":[],"class_list":{"0":"post-10279","1":"product","2":"type-product","3":"status-publish","4":"has-post-thumbnail","6":"product_cat-clothing","7":"product_cat-gina-ri-2","8":"product_cat-pants","9":"product_cat-women","11":"first","12":"instock","13":"shipping-taxable","14":"purchasable","15":"product-type-variable","16":"layout-style-6","17":"col-md-4 col-sm-4 col-xs-6","18":"col-lg-3","19":"product-has-gallery","20":"product-style-default"},"gallery_images":[10281],"_links":{"self":[{"href":"https:\/\/siluettpood.ee\/et\/wp-json\/wp\/v2\/product\/10279","targetHints":{"allow":["GET"]}}],"collection":[{"href":"https:\/\/siluettpood.ee\/et\/wp-json\/wp\/v2\/product"}],"about":[{"href":"https:\/\/siluettpood.ee\/et\/wp-json\/wp\/v2\/types\/product"}],"version-history":[{"count":1,"href":"https:\/\/siluettpood.ee\/et\/wp-json\/wp\/v2\/product\/10279\/revisions"}],"predecessor-version":[{"id":10283,"href":"https:\/\/siluettpood.ee\/et\/wp-json\/wp\/v2\/product\/10279\/revisions\/10283"}],"wp:featuredmedia":[{"embeddable":true,"href":"https:\/\/siluettpood.ee\/et\/wp-json\/wp\/v2\/media\/10280"}],"wp:attachment":[{"href":"https:\/\/siluettpood.ee\/et\/wp-json\/wp\/v2\/media?parent=10279"}],"wp:term":[{"taxonomy":"product_brand","embeddable":true,"href":"https:\/\/siluettpood.ee\/et\/wp-json\/wp\/v2\/product_brand?post=10279"},{"taxonomy":"product_cat","embeddable":true,"href":"https:\/\/siluettpood.ee\/et\/wp-json\/wp\/v2\/product_cat?post=10279"},{"taxonomy":"product_tag","embeddable":true,"href":"https:\/\/siluettpood.ee\/et\/wp-json\/wp\/v2\/product_tag?post=10279"},{"taxonomy":"giftcard-category","embeddable":true,"href":"https:\/\/siluettpood.ee\/et\/wp-json\/wp\/v2\/giftcard-category?post=10279"}],"curies":[{"name":"wp","href":"https:\/\/api.w.org\/{rel}","templated":true}]}}