{"id":10307,"date":"2026-02-10T10:11:42","date_gmt":"2026-02-10T08:11:42","guid":{"rendered":"https:\/\/siluettpood.ee\/?post_type=product&#038;p=10307"},"modified":"2026-02-10T10:11:42","modified_gmt":"2026-02-10T08:11:42","slug":"kleit-nelly","status":"publish","type":"product","link":"https:\/\/siluettpood.ee\/et\/kleit-nelly\/","title":{"rendered":"Kleit Nelly"},"content":{"rendered":"<div class=\"flex flex-col flex-wrap gap-2 w-full\">\n<div class=\"w-full\">\n<p>Nelly on \u00fcks neist kleitidest, mis on ajapikku kasvanud tagasihoidlikust lemmikust t\u00f5eliseks klassikuks. Sirge ja lihtne l\u00f5ige, praktilised taskud ning k\u00fcljel\u00f5hikud loovad mugava, kuid alati v\u00e4ljapeetud \u00fcldmulje. Sametine kangas on pehme, langeb kenasti ning ei kortsu, mis teeb Nelly eriti t\u00e4nuv\u00e4\u00e4rseks igap\u00e4evaseks kaaslaseks. See on kleit, mis liigub sinuga kaasa \u2013 hommikust \u00f5htuni, kontorist kontserdisaali. Vaid jalan\u00f5usid v\u00f5i aksessuaare vahetades muutub kogu stiil hetkega. Pole ime, et Nelly on juba aastaid olnud meie klientide kindel soov ja p\u00fcsiv lemmik.<\/p>\n<p>Modell on 179 cm pikk ja kannab suurust S<\/p>\n<p>Materjal: Samet<br \/>\nPesu ja hooldus: \u00d5rn pesu madalal temperatuuril. Pese, kuivata ja triigi pahempidi p\u00f6\u00f6ratuna. Tsentrifuug madalatel p\u00f6\u00f6retel. Trummelkuivatus ei ole lubatud.<\/p>\n<\/div>\n<\/div>\n<div class=\"option-group\">\n<p class=\"uppercase text-xs text-gray-600 mb-1\">V\u00e4rv<\/p>\n<p>Roosa<\/p><\/div>","protected":false},"excerpt":{"rendered":"<p>GINA RI<\/p>","protected":false},"featured_media":10308,"template":"","meta":[],"product_brand":[],"product_cat":[59,60,113,42],"product_tag":[],"giftcard-category":[],"class_list":{"0":"post-10307","1":"product","2":"type-product","3":"status-publish","4":"has-post-thumbnail","6":"product_cat-clothing","7":"product_cat-dresses","8":"product_cat-gina-ri-2","9":"product_cat-women","11":"first","12":"instock","13":"shipping-taxable","14":"purchasable","15":"product-type-variable","16":"layout-style-6","17":"col-md-4 col-sm-4 col-xs-6","18":"col-lg-3","19":"product-has-gallery","20":"product-style-default"},"gallery_images":[10309],"_links":{"self":[{"href":"https:\/\/siluettpood.ee\/et\/wp-json\/wp\/v2\/product\/10307","targetHints":{"allow":["GET"]}}],"collection":[{"href":"https:\/\/siluettpood.ee\/et\/wp-json\/wp\/v2\/product"}],"about":[{"href":"https:\/\/siluettpood.ee\/et\/wp-json\/wp\/v2\/types\/product"}],"version-history":[{"count":1,"href":"https:\/\/siluettpood.ee\/et\/wp-json\/wp\/v2\/product\/10307\/revisions"}],"predecessor-version":[{"id":10311,"href":"https:\/\/siluettpood.ee\/et\/wp-json\/wp\/v2\/product\/10307\/revisions\/10311"}],"wp:featuredmedia":[{"embeddable":true,"href":"https:\/\/siluettpood.ee\/et\/wp-json\/wp\/v2\/media\/10308"}],"wp:attachment":[{"href":"https:\/\/siluettpood.ee\/et\/wp-json\/wp\/v2\/media?parent=10307"}],"wp:term":[{"taxonomy":"product_brand","embeddable":true,"href":"https:\/\/siluettpood.ee\/et\/wp-json\/wp\/v2\/product_brand?post=10307"},{"taxonomy":"product_cat","embeddable":true,"href":"https:\/\/siluettpood.ee\/et\/wp-json\/wp\/v2\/product_cat?post=10307"},{"taxonomy":"product_tag","embeddable":true,"href":"https:\/\/siluettpood.ee\/et\/wp-json\/wp\/v2\/product_tag?post=10307"},{"taxonomy":"giftcard-category","embeddable":true,"href":"https:\/\/siluettpood.ee\/et\/wp-json\/wp\/v2\/giftcard-category?post=10307"}],"curies":[{"name":"wp","href":"https:\/\/api.w.org\/{rel}","templated":true}]}}