{"id":10385,"date":"2026-02-21T09:38:38","date_gmt":"2026-02-21T07:38:38","guid":{"rendered":"https:\/\/siluettpood.ee\/?post_type=product&#038;p=10385"},"modified":"2026-02-21T09:38:38","modified_gmt":"2026-02-21T07:38:38","slug":"vooga-jakk-2","status":"publish","type":"product","link":"https:\/\/siluettpood.ee\/et\/vooga-jakk-2\/","title":{"rendered":"V\u00f6\u00f6ga jakk"},"content":{"rendered":"<p>Kuldse sissekootud loomamustriga rev\u00e4\u00e4rkraega v\u00f6\u00f6ga jakk. K\u00fclje\u00f5mbluses on taskud. Voodriga. Kangas veidi krobeline, vetruv.<\/p>\n<p>Koostis: 20% LI\u00a0 \u00a055%CO\u00a0 \u00a03%EA\u00a0 \u00a022%Lurex<br \/>\nVooder: 100%VI<br \/>\nHooldus: keemiline puhastus, \u00e4ra auruta<\/p>","protected":false},"excerpt":{"rendered":"<p>RAILI N\u00d5LVAK<\/p>","protected":false},"featured_media":10386,"template":"","meta":[],"product_brand":[],"product_cat":[59,61,92,42],"product_tag":[],"giftcard-category":[],"class_list":{"0":"post-10385","1":"product","2":"type-product","3":"status-publish","4":"has-post-thumbnail","6":"product_cat-clothing","7":"product_cat-jackets","8":"product_cat-raili-nolvak-3","9":"product_cat-women","11":"first","12":"instock","13":"shipping-taxable","14":"purchasable","15":"product-type-variable","16":"layout-style-6","17":"col-md-4 col-sm-4 col-xs-6","18":"col-lg-3","19":"product-has-gallery","20":"product-style-default"},"gallery_images":[10387],"_links":{"self":[{"href":"https:\/\/siluettpood.ee\/et\/wp-json\/wp\/v2\/product\/10385","targetHints":{"allow":["GET"]}}],"collection":[{"href":"https:\/\/siluettpood.ee\/et\/wp-json\/wp\/v2\/product"}],"about":[{"href":"https:\/\/siluettpood.ee\/et\/wp-json\/wp\/v2\/types\/product"}],"version-history":[{"count":1,"href":"https:\/\/siluettpood.ee\/et\/wp-json\/wp\/v2\/product\/10385\/revisions"}],"predecessor-version":[{"id":10391,"href":"https:\/\/siluettpood.ee\/et\/wp-json\/wp\/v2\/product\/10385\/revisions\/10391"}],"wp:featuredmedia":[{"embeddable":true,"href":"https:\/\/siluettpood.ee\/et\/wp-json\/wp\/v2\/media\/10386"}],"wp:attachment":[{"href":"https:\/\/siluettpood.ee\/et\/wp-json\/wp\/v2\/media?parent=10385"}],"wp:term":[{"taxonomy":"product_brand","embeddable":true,"href":"https:\/\/siluettpood.ee\/et\/wp-json\/wp\/v2\/product_brand?post=10385"},{"taxonomy":"product_cat","embeddable":true,"href":"https:\/\/siluettpood.ee\/et\/wp-json\/wp\/v2\/product_cat?post=10385"},{"taxonomy":"product_tag","embeddable":true,"href":"https:\/\/siluettpood.ee\/et\/wp-json\/wp\/v2\/product_tag?post=10385"},{"taxonomy":"giftcard-category","embeddable":true,"href":"https:\/\/siluettpood.ee\/et\/wp-json\/wp\/v2\/giftcard-category?post=10385"}],"curies":[{"name":"wp","href":"https:\/\/api.w.org\/{rel}","templated":true}]}}