{"id":10401,"date":"2026-02-21T10:23:21","date_gmt":"2026-02-21T08:23:21","guid":{"rendered":"https:\/\/siluettpood.ee\/?post_type=product&#038;p=10401"},"modified":"2026-02-21T10:23:21","modified_gmt":"2026-02-21T08:23:21","slug":"korge-kaelusega-pluus","status":"publish","type":"product","link":"https:\/\/siluettpood.ee\/et\/korge-kaelusega-pluus\/","title":{"rendered":"K\u00f5rge kaelusega pluus"},"content":{"rendered":"<p>Tikitud mustast puuvillasest kangast v\u00f5i tikitud bee\u017eist viskooskangast lappes laia poolvarrukaga topp. 4,5 cm k\u00f5rgune krae on seljalt avatav kahe n\u00f6\u00f6biga. Kehaosa sirge siluetiga.<br \/>\nParim kanda koos samast materjalist seelikuga.<br \/>\nSuurus S (rind 88cm, talje 70cm, puus 96cm)<br \/>\nSuurus M (rind 96cm, talje 78cm, puus 104cm)<br \/>\nSuurus L (rind 104cm, talje 86cm, puus 112cm)<br \/>\nSuurus XL (rind 112cm, talje 94cm, puus 120cm)<br \/>\nSeljapikkus 62cm<br \/>\nMusta koostis: 100%CO<br \/>\nBee\u017ei koostis: 100%VI<br \/>\nHooldus: masinpesu 30 kraadi<\/p>","protected":false},"excerpt":{"rendered":"<p>RAILI N\u00d5LVAK<\/p>","protected":false},"featured_media":10402,"template":"","meta":[],"product_brand":[],"product_cat":[59,62,92,102,42],"product_tag":[],"giftcard-category":[],"class_list":{"0":"post-10401","1":"product","2":"type-product","3":"status-publish","4":"has-post-thumbnail","6":"product_cat-clothing","7":"product_cat-blouses","8":"product_cat-raili-nolvak-3","9":"product_cat-shirts","10":"product_cat-women","12":"first","13":"instock","14":"shipping-taxable","15":"purchasable","16":"product-type-variable","17":"layout-style-6","18":"col-md-4 col-sm-4 col-xs-6","19":"col-lg-3","20":"product-has-gallery","21":"product-style-default"},"gallery_images":[10403],"_links":{"self":[{"href":"https:\/\/siluettpood.ee\/et\/wp-json\/wp\/v2\/product\/10401","targetHints":{"allow":["GET"]}}],"collection":[{"href":"https:\/\/siluettpood.ee\/et\/wp-json\/wp\/v2\/product"}],"about":[{"href":"https:\/\/siluettpood.ee\/et\/wp-json\/wp\/v2\/types\/product"}],"version-history":[{"count":1,"href":"https:\/\/siluettpood.ee\/et\/wp-json\/wp\/v2\/product\/10401\/revisions"}],"predecessor-version":[{"id":10408,"href":"https:\/\/siluettpood.ee\/et\/wp-json\/wp\/v2\/product\/10401\/revisions\/10408"}],"wp:featuredmedia":[{"embeddable":true,"href":"https:\/\/siluettpood.ee\/et\/wp-json\/wp\/v2\/media\/10402"}],"wp:attachment":[{"href":"https:\/\/siluettpood.ee\/et\/wp-json\/wp\/v2\/media?parent=10401"}],"wp:term":[{"taxonomy":"product_brand","embeddable":true,"href":"https:\/\/siluettpood.ee\/et\/wp-json\/wp\/v2\/product_brand?post=10401"},{"taxonomy":"product_cat","embeddable":true,"href":"https:\/\/siluettpood.ee\/et\/wp-json\/wp\/v2\/product_cat?post=10401"},{"taxonomy":"product_tag","embeddable":true,"href":"https:\/\/siluettpood.ee\/et\/wp-json\/wp\/v2\/product_tag?post=10401"},{"taxonomy":"giftcard-category","embeddable":true,"href":"https:\/\/siluettpood.ee\/et\/wp-json\/wp\/v2\/giftcard-category?post=10401"}],"curies":[{"name":"wp","href":"https:\/\/api.w.org\/{rel}","templated":true}]}}