{"id":10409,"date":"2026-02-21T10:25:29","date_gmt":"2026-02-21T08:25:29","guid":{"rendered":"https:\/\/siluettpood.ee\/?post_type=product&#038;p=10409"},"modified":"2026-02-28T14:13:29","modified_gmt":"2026-02-28T12:13:29","slug":"lai-seelik","status":"publish","type":"product","link":"https:\/\/siluettpood.ee\/et\/lai-seelik\/","title":{"rendered":"Lai seelik"},"content":{"rendered":"<p>Tikitud mustast puuvillasest kangast v\u00f5i tikitud bee\u017eist viskooskangast lai paanidega seelik. All\u00e4\u00e4re \u00fcmberm\u00f5\u00f5t 4,6 meetrit. Laia v\u00e4rvliga. Taskutega. Lukk vasakul k\u00fcljel. V\u00e4rvlil 3 n\u00f6\u00f6pi.<br \/>\nMust seelik \u00f5hukese voodriga, bee\u017e voodrita.<br \/>\nSuurus S (rind 88cm, talje 70cm, puus 96cm)<br \/>\nSuurus M (rind 96cm, talje 78cm, puus 104cm)<br \/>\nSuurus L (rind 104cm, talje 86cm, puus 112cm)<br \/>\nPikkus 82cm<br \/>\nMusta koostis: 100%CO, vooder 100%PA<br \/>\nBee\u017ei koostis: 100%VI<br \/>\nHooldus: masinpesu 30 kraadi<\/p>","protected":false},"excerpt":{"rendered":"<p>RAILI N\u00d5LVAK<\/p>","protected":false},"featured_media":10410,"template":"","meta":[],"product_brand":[],"product_cat":[59,92,63,42],"product_tag":[],"giftcard-category":[],"class_list":{"0":"post-10409","1":"product","2":"type-product","3":"status-publish","4":"has-post-thumbnail","6":"product_cat-clothing","7":"product_cat-raili-nolvak-3","8":"product_cat-skirts","9":"product_cat-women","11":"first","12":"instock","13":"shipping-taxable","14":"purchasable","15":"product-type-variable","16":"layout-style-6","17":"col-md-4 col-sm-4 col-xs-6","18":"col-lg-3","19":"product-has-gallery","20":"product-style-default"},"gallery_images":[10411],"_links":{"self":[{"href":"https:\/\/siluettpood.ee\/et\/wp-json\/wp\/v2\/product\/10409","targetHints":{"allow":["GET"]}}],"collection":[{"href":"https:\/\/siluettpood.ee\/et\/wp-json\/wp\/v2\/product"}],"about":[{"href":"https:\/\/siluettpood.ee\/et\/wp-json\/wp\/v2\/types\/product"}],"version-history":[{"count":1,"href":"https:\/\/siluettpood.ee\/et\/wp-json\/wp\/v2\/product\/10409\/revisions"}],"predecessor-version":[{"id":10415,"href":"https:\/\/siluettpood.ee\/et\/wp-json\/wp\/v2\/product\/10409\/revisions\/10415"}],"wp:featuredmedia":[{"embeddable":true,"href":"https:\/\/siluettpood.ee\/et\/wp-json\/wp\/v2\/media\/10410"}],"wp:attachment":[{"href":"https:\/\/siluettpood.ee\/et\/wp-json\/wp\/v2\/media?parent=10409"}],"wp:term":[{"taxonomy":"product_brand","embeddable":true,"href":"https:\/\/siluettpood.ee\/et\/wp-json\/wp\/v2\/product_brand?post=10409"},{"taxonomy":"product_cat","embeddable":true,"href":"https:\/\/siluettpood.ee\/et\/wp-json\/wp\/v2\/product_cat?post=10409"},{"taxonomy":"product_tag","embeddable":true,"href":"https:\/\/siluettpood.ee\/et\/wp-json\/wp\/v2\/product_tag?post=10409"},{"taxonomy":"giftcard-category","embeddable":true,"href":"https:\/\/siluettpood.ee\/et\/wp-json\/wp\/v2\/giftcard-category?post=10409"}],"curies":[{"name":"wp","href":"https:\/\/api.w.org\/{rel}","templated":true}]}}