{"id":10788,"date":"2026-04-12T18:41:02","date_gmt":"2026-04-12T16:41:02","guid":{"rendered":"https:\/\/siluettpood.ee\/?post_type=product&#038;p=10788"},"modified":"2026-04-12T18:41:02","modified_gmt":"2026-04-12T16:41:02","slug":"nahkhiirpluus","status":"publish","type":"product","link":"https:\/\/siluettpood.ee\/et\/nahkhiirpluus\/","title":{"rendered":"Nahkhiirpluus"},"content":{"rendered":"<p>Roheka niidiga tikitud naturaalvalgest viskooskangast nahkhiirel\u00f5ikelise poolvarrukaga pluus. Varruka otstes tagasip\u00f6\u00f6ratud detail. Kraega. Selga k\u00e4ib \u00fcle pea. Rinnast avara siluetiga.<br \/>\nParim kanda koos samast materjalist seelikuga v\u00f5i naturaalvalgete p\u00fckstega.<br \/>\nSuurus S (rind 88cm, talje 70cm, puus 96cm)<br \/>\nSuurus M (rind 96cm, talje 78cm, puus 104cm)<br \/>\nSuurus L (rind 104cm, talje 86cm, puus 112cm)<br \/>\nSuurus XL (rind 112cm, talje 94cm, puus 120cm)<br \/>\nSeljapikkus 62cm<br \/>\nKoostis: 3%LI\u00a0 97%VI<br \/>\nHooldus: masinpesu 30 kraadi<\/p>","protected":false},"excerpt":{"rendered":"<h3>RAILI N\u00d5LVAK<\/h3>","protected":false},"featured_media":10789,"template":"","meta":[],"product_brand":[],"product_cat":[102,59,92,42],"product_tag":[],"giftcard-category":[],"class_list":{"0":"post-10788","1":"product","2":"type-product","3":"status-publish","4":"has-post-thumbnail","6":"product_cat-shirts","7":"product_cat-clothing","8":"product_cat-raili-nolvak-3","9":"product_cat-women","11":"first","12":"instock","13":"shipping-taxable","14":"purchasable","15":"product-type-variable","16":"new","17":"layout-style-6","18":"col-md-4 col-sm-4 col-xs-6","19":"col-lg-3","20":"product-has-gallery","21":"product-style-default"},"gallery_images":[10790],"_links":{"self":[{"href":"https:\/\/siluettpood.ee\/et\/wp-json\/wp\/v2\/product\/10788","targetHints":{"allow":["GET"]}}],"collection":[{"href":"https:\/\/siluettpood.ee\/et\/wp-json\/wp\/v2\/product"}],"about":[{"href":"https:\/\/siluettpood.ee\/et\/wp-json\/wp\/v2\/types\/product"}],"version-history":[{"count":1,"href":"https:\/\/siluettpood.ee\/et\/wp-json\/wp\/v2\/product\/10788\/revisions"}],"predecessor-version":[{"id":10795,"href":"https:\/\/siluettpood.ee\/et\/wp-json\/wp\/v2\/product\/10788\/revisions\/10795"}],"wp:featuredmedia":[{"embeddable":true,"href":"https:\/\/siluettpood.ee\/et\/wp-json\/wp\/v2\/media\/10789"}],"wp:attachment":[{"href":"https:\/\/siluettpood.ee\/et\/wp-json\/wp\/v2\/media?parent=10788"}],"wp:term":[{"taxonomy":"product_brand","embeddable":true,"href":"https:\/\/siluettpood.ee\/et\/wp-json\/wp\/v2\/product_brand?post=10788"},{"taxonomy":"product_cat","embeddable":true,"href":"https:\/\/siluettpood.ee\/et\/wp-json\/wp\/v2\/product_cat?post=10788"},{"taxonomy":"product_tag","embeddable":true,"href":"https:\/\/siluettpood.ee\/et\/wp-json\/wp\/v2\/product_tag?post=10788"},{"taxonomy":"giftcard-category","embeddable":true,"href":"https:\/\/siluettpood.ee\/et\/wp-json\/wp\/v2\/giftcard-category?post=10788"}],"curies":[{"name":"wp","href":"https:\/\/api.w.org\/{rel}","templated":true}]}}