{"id":10796,"date":"2026-04-12T18:47:06","date_gmt":"2026-04-12T16:47:06","guid":{"rendered":"https:\/\/siluettpood.ee\/?post_type=product&#038;p=10796"},"modified":"2026-04-12T18:47:06","modified_gmt":"2026-04-12T16:47:06","slug":"seosega-kleit-2","status":"publish","type":"product","link":"https:\/\/siluettpood.ee\/et\/seosega-kleit-2\/","title":{"rendered":"Seosega kleit"},"content":{"rendered":"<p>Seosega kleit. V\u00f6\u00f6 seotakse eest risti, siis seljatagant risti ja ette s\u00f5lme.<br \/>\nSinine kleit l\u00fchikeste varrukatega. K\u00fclje\u00f5mbluses taskud. Veidi venivast h\u00e4sti hingavast lina-viskoosisegusest kangast.<br \/>\nPaksemast trikotaa\u017eist bee\u017e kuldse prindiga kleit on kolmveerandvarrukatega ja ilma taskuteta.<br \/>\nErinevatest kost\u00fc\u00fcmikangastest kleitidel on \u00f5huke veniv vooder ja k\u00fclje\u00f5mblustes taskud. Kolmveerandvarrukas.<br \/>\nKergelt A-l\u00f5ikelise siluetiga. Seljal lukk.<br \/>\nSuurus S (rind 88cm, talje 70cm, puus 96cm)<br \/>\nSuurus M (rind 96cm, talje 78cm, puus 104cm)<br \/>\nSuurus L (rind 104cm, talje 86cm, puus 112cm)<br \/>\nSuurus XL (rind 112cm, talje 94cm, puus 120cm)<br \/>\nSeljapikkus 110cm<\/p>\n<p>Sinise lina koostis: 60%VI 37%LI 3%EA<br \/>\nKost\u00fc\u00fcmikangad: 55%CO 41%PL 4%EA<br \/>\nBee\u017ei trikotaa\u017ei koostis: 96%PL 4%EA<\/p>","protected":false},"excerpt":{"rendered":"<h3>RAILI N\u00d5LVAK<\/h3>","protected":false},"featured_media":10797,"template":"","meta":[],"product_brand":[],"product_cat":[60,92,42],"product_tag":[],"giftcard-category":[],"class_list":{"0":"post-10796","1":"product","2":"type-product","3":"status-publish","4":"has-post-thumbnail","6":"product_cat-dresses","7":"product_cat-raili-nolvak-3","8":"product_cat-women","10":"first","11":"instock","12":"shipping-taxable","13":"purchasable","14":"product-type-variable","15":"new","16":"layout-style-6","17":"col-md-4 col-sm-4 col-xs-6","18":"col-lg-3","19":"product-style-default"},"gallery_images":[],"_links":{"self":[{"href":"https:\/\/siluettpood.ee\/et\/wp-json\/wp\/v2\/product\/10796","targetHints":{"allow":["GET"]}}],"collection":[{"href":"https:\/\/siluettpood.ee\/et\/wp-json\/wp\/v2\/product"}],"about":[{"href":"https:\/\/siluettpood.ee\/et\/wp-json\/wp\/v2\/types\/product"}],"version-history":[{"count":1,"href":"https:\/\/siluettpood.ee\/et\/wp-json\/wp\/v2\/product\/10796\/revisions"}],"predecessor-version":[{"id":10800,"href":"https:\/\/siluettpood.ee\/et\/wp-json\/wp\/v2\/product\/10796\/revisions\/10800"}],"wp:featuredmedia":[{"embeddable":true,"href":"https:\/\/siluettpood.ee\/et\/wp-json\/wp\/v2\/media\/10797"}],"wp:attachment":[{"href":"https:\/\/siluettpood.ee\/et\/wp-json\/wp\/v2\/media?parent=10796"}],"wp:term":[{"taxonomy":"product_brand","embeddable":true,"href":"https:\/\/siluettpood.ee\/et\/wp-json\/wp\/v2\/product_brand?post=10796"},{"taxonomy":"product_cat","embeddable":true,"href":"https:\/\/siluettpood.ee\/et\/wp-json\/wp\/v2\/product_cat?post=10796"},{"taxonomy":"product_tag","embeddable":true,"href":"https:\/\/siluettpood.ee\/et\/wp-json\/wp\/v2\/product_tag?post=10796"},{"taxonomy":"giftcard-category","embeddable":true,"href":"https:\/\/siluettpood.ee\/et\/wp-json\/wp\/v2\/giftcard-category?post=10796"}],"curies":[{"name":"wp","href":"https:\/\/api.w.org\/{rel}","templated":true}]}}