{"id":10839,"date":"2026-04-16T10:23:27","date_gmt":"2026-04-16T08:23:27","guid":{"rendered":"https:\/\/siluettpood.ee\/?post_type=product&#038;p=10839"},"modified":"2026-04-16T10:23:27","modified_gmt":"2026-04-16T08:23:27","slug":"sanna-sinine-taftist-kleit","status":"publish","type":"product","link":"https:\/\/siluettpood.ee\/et\/sanna-sinine-taftist-kleit\/","title":{"rendered":"SANNA sinine taftist kleit"},"content":{"rendered":"<p>Laiade \u00f5lapaeltega taftkangast kleit, mis on v\u00f6\u00f6joonelt l\u00e4bi l\u00f5igatud. Kleidi seelikuosas on kaunistav sats.<\/p>\n<p>Kleidi seljaosas on peitlukk. Kleidil on taskud. Kleidi kangas on mittekortsuv.<\/p>\n<p>Modell kannab 36 suurust ja on 177cm pikk.<\/p>\n<p>MATERJAL &#8211; pol\u00fcester 100%<\/p>","protected":false},"excerpt":{"rendered":"<h2>PIRET KURESAAR<\/h2>","protected":false},"featured_media":10840,"template":"","meta":[],"product_brand":[],"product_cat":[59,60,95,42],"product_tag":[],"giftcard-category":[],"class_list":{"0":"post-10839","1":"product","2":"type-product","3":"status-publish","4":"has-post-thumbnail","6":"product_cat-clothing","7":"product_cat-dresses","8":"product_cat-piret-kuresaar-2","9":"product_cat-women","11":"first","12":"instock","13":"shipping-taxable","14":"purchasable","15":"product-type-variable","16":"layout-style-6","17":"col-md-4 col-sm-4 col-xs-6","18":"col-lg-3","19":"product-style-default"},"gallery_images":[],"_links":{"self":[{"href":"https:\/\/siluettpood.ee\/et\/wp-json\/wp\/v2\/product\/10839","targetHints":{"allow":["GET"]}}],"collection":[{"href":"https:\/\/siluettpood.ee\/et\/wp-json\/wp\/v2\/product"}],"about":[{"href":"https:\/\/siluettpood.ee\/et\/wp-json\/wp\/v2\/types\/product"}],"version-history":[{"count":1,"href":"https:\/\/siluettpood.ee\/et\/wp-json\/wp\/v2\/product\/10839\/revisions"}],"predecessor-version":[{"id":10842,"href":"https:\/\/siluettpood.ee\/et\/wp-json\/wp\/v2\/product\/10839\/revisions\/10842"}],"wp:featuredmedia":[{"embeddable":true,"href":"https:\/\/siluettpood.ee\/et\/wp-json\/wp\/v2\/media\/10840"}],"wp:attachment":[{"href":"https:\/\/siluettpood.ee\/et\/wp-json\/wp\/v2\/media?parent=10839"}],"wp:term":[{"taxonomy":"product_brand","embeddable":true,"href":"https:\/\/siluettpood.ee\/et\/wp-json\/wp\/v2\/product_brand?post=10839"},{"taxonomy":"product_cat","embeddable":true,"href":"https:\/\/siluettpood.ee\/et\/wp-json\/wp\/v2\/product_cat?post=10839"},{"taxonomy":"product_tag","embeddable":true,"href":"https:\/\/siluettpood.ee\/et\/wp-json\/wp\/v2\/product_tag?post=10839"},{"taxonomy":"giftcard-category","embeddable":true,"href":"https:\/\/siluettpood.ee\/et\/wp-json\/wp\/v2\/giftcard-category?post=10839"}],"curies":[{"name":"wp","href":"https:\/\/api.w.org\/{rel}","templated":true}]}}