{"id":10951,"date":"2026-04-30T21:18:58","date_gmt":"2026-04-30T19:18:58","guid":{"rendered":"https:\/\/siluettpood.ee\/?post_type=product&#038;p=10951"},"modified":"2026-04-30T21:18:58","modified_gmt":"2026-04-30T19:18:58","slug":"linane-kleit-helen","status":"publish","type":"product","link":"https:\/\/siluettpood.ee\/et\/toode\/linane-kleit-helen\/","title":{"rendered":"Linane Kleit Helen"},"content":{"rendered":"<p>Loodud orgaanilisest linasest kleit Helen on disainitud laiade reguleeritavate \u00f5lapaeltega, k\u00fcljetaskute ja kroogitud v\u00f6\u00f6 ning seeliku osaga. Minimalistlik kleit on ideaalne igap\u00e4evaseks kasutuseks ning saab olema hea lisa sinu riidekappi.<\/p>\n<p dir=\"ltr\">\ud83d\udccfIstuvus &#8211; Klassikaline<\/p>\n<p>\u2655Modelli pikkus 175cm, kannab suurust S<\/p>","protected":false},"excerpt":{"rendered":"<h2>MUULIN<\/h2>","protected":false},"featured_media":10952,"template":"","meta":[],"product_brand":[],"product_cat":[60,103,42],"product_tag":[],"giftcard-category":[],"class_list":{"0":"post-10951","1":"product","2":"type-product","3":"status-publish","4":"has-post-thumbnail","6":"product_cat-dresses","7":"product_cat-muulin-2","8":"product_cat-women","10":"first","11":"instock","12":"shipping-taxable","13":"purchasable","14":"product-type-variable","15":"layout-style-6","16":"col-md-4 col-sm-4 col-xs-6","17":"col-lg-3","18":"product-has-gallery","19":"product-style-default"},"gallery_images":[10953],"_links":{"self":[{"href":"https:\/\/siluettpood.ee\/et\/wp-json\/wp\/v2\/product\/10951","targetHints":{"allow":["GET"]}}],"collection":[{"href":"https:\/\/siluettpood.ee\/et\/wp-json\/wp\/v2\/product"}],"about":[{"href":"https:\/\/siluettpood.ee\/et\/wp-json\/wp\/v2\/types\/product"}],"version-history":[{"count":1,"href":"https:\/\/siluettpood.ee\/et\/wp-json\/wp\/v2\/product\/10951\/revisions"}],"predecessor-version":[{"id":10957,"href":"https:\/\/siluettpood.ee\/et\/wp-json\/wp\/v2\/product\/10951\/revisions\/10957"}],"wp:featuredmedia":[{"embeddable":true,"href":"https:\/\/siluettpood.ee\/et\/wp-json\/wp\/v2\/media\/10952"}],"wp:attachment":[{"href":"https:\/\/siluettpood.ee\/et\/wp-json\/wp\/v2\/media?parent=10951"}],"wp:term":[{"taxonomy":"product_brand","embeddable":true,"href":"https:\/\/siluettpood.ee\/et\/wp-json\/wp\/v2\/product_brand?post=10951"},{"taxonomy":"product_cat","embeddable":true,"href":"https:\/\/siluettpood.ee\/et\/wp-json\/wp\/v2\/product_cat?post=10951"},{"taxonomy":"product_tag","embeddable":true,"href":"https:\/\/siluettpood.ee\/et\/wp-json\/wp\/v2\/product_tag?post=10951"},{"taxonomy":"giftcard-category","embeddable":true,"href":"https:\/\/siluettpood.ee\/et\/wp-json\/wp\/v2\/giftcard-category?post=10951"}],"curies":[{"name":"wp","href":"https:\/\/api.w.org\/{rel}","templated":true}]}}