{"id":10964,"date":"2026-04-30T22:15:05","date_gmt":"2026-04-30T20:15:05","guid":{"rendered":"https:\/\/siluettpood.ee\/?post_type=product&#038;p=10964"},"modified":"2026-04-30T22:15:05","modified_gmt":"2026-04-30T20:15:05","slug":"linane-kleit-berit-2","status":"publish","type":"product","link":"https:\/\/siluettpood.ee\/et\/toode\/linane-kleit-berit-2\/","title":{"rendered":"Linane Kleit Berit"},"content":{"rendered":"<p>Kleidil on kaks mugavat taskut, reguleeritav v\u00f6\u00f6 ja seljaosa on t\u00f5mblukuga. Materjal on pehmendatud linane kangas, mis pakub mugavust ja on m\u00f5nus keha vastas, lastes kehal hingata ja on allergeenivaba.<\/p>\n<p>\ud83d\udccfIstuvus &#8211; Klassikaline<\/p>\n<p dir=\"ltr\">\u2655Modelli pikkus 175 cm &#8211; kannab suurust S<\/p>","protected":false},"excerpt":{"rendered":"<h2>MUULIN<\/h2>","protected":false},"featured_media":10965,"template":"","meta":[],"product_brand":[],"product_cat":[60,103,42],"product_tag":[],"giftcard-category":[],"class_list":{"0":"post-10964","1":"product","2":"type-product","3":"status-publish","4":"has-post-thumbnail","6":"product_cat-dresses","7":"product_cat-muulin-2","8":"product_cat-women","10":"first","11":"instock","12":"shipping-taxable","13":"purchasable","14":"product-type-variable","15":"new","16":"layout-style-6","17":"col-md-4 col-sm-4 col-xs-6","18":"col-lg-3","19":"product-has-gallery","20":"product-style-default"},"gallery_images":[10966],"_links":{"self":[{"href":"https:\/\/siluettpood.ee\/et\/wp-json\/wp\/v2\/product\/10964","targetHints":{"allow":["GET"]}}],"collection":[{"href":"https:\/\/siluettpood.ee\/et\/wp-json\/wp\/v2\/product"}],"about":[{"href":"https:\/\/siluettpood.ee\/et\/wp-json\/wp\/v2\/types\/product"}],"version-history":[{"count":1,"href":"https:\/\/siluettpood.ee\/et\/wp-json\/wp\/v2\/product\/10964\/revisions"}],"predecessor-version":[{"id":10969,"href":"https:\/\/siluettpood.ee\/et\/wp-json\/wp\/v2\/product\/10964\/revisions\/10969"}],"wp:featuredmedia":[{"embeddable":true,"href":"https:\/\/siluettpood.ee\/et\/wp-json\/wp\/v2\/media\/10965"}],"wp:attachment":[{"href":"https:\/\/siluettpood.ee\/et\/wp-json\/wp\/v2\/media?parent=10964"}],"wp:term":[{"taxonomy":"product_brand","embeddable":true,"href":"https:\/\/siluettpood.ee\/et\/wp-json\/wp\/v2\/product_brand?post=10964"},{"taxonomy":"product_cat","embeddable":true,"href":"https:\/\/siluettpood.ee\/et\/wp-json\/wp\/v2\/product_cat?post=10964"},{"taxonomy":"product_tag","embeddable":true,"href":"https:\/\/siluettpood.ee\/et\/wp-json\/wp\/v2\/product_tag?post=10964"},{"taxonomy":"giftcard-category","embeddable":true,"href":"https:\/\/siluettpood.ee\/et\/wp-json\/wp\/v2\/giftcard-category?post=10964"}],"curies":[{"name":"wp","href":"https:\/\/api.w.org\/{rel}","templated":true}]}}