{"id":10977,"date":"2026-05-01T15:11:35","date_gmt":"2026-05-01T13:11:35","guid":{"rendered":"https:\/\/siluettpood.ee\/?post_type=product&#038;p=10977"},"modified":"2026-05-01T15:11:36","modified_gmt":"2026-05-01T13:11:36","slug":"linane-sark-marion","status":"publish","type":"product","link":"https:\/\/siluettpood.ee\/et\/toode\/linane-sark-marion\/","title":{"rendered":"Linane S\u00e4rk Marion"},"content":{"rendered":"<p>Linasel s\u00e4rgil Marion on pikendatud \u00f5lad, 3\/4 varrukad ja ta on eest n\u00f6\u00f6bitav. S\u00e4rk on paeltega reguleeritava v\u00f6\u00f6ga ja oversize l\u00f5ikega.Universaalne l\u00f5ige annab l\u00f5putult v\u00f5imalusi kuidas ja kus s\u00e4rki kanda, kas kombinatsioon teksadega v\u00f5i meie Mina v\u00f5i Marie p\u00fckstega. Pehmendatud linane kangas annab kandes m\u00f5nusa pehme ja toetava tunde, olles heaks kaaslaseks nii puhkusel kui ka kodus.<\/p>\n<p><b>\ud83d\udccf<\/b>Istuvus &#8211; Oversize<\/p>\n<p>\u2655Modelli pikkus 175 cm &#8211; kannab suurust XS\/S<\/p>","protected":false},"excerpt":{"rendered":"<h2>MUULIN<\/h2>","protected":false},"featured_media":10971,"template":"","meta":[],"product_brand":[],"product_cat":[103,102,42],"product_tag":[],"giftcard-category":[],"class_list":{"0":"post-10977","1":"product","2":"type-product","3":"status-publish","4":"has-post-thumbnail","6":"product_cat-muulin-2","7":"product_cat-shirts","8":"product_cat-women","10":"first","11":"instock","12":"shipping-taxable","13":"purchasable","14":"product-type-variable","15":"layout-style-6","16":"col-md-4 col-sm-4 col-xs-6","17":"col-lg-3","18":"product-has-gallery","19":"product-style-default"},"gallery_images":[10972],"_links":{"self":[{"href":"https:\/\/siluettpood.ee\/et\/wp-json\/wp\/v2\/product\/10977","targetHints":{"allow":["GET"]}}],"collection":[{"href":"https:\/\/siluettpood.ee\/et\/wp-json\/wp\/v2\/product"}],"about":[{"href":"https:\/\/siluettpood.ee\/et\/wp-json\/wp\/v2\/types\/product"}],"version-history":[{"count":1,"href":"https:\/\/siluettpood.ee\/et\/wp-json\/wp\/v2\/product\/10977\/revisions"}],"predecessor-version":[{"id":10980,"href":"https:\/\/siluettpood.ee\/et\/wp-json\/wp\/v2\/product\/10977\/revisions\/10980"}],"wp:featuredmedia":[{"embeddable":true,"href":"https:\/\/siluettpood.ee\/et\/wp-json\/wp\/v2\/media\/10971"}],"wp:attachment":[{"href":"https:\/\/siluettpood.ee\/et\/wp-json\/wp\/v2\/media?parent=10977"}],"wp:term":[{"taxonomy":"product_brand","embeddable":true,"href":"https:\/\/siluettpood.ee\/et\/wp-json\/wp\/v2\/product_brand?post=10977"},{"taxonomy":"product_cat","embeddable":true,"href":"https:\/\/siluettpood.ee\/et\/wp-json\/wp\/v2\/product_cat?post=10977"},{"taxonomy":"product_tag","embeddable":true,"href":"https:\/\/siluettpood.ee\/et\/wp-json\/wp\/v2\/product_tag?post=10977"},{"taxonomy":"giftcard-category","embeddable":true,"href":"https:\/\/siluettpood.ee\/et\/wp-json\/wp\/v2\/giftcard-category?post=10977"}],"curies":[{"name":"wp","href":"https:\/\/api.w.org\/{rel}","templated":true}]}}