{"id":10982,"date":"2026-05-01T17:39:29","date_gmt":"2026-05-01T15:39:29","guid":{"rendered":"https:\/\/siluettpood.ee\/?post_type=product&#038;p=10982"},"modified":"2026-05-01T17:39:29","modified_gmt":"2026-05-01T15:39:29","slug":"anita-puuvillased-luhikesed-puksid","status":"publish","type":"product","link":"https:\/\/siluettpood.ee\/et\/toode\/anita-puuvillased-luhikesed-puksid\/","title":{"rendered":"Anita puuvillased l\u00fchikesed p\u00fcksid"},"content":{"rendered":"<p class=\"first-token\" data-path-to-node=\"0\"><b data-path-to-node=\"0\" data-index-in-node=\"4\">Tikitud puuvillastel l\u00fchikestel p\u00fckstel<\/b>on \u00f5rn<b data-path-to-node=\"0\" data-index-in-node=\"65\">v\u00e4ike<\/b>lillemuster.\u00a0Elastse v\u00f6\u00f6koha, mugava normaalse istuvuse ja kahe k\u00fcljetaskuga &#8211; ideaalne naiselikuks, vaevata suvise v\u00e4limuse jaoks.<\/p>\n<p data-path-to-node=\"1\">\ud83d\udccf Fit &#8211; Oversize<\/p>\n<p data-path-to-node=\"1\">\u2655 Mudeli pikkus 175 cm &#8211; kannab suurust XS\/S (valge).<\/p>","protected":false},"excerpt":{"rendered":"<h2>MUULIN<\/h2>","protected":false},"featured_media":10983,"template":"","meta":[],"product_brand":[],"product_cat":[59,103,155,138],"product_tag":[],"giftcard-category":[],"class_list":{"0":"post-10982","1":"product","2":"type-product","3":"status-publish","4":"has-post-thumbnail","6":"product_cat-clothing","7":"product_cat-muulin-2","8":"product_cat-shorts","9":"product_cat-woolish","11":"first","12":"instock","13":"shipping-taxable","14":"purchasable","15":"product-type-variable","16":"layout-style-6","17":"col-md-4 col-sm-4 col-xs-6","18":"col-lg-3","19":"product-style-default"},"gallery_images":[],"_links":{"self":[{"href":"https:\/\/siluettpood.ee\/et\/wp-json\/wp\/v2\/product\/10982","targetHints":{"allow":["GET"]}}],"collection":[{"href":"https:\/\/siluettpood.ee\/et\/wp-json\/wp\/v2\/product"}],"about":[{"href":"https:\/\/siluettpood.ee\/et\/wp-json\/wp\/v2\/types\/product"}],"version-history":[{"count":1,"href":"https:\/\/siluettpood.ee\/et\/wp-json\/wp\/v2\/product\/10982\/revisions"}],"predecessor-version":[{"id":10986,"href":"https:\/\/siluettpood.ee\/et\/wp-json\/wp\/v2\/product\/10982\/revisions\/10986"}],"wp:featuredmedia":[{"embeddable":true,"href":"https:\/\/siluettpood.ee\/et\/wp-json\/wp\/v2\/media\/10983"}],"wp:attachment":[{"href":"https:\/\/siluettpood.ee\/et\/wp-json\/wp\/v2\/media?parent=10982"}],"wp:term":[{"taxonomy":"product_brand","embeddable":true,"href":"https:\/\/siluettpood.ee\/et\/wp-json\/wp\/v2\/product_brand?post=10982"},{"taxonomy":"product_cat","embeddable":true,"href":"https:\/\/siluettpood.ee\/et\/wp-json\/wp\/v2\/product_cat?post=10982"},{"taxonomy":"product_tag","embeddable":true,"href":"https:\/\/siluettpood.ee\/et\/wp-json\/wp\/v2\/product_tag?post=10982"},{"taxonomy":"giftcard-category","embeddable":true,"href":"https:\/\/siluettpood.ee\/et\/wp-json\/wp\/v2\/giftcard-category?post=10982"}],"curies":[{"name":"wp","href":"https:\/\/api.w.org\/{rel}","templated":true}]}}