{"id":10991,"date":"2026-05-01T17:58:32","date_gmt":"2026-05-01T15:58:32","guid":{"rendered":"https:\/\/siluettpood.ee\/?post_type=product&#038;p=10991"},"modified":"2026-05-01T17:58:32","modified_gmt":"2026-05-01T15:58:32","slug":"linased-luhikesed-puksid-claire","status":"publish","type":"product","link":"https:\/\/siluettpood.ee\/et\/toode\/linased-luhikesed-puksid-claire\/","title":{"rendered":"Linased l\u00fchikesed p\u00fcksid Claire"},"content":{"rendered":"<p>Linased l\u00fchikesed p\u00fcksid Claire on mugavad elegantsed ja pikemad l\u00fchikesed p\u00fcksid, neid kandes tunned ennast alati m\u00f5nusalt. Neil on kaks k\u00fcljetaskut, esikinnis on lahendatud luku ja kahe n\u00f6\u00f6biga ning v\u00f6\u00f6koht on tagant elastne, et teha neid veel mugavamaks. P\u00fckste istuvus on vaba ning neid saab kanda ka v\u00f6\u00f6ga. Claire l\u00fchikesed p\u00fcksid universaalsed ja \u00fcks kindel valik erinevateks olukordadeks.<\/p>\n<p dir=\"ltr\">\ud83d\udccfIstuvus &#8211; Vaba<\/p>\n<p dir=\"ltr\"><b><\/b>\u2655Modelli pikkus 170 cm &#8211; kannab suurust S<\/p>","protected":false},"excerpt":{"rendered":"<h2>MUULIN<\/h2>","protected":false},"featured_media":10992,"template":"","meta":[],"product_brand":[],"product_cat":[59,103,155,42],"product_tag":[],"giftcard-category":[],"class_list":{"0":"post-10991","1":"product","2":"type-product","3":"status-publish","4":"has-post-thumbnail","6":"product_cat-clothing","7":"product_cat-muulin-2","8":"product_cat-shorts","9":"product_cat-women","11":"first","12":"instock","13":"shipping-taxable","14":"purchasable","15":"product-type-variable","16":"layout-style-6","17":"col-md-4 col-sm-4 col-xs-6","18":"col-lg-3","19":"product-has-gallery","20":"product-style-default"},"gallery_images":[10993],"_links":{"self":[{"href":"https:\/\/siluettpood.ee\/et\/wp-json\/wp\/v2\/product\/10991","targetHints":{"allow":["GET"]}}],"collection":[{"href":"https:\/\/siluettpood.ee\/et\/wp-json\/wp\/v2\/product"}],"about":[{"href":"https:\/\/siluettpood.ee\/et\/wp-json\/wp\/v2\/types\/product"}],"version-history":[{"count":1,"href":"https:\/\/siluettpood.ee\/et\/wp-json\/wp\/v2\/product\/10991\/revisions"}],"predecessor-version":[{"id":10996,"href":"https:\/\/siluettpood.ee\/et\/wp-json\/wp\/v2\/product\/10991\/revisions\/10996"}],"wp:featuredmedia":[{"embeddable":true,"href":"https:\/\/siluettpood.ee\/et\/wp-json\/wp\/v2\/media\/10992"}],"wp:attachment":[{"href":"https:\/\/siluettpood.ee\/et\/wp-json\/wp\/v2\/media?parent=10991"}],"wp:term":[{"taxonomy":"product_brand","embeddable":true,"href":"https:\/\/siluettpood.ee\/et\/wp-json\/wp\/v2\/product_brand?post=10991"},{"taxonomy":"product_cat","embeddable":true,"href":"https:\/\/siluettpood.ee\/et\/wp-json\/wp\/v2\/product_cat?post=10991"},{"taxonomy":"product_tag","embeddable":true,"href":"https:\/\/siluettpood.ee\/et\/wp-json\/wp\/v2\/product_tag?post=10991"},{"taxonomy":"giftcard-category","embeddable":true,"href":"https:\/\/siluettpood.ee\/et\/wp-json\/wp\/v2\/giftcard-category?post=10991"}],"curies":[{"name":"wp","href":"https:\/\/api.w.org\/{rel}","templated":true}]}}