{"id":10997,"date":"2026-05-01T18:10:03","date_gmt":"2026-05-01T16:10:03","guid":{"rendered":"https:\/\/siluettpood.ee\/?post_type=product&#038;p=10997"},"modified":"2026-05-01T18:10:03","modified_gmt":"2026-05-01T16:10:03","slug":"linased-luhikesed-puksid-carrie","status":"publish","type":"product","link":"https:\/\/siluettpood.ee\/et\/toode\/linased-luhikesed-puksid-carrie\/","title":{"rendered":"Linased l\u00fchikesed p\u00fcksid Carrie"},"content":{"rendered":"<p>Linased l\u00fchikesed p\u00fcksid Carrie on mugavad elegantsed p\u00fcksid, neid kandes tunned ennast alati m\u00f5nusalt. Neil on kaks k\u00fcljetaskut, esikinnis on lahendatud luku ja kahe n\u00f6\u00f6biga ning v\u00f6\u00f6koht on tagant elastne, et teha neid veel mugavamaks. P\u00fckste istuvus on klassikaline ning neid saab kanda ka v\u00f6\u00f6ga. Carrie l\u00fchikesed p\u00fcksid universaalsed ja \u00fcks kindel valik erinevateks olukordadeks.<\/p>\n<p dir=\"ltr\">\ud83d\udccfIstuvus &#8211; Klassikaline<\/p>\n<p dir=\"ltr\">\u2655Modelli pikkus 165 cm &#8211; kannab suurust M<\/p>","protected":false},"excerpt":{"rendered":"<h2>MUULIN<\/h2>","protected":false},"featured_media":10998,"template":"","meta":[],"product_brand":[],"product_cat":[103,155,42],"product_tag":[],"giftcard-category":[],"class_list":{"0":"post-10997","1":"product","2":"type-product","3":"status-publish","4":"has-post-thumbnail","6":"product_cat-muulin-2","7":"product_cat-shorts","8":"product_cat-women","10":"first","11":"instock","12":"shipping-taxable","13":"purchasable","14":"product-type-variable","15":"layout-style-6","16":"col-md-4 col-sm-4 col-xs-6","17":"col-lg-3","18":"product-has-gallery","19":"product-style-default"},"gallery_images":[10999],"_links":{"self":[{"href":"https:\/\/siluettpood.ee\/et\/wp-json\/wp\/v2\/product\/10997","targetHints":{"allow":["GET"]}}],"collection":[{"href":"https:\/\/siluettpood.ee\/et\/wp-json\/wp\/v2\/product"}],"about":[{"href":"https:\/\/siluettpood.ee\/et\/wp-json\/wp\/v2\/types\/product"}],"version-history":[{"count":1,"href":"https:\/\/siluettpood.ee\/et\/wp-json\/wp\/v2\/product\/10997\/revisions"}],"predecessor-version":[{"id":11003,"href":"https:\/\/siluettpood.ee\/et\/wp-json\/wp\/v2\/product\/10997\/revisions\/11003"}],"wp:featuredmedia":[{"embeddable":true,"href":"https:\/\/siluettpood.ee\/et\/wp-json\/wp\/v2\/media\/10998"}],"wp:attachment":[{"href":"https:\/\/siluettpood.ee\/et\/wp-json\/wp\/v2\/media?parent=10997"}],"wp:term":[{"taxonomy":"product_brand","embeddable":true,"href":"https:\/\/siluettpood.ee\/et\/wp-json\/wp\/v2\/product_brand?post=10997"},{"taxonomy":"product_cat","embeddable":true,"href":"https:\/\/siluettpood.ee\/et\/wp-json\/wp\/v2\/product_cat?post=10997"},{"taxonomy":"product_tag","embeddable":true,"href":"https:\/\/siluettpood.ee\/et\/wp-json\/wp\/v2\/product_tag?post=10997"},{"taxonomy":"giftcard-category","embeddable":true,"href":"https:\/\/siluettpood.ee\/et\/wp-json\/wp\/v2\/giftcard-category?post=10997"}],"curies":[{"name":"wp","href":"https:\/\/api.w.org\/{rel}","templated":true}]}}