{"id":11010,"date":"2026-05-01T18:37:56","date_gmt":"2026-05-01T16:37:56","guid":{"rendered":"https:\/\/siluettpood.ee\/?post_type=product&#038;p=11010"},"modified":"2026-05-01T18:37:56","modified_gmt":"2026-05-01T16:37:56","slug":"puksid-ellen","status":"publish","type":"product","link":"https:\/\/siluettpood.ee\/et\/toode\/puksid-ellen\/","title":{"rendered":"P\u00fcksid Ellen"},"content":{"rendered":"<p>P\u00fcksid Ellen on laia jalaosaga igap\u00e4evased 3\/4 p\u00fcksid, mis\u00a0on valmistatud esmaklassilisest puuvillasest (Cotton Blend Twill)\u00a0kangast.\u00a0Esiosa on kinnitatud luku ja kahe n\u00f6\u00f6biga. Veidi elastne v\u00f6\u00f6koht lisab ekstra mugavust ja kangas on pehme ning nahas\u00f5bralik.<\/p>\n<p dir=\"ltr\">\ud83d\udccfIstuvus &#8211; Klassikaline<\/p>\n<p dir=\"ltr\">\u2655Modelli pikkus 175 cm &#8211; kannab suurust S<\/p>","protected":false},"excerpt":{"rendered":"<h2>MUULIN<\/h2>","protected":false},"featured_media":11013,"template":"","meta":[],"product_brand":[],"product_cat":[103,64,42],"product_tag":[],"giftcard-category":[],"class_list":{"0":"post-11010","1":"product","2":"type-product","3":"status-publish","4":"has-post-thumbnail","6":"product_cat-muulin-2","7":"product_cat-pants","8":"product_cat-women","10":"first","11":"instock","12":"shipping-taxable","13":"purchasable","14":"product-type-variable","15":"layout-style-6","16":"col-md-4 col-sm-4 col-xs-6","17":"col-lg-3","18":"product-has-gallery","19":"product-style-default"},"gallery_images":[11014],"_links":{"self":[{"href":"https:\/\/siluettpood.ee\/et\/wp-json\/wp\/v2\/product\/11010","targetHints":{"allow":["GET"]}}],"collection":[{"href":"https:\/\/siluettpood.ee\/et\/wp-json\/wp\/v2\/product"}],"about":[{"href":"https:\/\/siluettpood.ee\/et\/wp-json\/wp\/v2\/types\/product"}],"version-history":[{"count":2,"href":"https:\/\/siluettpood.ee\/et\/wp-json\/wp\/v2\/product\/11010\/revisions"}],"predecessor-version":[{"id":11016,"href":"https:\/\/siluettpood.ee\/et\/wp-json\/wp\/v2\/product\/11010\/revisions\/11016"}],"wp:featuredmedia":[{"embeddable":true,"href":"https:\/\/siluettpood.ee\/et\/wp-json\/wp\/v2\/media\/11013"}],"wp:attachment":[{"href":"https:\/\/siluettpood.ee\/et\/wp-json\/wp\/v2\/media?parent=11010"}],"wp:term":[{"taxonomy":"product_brand","embeddable":true,"href":"https:\/\/siluettpood.ee\/et\/wp-json\/wp\/v2\/product_brand?post=11010"},{"taxonomy":"product_cat","embeddable":true,"href":"https:\/\/siluettpood.ee\/et\/wp-json\/wp\/v2\/product_cat?post=11010"},{"taxonomy":"product_tag","embeddable":true,"href":"https:\/\/siluettpood.ee\/et\/wp-json\/wp\/v2\/product_tag?post=11010"},{"taxonomy":"giftcard-category","embeddable":true,"href":"https:\/\/siluettpood.ee\/et\/wp-json\/wp\/v2\/giftcard-category?post=11010"}],"curies":[{"name":"wp","href":"https:\/\/api.w.org\/{rel}","templated":true}]}}