{"id":11017,"date":"2026-05-01T18:45:36","date_gmt":"2026-05-01T16:45:36","guid":{"rendered":"https:\/\/siluettpood.ee\/?post_type=product&#038;p=11017"},"modified":"2026-05-01T18:45:36","modified_gmt":"2026-05-01T16:45:36","slug":"top-irma-poplin","status":"publish","type":"product","link":"https:\/\/siluettpood.ee\/et\/toode\/top-irma-poplin\/","title":{"rendered":"Top Irma Poplin"},"content":{"rendered":"<p>Varrukateta l\u00fchikesel s\u00e4rgil (crop-top) on struktureeritud krae, n\u00f6\u00f6bitav esikinnis ja kaks n\u00f6\u00f6pidega rinnataskut. Alumine \u00e4\u00e4r on reguleeritav pingutuspaelaga, mis lisab nii mugavust kui ka stiili. See mudel sobib suurep\u00e4raselt l\u00f5dvestunud, ent elegantse suvise v\u00e4limuse loomiseks.<\/p>\n<div class=\"Rte\">\n<p dir=\"ltr\">\ud83d\udccfPaigaldus &#8211; vaba l\u00f5ige\u00a0(relaxed)<\/p>\n<p dir=\"ltr\">\u2655 Mudeli pikkus 169 cm &#8211; kannab suurust M.<\/p>\n<\/div>","protected":false},"excerpt":{"rendered":"<h2>MUULIN<\/h2>","protected":false},"featured_media":11018,"template":"","meta":[],"product_brand":[],"product_cat":[103,102,139,42],"product_tag":[],"giftcard-category":[],"class_list":{"0":"post-11017","1":"product","2":"type-product","3":"status-publish","4":"has-post-thumbnail","6":"product_cat-muulin-2","7":"product_cat-shirts","8":"product_cat-vests","9":"product_cat-women","11":"first","12":"instock","13":"shipping-taxable","14":"purchasable","15":"product-type-variable","16":"layout-style-6","17":"col-md-4 col-sm-4 col-xs-6","18":"col-lg-3","19":"product-style-default"},"gallery_images":[],"_links":{"self":[{"href":"https:\/\/siluettpood.ee\/et\/wp-json\/wp\/v2\/product\/11017","targetHints":{"allow":["GET"]}}],"collection":[{"href":"https:\/\/siluettpood.ee\/et\/wp-json\/wp\/v2\/product"}],"about":[{"href":"https:\/\/siluettpood.ee\/et\/wp-json\/wp\/v2\/types\/product"}],"version-history":[{"count":1,"href":"https:\/\/siluettpood.ee\/et\/wp-json\/wp\/v2\/product\/11017\/revisions"}],"predecessor-version":[{"id":11021,"href":"https:\/\/siluettpood.ee\/et\/wp-json\/wp\/v2\/product\/11017\/revisions\/11021"}],"wp:featuredmedia":[{"embeddable":true,"href":"https:\/\/siluettpood.ee\/et\/wp-json\/wp\/v2\/media\/11018"}],"wp:attachment":[{"href":"https:\/\/siluettpood.ee\/et\/wp-json\/wp\/v2\/media?parent=11017"}],"wp:term":[{"taxonomy":"product_brand","embeddable":true,"href":"https:\/\/siluettpood.ee\/et\/wp-json\/wp\/v2\/product_brand?post=11017"},{"taxonomy":"product_cat","embeddable":true,"href":"https:\/\/siluettpood.ee\/et\/wp-json\/wp\/v2\/product_cat?post=11017"},{"taxonomy":"product_tag","embeddable":true,"href":"https:\/\/siluettpood.ee\/et\/wp-json\/wp\/v2\/product_tag?post=11017"},{"taxonomy":"giftcard-category","embeddable":true,"href":"https:\/\/siluettpood.ee\/et\/wp-json\/wp\/v2\/giftcard-category?post=11017"}],"curies":[{"name":"wp","href":"https:\/\/api.w.org\/{rel}","templated":true}]}}