{"id":11029,"date":"2026-05-01T20:32:09","date_gmt":"2026-05-01T18:32:09","guid":{"rendered":"https:\/\/siluettpood.ee\/?post_type=product&#038;p=11029"},"modified":"2026-05-01T20:32:09","modified_gmt":"2026-05-01T18:32:09","slug":"pluus-karen","status":"publish","type":"product","link":"https:\/\/siluettpood.ee\/et\/toode\/pluus-karen\/","title":{"rendered":"Pluus Karen"},"content":{"rendered":"<p>Puuvillane\u00a0Pluus Karen on hea valik naisele kes hindab nii mugavust kui ka head stiili.\u00a0Oversize l\u00f5ikega siluett, puhvis varrukad ja eest kolme n\u00f6\u00f6riga kinnitatav.<\/p>\n<p>\ud83d\udccfIstuvus &#8211; Oversize<\/p>\n<p>\u2655 Modelli pikkus 175 cm, kannab suurust XS\/S<\/p>","protected":false},"excerpt":{"rendered":"<h2>MUULIN<\/h2>","protected":false},"featured_media":11030,"template":"","meta":[],"product_brand":[],"product_cat":[103,102,42],"product_tag":[],"giftcard-category":[],"class_list":{"0":"post-11029","1":"product","2":"type-product","3":"status-publish","4":"has-post-thumbnail","6":"product_cat-muulin-2","7":"product_cat-shirts","8":"product_cat-women","10":"first","11":"instock","12":"shipping-taxable","13":"purchasable","14":"product-type-variable","15":"layout-style-6","16":"col-md-4 col-sm-4 col-xs-6","17":"col-lg-3","18":"product-has-gallery","19":"product-style-default"},"gallery_images":[11031],"_links":{"self":[{"href":"https:\/\/siluettpood.ee\/et\/wp-json\/wp\/v2\/product\/11029","targetHints":{"allow":["GET"]}}],"collection":[{"href":"https:\/\/siluettpood.ee\/et\/wp-json\/wp\/v2\/product"}],"about":[{"href":"https:\/\/siluettpood.ee\/et\/wp-json\/wp\/v2\/types\/product"}],"version-history":[{"count":1,"href":"https:\/\/siluettpood.ee\/et\/wp-json\/wp\/v2\/product\/11029\/revisions"}],"predecessor-version":[{"id":11034,"href":"https:\/\/siluettpood.ee\/et\/wp-json\/wp\/v2\/product\/11029\/revisions\/11034"}],"wp:featuredmedia":[{"embeddable":true,"href":"https:\/\/siluettpood.ee\/et\/wp-json\/wp\/v2\/media\/11030"}],"wp:attachment":[{"href":"https:\/\/siluettpood.ee\/et\/wp-json\/wp\/v2\/media?parent=11029"}],"wp:term":[{"taxonomy":"product_brand","embeddable":true,"href":"https:\/\/siluettpood.ee\/et\/wp-json\/wp\/v2\/product_brand?post=11029"},{"taxonomy":"product_cat","embeddable":true,"href":"https:\/\/siluettpood.ee\/et\/wp-json\/wp\/v2\/product_cat?post=11029"},{"taxonomy":"product_tag","embeddable":true,"href":"https:\/\/siluettpood.ee\/et\/wp-json\/wp\/v2\/product_tag?post=11029"},{"taxonomy":"giftcard-category","embeddable":true,"href":"https:\/\/siluettpood.ee\/et\/wp-json\/wp\/v2\/giftcard-category?post=11029"}],"curies":[{"name":"wp","href":"https:\/\/api.w.org\/{rel}","templated":true}]}}