{"id":11055,"date":"2026-05-07T11:05:14","date_gmt":"2026-05-07T09:05:14","guid":{"rendered":"https:\/\/siluettpood.ee\/?post_type=product&#038;p=11055"},"modified":"2026-05-07T11:05:14","modified_gmt":"2026-05-07T09:05:14","slug":"suure-kraega-kleit","status":"publish","type":"product","link":"https:\/\/siluettpood.ee\/et\/toode\/suure-kraega-kleit\/","title":{"rendered":"Suure kraega kleit"},"content":{"rendered":"<p>Suure tagasip\u00f6\u00f6ratava kroogitava kraega viskooskangast kleit. Sirgema siluetiga. Talje paelaga kroogitav. Seelikuosa voodriga. K\u00fclje\u00f5mblustes taskud.<br \/>\nSuurus S (rind 88cm, talje 70cm, puus 96cm)<br \/>\nSuurus M (rind 96cm, talje 78cm, puus 104cm)<br \/>\nSuurus L (rind 104cm, talje 86cm, puus 112cm)<br \/>\nSuurus XL (rind 112cm, talje 94cm, puus 120cm)<br \/>\nSeljapikkus 100cm<\/p>\n<p>Koostis: 87%VI 13%PA, vooder: 98%VI 2%EA<br \/>\nHooldus: \u00f5rn masinpesu<\/p>","protected":false},"excerpt":{"rendered":"<h2>RAILI N\u00d5LVAK<\/h2>","protected":false},"featured_media":11061,"template":"","meta":[],"product_brand":[],"product_cat":[60,92,42],"product_tag":[],"giftcard-category":[],"class_list":{"0":"post-11055","1":"product","2":"type-product","3":"status-publish","4":"has-post-thumbnail","6":"product_cat-dresses","7":"product_cat-raili-nolvak-3","8":"product_cat-women","10":"first","11":"instock","12":"shipping-taxable","13":"purchasable","14":"product-type-variable","15":"new","16":"layout-style-6","17":"col-md-4 col-sm-4 col-xs-6","18":"col-lg-3","19":"product-style-default"},"gallery_images":[],"_links":{"self":[{"href":"https:\/\/siluettpood.ee\/et\/wp-json\/wp\/v2\/product\/11055","targetHints":{"allow":["GET"]}}],"collection":[{"href":"https:\/\/siluettpood.ee\/et\/wp-json\/wp\/v2\/product"}],"about":[{"href":"https:\/\/siluettpood.ee\/et\/wp-json\/wp\/v2\/types\/product"}],"version-history":[{"count":1,"href":"https:\/\/siluettpood.ee\/et\/wp-json\/wp\/v2\/product\/11055\/revisions"}],"predecessor-version":[{"id":11062,"href":"https:\/\/siluettpood.ee\/et\/wp-json\/wp\/v2\/product\/11055\/revisions\/11062"}],"wp:featuredmedia":[{"embeddable":true,"href":"https:\/\/siluettpood.ee\/et\/wp-json\/wp\/v2\/media\/11061"}],"wp:attachment":[{"href":"https:\/\/siluettpood.ee\/et\/wp-json\/wp\/v2\/media?parent=11055"}],"wp:term":[{"taxonomy":"product_brand","embeddable":true,"href":"https:\/\/siluettpood.ee\/et\/wp-json\/wp\/v2\/product_brand?post=11055"},{"taxonomy":"product_cat","embeddable":true,"href":"https:\/\/siluettpood.ee\/et\/wp-json\/wp\/v2\/product_cat?post=11055"},{"taxonomy":"product_tag","embeddable":true,"href":"https:\/\/siluettpood.ee\/et\/wp-json\/wp\/v2\/product_tag?post=11055"},{"taxonomy":"giftcard-category","embeddable":true,"href":"https:\/\/siluettpood.ee\/et\/wp-json\/wp\/v2\/giftcard-category?post=11055"}],"curies":[{"name":"wp","href":"https:\/\/api.w.org\/{rel}","templated":true}]}}