{"id":4709,"date":"2024-10-08T21:18:43","date_gmt":"2024-10-08T21:18:43","guid":{"rendered":"https:\/\/siluettpood.ee\/product\/https-korsars-com-product-parka-milan-forgotten-grove\/"},"modified":"2025-10-01T08:06:58","modified_gmt":"2025-10-01T08:06:58","slug":"parka-milan-forgotten-grove","status":"publish","type":"product","link":"https:\/\/siluettpood.ee\/et\/parka-milan-forgotten-grove\/","title":{"rendered":"Parka MILAN forgotten grove"},"content":{"rendered":"<p>Korsarsi AW 22\/23 naiste parka MILAN kannab Karl Korsari julget FORGOTTEN GROVE mustrit, mis garanteerib hea tuju ja pilkup\u00fc\u00fcdva v\u00e4limuse ka vihmastel p\u00e4evadel. Avara l\u00f5ikega ja kapuutsiga parka on tr\u00fckitud keskmise paksusega, tuule- ja veekindlast softshell-kangale, mis pakub kaitset iga ilma korral. Alumine serv on tagant veidi pikem, pakkudes paremat katvust ja suuremat kandmismugavust. Softshell on hingav, tuulekindel ja vetth\u00fclgav kangas koos fliisvoodriga, mis lisab soojust. See kaitseb k\u00fclma eest ja juhib kehast niiskuse eemale, muutes selle ideaalseks materjaliks \u00f5ue-, spordi- ja vabaajariiete tootmisel. Softshell-r\u00f5ivad pakuvad k\u00f5rget kandmismugavust, suurep\u00e4rast soojusisolatsiooni, hingavust ja tuulekindlust.<\/p>","protected":false},"excerpt":{"rendered":"<p>THE KORSARS<\/p>","protected":false},"featured_media":7321,"template":"","meta":[],"product_brand":[],"product_cat":[65,105,42],"product_tag":[],"giftcard-category":[],"class_list":{"0":"post-4709","1":"product","2":"type-product","3":"status-publish","4":"has-post-thumbnail","6":"product_cat-outerwear","7":"product_cat-the-korsars","8":"product_cat-women","10":"first","11":"instock","12":"shipping-taxable","13":"purchasable","14":"product-type-variable","15":"layout-style-6","16":"col-md-4 col-sm-4 col-xs-6","17":"col-lg-3","18":"product-style-default"},"gallery_images":[],"_links":{"self":[{"href":"https:\/\/siluettpood.ee\/et\/wp-json\/wp\/v2\/product\/4709","targetHints":{"allow":["GET"]}}],"collection":[{"href":"https:\/\/siluettpood.ee\/et\/wp-json\/wp\/v2\/product"}],"about":[{"href":"https:\/\/siluettpood.ee\/et\/wp-json\/wp\/v2\/types\/product"}],"version-history":[{"count":0,"href":"https:\/\/siluettpood.ee\/et\/wp-json\/wp\/v2\/product\/4709\/revisions"}],"wp:featuredmedia":[{"embeddable":true,"href":"https:\/\/siluettpood.ee\/et\/wp-json\/wp\/v2\/media\/7321"}],"wp:attachment":[{"href":"https:\/\/siluettpood.ee\/et\/wp-json\/wp\/v2\/media?parent=4709"}],"wp:term":[{"taxonomy":"product_brand","embeddable":true,"href":"https:\/\/siluettpood.ee\/et\/wp-json\/wp\/v2\/product_brand?post=4709"},{"taxonomy":"product_cat","embeddable":true,"href":"https:\/\/siluettpood.ee\/et\/wp-json\/wp\/v2\/product_cat?post=4709"},{"taxonomy":"product_tag","embeddable":true,"href":"https:\/\/siluettpood.ee\/et\/wp-json\/wp\/v2\/product_tag?post=4709"},{"taxonomy":"giftcard-category","embeddable":true,"href":"https:\/\/siluettpood.ee\/et\/wp-json\/wp\/v2\/giftcard-category?post=4709"}],"curies":[{"name":"wp","href":"https:\/\/api.w.org\/{rel}","templated":true}]}}