{"id":4712,"date":"2024-10-08T21:18:44","date_gmt":"2024-10-08T21:18:44","guid":{"rendered":"https:\/\/siluettpood.ee\/product\/https-korsars-com-product-parka-milan-mystique-snake\/"},"modified":"2026-03-21T11:10:08","modified_gmt":"2026-03-21T09:10:08","slug":"parka-milan-mystique-snake-2","status":"publish","type":"product","link":"https:\/\/siluettpood.ee\/et\/parka-milan-mystique-snake-2\/","title":{"rendered":"Parka MILAN &#8211; Mystique Snake"},"content":{"rendered":"<p>The\u00a0<strong>MILAN<\/strong>\u00a0naiste parka saab elu Karl Korsari elava MYSTIQUE SNAKE tr\u00fckiga. See pilkup\u00fc\u00fcdev disain t\u00f5stab kindlasti teie tuju ja teeb avalduse, eriti nendel s\u00fcngetel, vihmastel p\u00e4evadel.<\/p>\n<p>See \u00fclisuur kapuutsiga parka on tr\u00fckitud keskmise kaaluga, tuulekindlale ja veekindlale softshell-kangale. See kaitseb teid k\u00f5ikides ilmastikutingimustes. Parka on kapuutsiga ja kujundatud \u00fclisuures vormis. Alumiiniumist serv on seljaosas veidi pikem, mis tagab suurema katvuse ja mugavuse.<\/p>\n<p>Softshell on hingav, tuulekindel ja veekindel kangas, mille sees on fliis. Kangas kaitseb k\u00fclma eest ja juhib niiskuse kehast eemale.<\/p>\n<p>Softshelli kasutatakse v\u00e4li-, spordi- ja vabaajar\u00f5ivaste valmistamiseks. Softshell-tooted tagavad suure mugavuse, hea soojusisolatsiooni, hingavuse ja tuulekindluse.<\/p>","protected":false},"excerpt":{"rendered":"<p>THE KORSARS<\/p>","protected":false},"featured_media":5886,"template":"","meta":[],"product_brand":[],"product_cat":[59,65,105,42],"product_tag":[],"giftcard-category":[],"class_list":{"0":"post-4712","1":"product","2":"type-product","3":"status-publish","4":"has-post-thumbnail","6":"product_cat-clothing","7":"product_cat-outerwear","8":"product_cat-the-korsars","9":"product_cat-women","11":"first","12":"instock","13":"shipping-taxable","14":"purchasable","15":"product-type-variable","16":"layout-style-6","17":"col-md-4 col-sm-4 col-xs-6","18":"col-lg-3","19":"product-style-default"},"gallery_images":[],"_links":{"self":[{"href":"https:\/\/siluettpood.ee\/et\/wp-json\/wp\/v2\/product\/4712","targetHints":{"allow":["GET"]}}],"collection":[{"href":"https:\/\/siluettpood.ee\/et\/wp-json\/wp\/v2\/product"}],"about":[{"href":"https:\/\/siluettpood.ee\/et\/wp-json\/wp\/v2\/types\/product"}],"version-history":[{"count":2,"href":"https:\/\/siluettpood.ee\/et\/wp-json\/wp\/v2\/product\/4712\/revisions"}],"predecessor-version":[{"id":10565,"href":"https:\/\/siluettpood.ee\/et\/wp-json\/wp\/v2\/product\/4712\/revisions\/10565"}],"wp:featuredmedia":[{"embeddable":true,"href":"https:\/\/siluettpood.ee\/et\/wp-json\/wp\/v2\/media\/5886"}],"wp:attachment":[{"href":"https:\/\/siluettpood.ee\/et\/wp-json\/wp\/v2\/media?parent=4712"}],"wp:term":[{"taxonomy":"product_brand","embeddable":true,"href":"https:\/\/siluettpood.ee\/et\/wp-json\/wp\/v2\/product_brand?post=4712"},{"taxonomy":"product_cat","embeddable":true,"href":"https:\/\/siluettpood.ee\/et\/wp-json\/wp\/v2\/product_cat?post=4712"},{"taxonomy":"product_tag","embeddable":true,"href":"https:\/\/siluettpood.ee\/et\/wp-json\/wp\/v2\/product_tag?post=4712"},{"taxonomy":"giftcard-category","embeddable":true,"href":"https:\/\/siluettpood.ee\/et\/wp-json\/wp\/v2\/giftcard-category?post=4712"}],"curies":[{"name":"wp","href":"https:\/\/api.w.org\/{rel}","templated":true}]}}