{"id":4714,"date":"2024-10-08T21:18:44","date_gmt":"2024-10-08T21:18:44","guid":{"rendered":"https:\/\/siluettpood.ee\/product\/https-korsars-com-product-trench-coat-paris-rosy-haze\/"},"modified":"2026-04-03T17:20:50","modified_gmt":"2026-04-03T15:20:50","slug":"trench-coat-paris-rosy-haze-2-2","status":"publish","type":"product","link":"https:\/\/siluettpood.ee\/et\/trench-coat-paris-rosy-haze-2-2\/","title":{"rendered":"Vihmamantel PARIS \u2013 Rosy Haze"},"content":{"rendered":"<p>The<strong>\u00a0PARIS<\/strong>\u00a0Korsarsi kollektsiooni naiste tren\u0161\u0161mantel on julge ja pilkup\u00fc\u00fcdev ROSY HAZE muster, mis on m\u00f5eldud neile, kes armastavad ebakonventsionaalset moodi. Iga tren\u0161\u0161mantel on ainulaadne ja ainulaadne muster on igal t\u00fckil erinev, mis tagab erilise v\u00e4limuse. See kahe rinnaosaga softshell mantel on l\u00f5dva l\u00f5ikega, mida saab reguleeritava v\u00f6\u00f6ga v\u00f6\u00f6kohast kinni t\u00f5mmata, et siluetti paremini m\u00e4\u00e4ratleda.<\/p>\n<p>See midi-pikkuse ja k\u00fcljetaskutega mantel \u00fchendab endas praktilisuse ja julge stiili. Tuulekindel ja veekindel softshell-kangas koos m\u00f5nusa fliisvoodriga tagab soojuse ja mugavuse igas ilmastikuolukorras. See on ideaalne valik naistele, kes eelistavad moodi, mis esitab v\u00e4ljakutse traditsioonilistele normidele.<\/p>\n<p>Softshell on hingav, tuulekindel ja veekindel materjal, mis on vooderdatud fliisiga, mis lisab soojust. See kaitseb k\u00fclma eest ja juhib niiskuse kehast eemale, mist\u00f5ttu on see ideaalne kangas v\u00e4li-, spordi- ja vabaajar\u00f5ivaste jaoks. Softshell-r\u00f5ivad pakuvad suurt mugavust, suurep\u00e4rast soojusisolatsiooni, hingavust ja tuulekindlust.<\/p>","protected":false},"excerpt":{"rendered":"<p>THE KORSARS<\/p>","protected":false},"featured_media":5878,"template":"","meta":[],"product_brand":[],"product_cat":[59,65,105,42],"product_tag":[],"giftcard-category":[],"class_list":{"0":"post-4714","1":"product","2":"type-product","3":"status-publish","4":"has-post-thumbnail","6":"product_cat-clothing","7":"product_cat-outerwear","8":"product_cat-the-korsars","9":"product_cat-women","11":"first","12":"instock","13":"shipping-taxable","14":"purchasable","15":"product-type-variable","16":"layout-style-6","17":"col-md-4 col-sm-4 col-xs-6","18":"col-lg-3","19":"product-style-default"},"gallery_images":[],"_links":{"self":[{"href":"https:\/\/siluettpood.ee\/et\/wp-json\/wp\/v2\/product\/4714","targetHints":{"allow":["GET"]}}],"collection":[{"href":"https:\/\/siluettpood.ee\/et\/wp-json\/wp\/v2\/product"}],"about":[{"href":"https:\/\/siluettpood.ee\/et\/wp-json\/wp\/v2\/types\/product"}],"version-history":[{"count":1,"href":"https:\/\/siluettpood.ee\/et\/wp-json\/wp\/v2\/product\/4714\/revisions"}],"predecessor-version":[{"id":10749,"href":"https:\/\/siluettpood.ee\/et\/wp-json\/wp\/v2\/product\/4714\/revisions\/10749"}],"wp:featuredmedia":[{"embeddable":true,"href":"https:\/\/siluettpood.ee\/et\/wp-json\/wp\/v2\/media\/5878"}],"wp:attachment":[{"href":"https:\/\/siluettpood.ee\/et\/wp-json\/wp\/v2\/media?parent=4714"}],"wp:term":[{"taxonomy":"product_brand","embeddable":true,"href":"https:\/\/siluettpood.ee\/et\/wp-json\/wp\/v2\/product_brand?post=4714"},{"taxonomy":"product_cat","embeddable":true,"href":"https:\/\/siluettpood.ee\/et\/wp-json\/wp\/v2\/product_cat?post=4714"},{"taxonomy":"product_tag","embeddable":true,"href":"https:\/\/siluettpood.ee\/et\/wp-json\/wp\/v2\/product_tag?post=4714"},{"taxonomy":"giftcard-category","embeddable":true,"href":"https:\/\/siluettpood.ee\/et\/wp-json\/wp\/v2\/giftcard-category?post=4714"}],"curies":[{"name":"wp","href":"https:\/\/api.w.org\/{rel}","templated":true}]}}