{"id":4715,"date":"2024-10-08T21:18:45","date_gmt":"2024-10-08T21:18:45","guid":{"rendered":"https:\/\/siluettpood.ee\/product\/https-korsars-com-product-jacket-berlin-rosy-haze\/"},"modified":"2025-09-13T16:44:06","modified_gmt":"2025-09-13T16:44:06","slug":"jakk-berlin-roosiline-udu","status":"publish","type":"product","link":"https:\/\/siluettpood.ee\/et\/jakk-berlin-roosiline-udu\/","title":{"rendered":"Jakk BERLIN - Rosy-Haze"},"content":{"rendered":"<p>DETAILID:<\/p>\n<p>Muster v\u00f5ib varieeruda<br \/>\nRegulaarselt sobiv<br \/>\nVeekindel (mis t\u00e4hendab, et v\u00f5ite vihmase p\u00e4eva ajal \u00f5ues k\u00f5ndida).<br \/>\nTuulekindel<br \/>\nVarjatud n\u00f6\u00f6bikinnitused l\u00e4bi kahe rinnaosaga esiosa<br \/>\nKlapiga tasku<br \/>\nKahe rinnaesine<\/p>","protected":false},"excerpt":{"rendered":"<p>THE KORSARS<\/p>","protected":false},"featured_media":5656,"template":"","meta":[],"product_brand":[],"product_cat":[59,65,105,42],"product_tag":[],"giftcard-category":[],"class_list":{"0":"post-4715","1":"product","2":"type-product","3":"status-publish","4":"has-post-thumbnail","6":"product_cat-clothing","7":"product_cat-outerwear","8":"product_cat-the-korsars","9":"product_cat-women","11":"first","12":"instock","13":"shipping-taxable","14":"purchasable","15":"product-type-variable","16":"layout-style-6","17":"col-md-4 col-sm-4 col-xs-6","18":"col-lg-3","19":"product-has-gallery","20":"product-style-default"},"gallery_images":[5657],"_links":{"self":[{"href":"https:\/\/siluettpood.ee\/et\/wp-json\/wp\/v2\/product\/4715","targetHints":{"allow":["GET"]}}],"collection":[{"href":"https:\/\/siluettpood.ee\/et\/wp-json\/wp\/v2\/product"}],"about":[{"href":"https:\/\/siluettpood.ee\/et\/wp-json\/wp\/v2\/types\/product"}],"version-history":[{"count":0,"href":"https:\/\/siluettpood.ee\/et\/wp-json\/wp\/v2\/product\/4715\/revisions"}],"wp:featuredmedia":[{"embeddable":true,"href":"https:\/\/siluettpood.ee\/et\/wp-json\/wp\/v2\/media\/5656"}],"wp:attachment":[{"href":"https:\/\/siluettpood.ee\/et\/wp-json\/wp\/v2\/media?parent=4715"}],"wp:term":[{"taxonomy":"product_brand","embeddable":true,"href":"https:\/\/siluettpood.ee\/et\/wp-json\/wp\/v2\/product_brand?post=4715"},{"taxonomy":"product_cat","embeddable":true,"href":"https:\/\/siluettpood.ee\/et\/wp-json\/wp\/v2\/product_cat?post=4715"},{"taxonomy":"product_tag","embeddable":true,"href":"https:\/\/siluettpood.ee\/et\/wp-json\/wp\/v2\/product_tag?post=4715"},{"taxonomy":"giftcard-category","embeddable":true,"href":"https:\/\/siluettpood.ee\/et\/wp-json\/wp\/v2\/giftcard-category?post=4715"}],"curies":[{"name":"wp","href":"https:\/\/api.w.org\/{rel}","templated":true}]}}