{"id":4730,"date":"2024-10-08T21:18:47","date_gmt":"2024-10-08T21:18:47","guid":{"rendered":"https:\/\/siluettpood.ee\/product\/https-www-mithio-com-pood-kampsun-jaan-wh\/"},"modified":"2025-01-04T18:33:55","modified_gmt":"2025-01-04T18:33:55","slug":"kampsun-jaan-wh","status":"publish","type":"product","link":"https:\/\/siluettpood.ee\/et\/kampsun-jaan-wh\/","title":{"rendered":"Sweater JAAN WH"},"content":{"rendered":"<p>Meeste Turtleneck t\u00f5eline talvine kampsun on \u00fcle\u00fcldse kootud kaablikoes, pehme ja soe.<\/p>","protected":false},"excerpt":{"rendered":"<p>MITHIO<\/p>","protected":false},"featured_media":5872,"template":"","meta":[],"product_brand":[],"product_cat":[59,78,87,42],"product_tag":[],"giftcard-category":[],"class_list":{"0":"post-4730","1":"product","2":"type-product","3":"status-publish","4":"has-post-thumbnail","6":"product_cat-clothing","7":"product_cat-knitwear","8":"product_cat-mithio-2","9":"product_cat-women","11":"first","12":"instock","13":"shipping-taxable","14":"purchasable","15":"product-type-variable","16":"layout-style-6","17":"col-md-4 col-sm-4 col-xs-6","18":"col-lg-3","19":"product-style-default"},"gallery_images":[],"_links":{"self":[{"href":"https:\/\/siluettpood.ee\/et\/wp-json\/wp\/v2\/product\/4730","targetHints":{"allow":["GET"]}}],"collection":[{"href":"https:\/\/siluettpood.ee\/et\/wp-json\/wp\/v2\/product"}],"about":[{"href":"https:\/\/siluettpood.ee\/et\/wp-json\/wp\/v2\/types\/product"}],"version-history":[{"count":1,"href":"https:\/\/siluettpood.ee\/et\/wp-json\/wp\/v2\/product\/4730\/revisions"}],"predecessor-version":[{"id":6201,"href":"https:\/\/siluettpood.ee\/et\/wp-json\/wp\/v2\/product\/4730\/revisions\/6201"}],"wp:featuredmedia":[{"embeddable":true,"href":"https:\/\/siluettpood.ee\/et\/wp-json\/wp\/v2\/media\/5872"}],"wp:attachment":[{"href":"https:\/\/siluettpood.ee\/et\/wp-json\/wp\/v2\/media?parent=4730"}],"wp:term":[{"taxonomy":"product_brand","embeddable":true,"href":"https:\/\/siluettpood.ee\/et\/wp-json\/wp\/v2\/product_brand?post=4730"},{"taxonomy":"product_cat","embeddable":true,"href":"https:\/\/siluettpood.ee\/et\/wp-json\/wp\/v2\/product_cat?post=4730"},{"taxonomy":"product_tag","embeddable":true,"href":"https:\/\/siluettpood.ee\/et\/wp-json\/wp\/v2\/product_tag?post=4730"},{"taxonomy":"giftcard-category","embeddable":true,"href":"https:\/\/siluettpood.ee\/et\/wp-json\/wp\/v2\/giftcard-category?post=4730"}],"curies":[{"name":"wp","href":"https:\/\/api.w.org\/{rel}","templated":true}]}}