{"id":4751,"date":"2024-10-08T21:18:51","date_gmt":"2024-10-08T21:18:51","guid":{"rendered":"https:\/\/siluettpood.ee\/product\/https-www-mithio-com-pood-kardigan-kap-mann-be\/"},"modified":"2025-05-08T14:58:39","modified_gmt":"2025-05-08T14:58:39","slug":"kardigan-kap-mann-be","status":"publish","type":"product","link":"https:\/\/siluettpood.ee\/et\/kardigan-kap-mann-be\/","title":{"rendered":"Kardigan KAP MANN BE"},"content":{"rendered":"<p>Kapuutsiga naiste kardigan on taskute ja ees pika lukuga. Kampsun on t\u00e4isvillane ja m\u00f5nusalt pehme.<br \/>\n\u00dchtlased palmikute read jooksevad \u00fcle terve kampsuni. Varrukasuu ja all\u00e4\u00e4re otsa laiem triip on kootud tumedama bee\u017ai v\u00e4rviga.<\/p>","protected":false},"excerpt":{"rendered":"<p>MITHIO<\/p>","protected":false},"featured_media":6178,"template":"","meta":[],"product_brand":[],"product_cat":[59,78,87,42],"product_tag":[],"giftcard-category":[],"class_list":{"0":"post-4751","1":"product","2":"type-product","3":"status-publish","4":"has-post-thumbnail","6":"product_cat-clothing","7":"product_cat-knitwear","8":"product_cat-mithio-2","9":"product_cat-women","11":"first","12":"instock","13":"shipping-taxable","14":"purchasable","15":"product-type-variable","16":"layout-style-6","17":"col-md-4 col-sm-4 col-xs-6","18":"col-lg-3","19":"product-style-default"},"gallery_images":[],"_links":{"self":[{"href":"https:\/\/siluettpood.ee\/et\/wp-json\/wp\/v2\/product\/4751","targetHints":{"allow":["GET"]}}],"collection":[{"href":"https:\/\/siluettpood.ee\/et\/wp-json\/wp\/v2\/product"}],"about":[{"href":"https:\/\/siluettpood.ee\/et\/wp-json\/wp\/v2\/types\/product"}],"version-history":[{"count":0,"href":"https:\/\/siluettpood.ee\/et\/wp-json\/wp\/v2\/product\/4751\/revisions"}],"wp:featuredmedia":[{"embeddable":true,"href":"https:\/\/siluettpood.ee\/et\/wp-json\/wp\/v2\/media\/6178"}],"wp:attachment":[{"href":"https:\/\/siluettpood.ee\/et\/wp-json\/wp\/v2\/media?parent=4751"}],"wp:term":[{"taxonomy":"product_brand","embeddable":true,"href":"https:\/\/siluettpood.ee\/et\/wp-json\/wp\/v2\/product_brand?post=4751"},{"taxonomy":"product_cat","embeddable":true,"href":"https:\/\/siluettpood.ee\/et\/wp-json\/wp\/v2\/product_cat?post=4751"},{"taxonomy":"product_tag","embeddable":true,"href":"https:\/\/siluettpood.ee\/et\/wp-json\/wp\/v2\/product_tag?post=4751"},{"taxonomy":"giftcard-category","embeddable":true,"href":"https:\/\/siluettpood.ee\/et\/wp-json\/wp\/v2\/giftcard-category?post=4751"}],"curies":[{"name":"wp","href":"https:\/\/api.w.org\/{rel}","templated":true}]}}