{"id":4752,"date":"2024-10-08T21:18:52","date_gmt":"2024-10-08T21:18:52","guid":{"rendered":"https:\/\/siluettpood.ee\/product\/https-www-mithio-com-pood-kardigan-kap-mann-wh\/"},"modified":"2025-01-04T16:51:51","modified_gmt":"2025-01-04T16:51:51","slug":"kardigan-kap-mann-wh","status":"publish","type":"product","link":"https:\/\/siluettpood.ee\/et\/kardigan-kap-mann-wh\/","title":{"rendered":"Kardigan KAP MANN WH"},"content":{"rendered":"<p>Naiste kapuutsiga kardiganil on taskud ja pikk t\u00f5mblukk ees. Kampsun on puhtast villast ja meeldivalt pehme.<\/p>\n<p>Kogu kampsunil on \u00fchtlased ridade kaupa kaablimotiive. Laiemad triibud varruka l\u00f5pus ja servas on kootud tumedama bee\u017ei v\u00e4rvi.<\/p>","protected":false},"excerpt":{"rendered":"<p><a href=\"https:\/\/siluettpood.ee\/et\/tootekategooria\/mithio\/\">MITHIO<\/a><\/p>","protected":false},"featured_media":5679,"template":"","meta":[],"product_brand":[],"product_cat":[59,78,87,42],"product_tag":[],"giftcard-category":[],"class_list":{"0":"post-4752","1":"product","2":"type-product","3":"status-publish","4":"has-post-thumbnail","6":"product_cat-clothing","7":"product_cat-knitwear","8":"product_cat-mithio-2","9":"product_cat-women","11":"first","12":"instock","13":"shipping-taxable","14":"purchasable","15":"product-type-variable","16":"layout-style-6","17":"col-md-4 col-sm-4 col-xs-6","18":"col-lg-3","19":"product-style-default"},"gallery_images":[],"_links":{"self":[{"href":"https:\/\/siluettpood.ee\/et\/wp-json\/wp\/v2\/product\/4752","targetHints":{"allow":["GET"]}}],"collection":[{"href":"https:\/\/siluettpood.ee\/et\/wp-json\/wp\/v2\/product"}],"about":[{"href":"https:\/\/siluettpood.ee\/et\/wp-json\/wp\/v2\/types\/product"}],"version-history":[{"count":1,"href":"https:\/\/siluettpood.ee\/et\/wp-json\/wp\/v2\/product\/4752\/revisions"}],"predecessor-version":[{"id":6181,"href":"https:\/\/siluettpood.ee\/et\/wp-json\/wp\/v2\/product\/4752\/revisions\/6181"}],"wp:featuredmedia":[{"embeddable":true,"href":"https:\/\/siluettpood.ee\/et\/wp-json\/wp\/v2\/media\/5679"}],"wp:attachment":[{"href":"https:\/\/siluettpood.ee\/et\/wp-json\/wp\/v2\/media?parent=4752"}],"wp:term":[{"taxonomy":"product_brand","embeddable":true,"href":"https:\/\/siluettpood.ee\/et\/wp-json\/wp\/v2\/product_brand?post=4752"},{"taxonomy":"product_cat","embeddable":true,"href":"https:\/\/siluettpood.ee\/et\/wp-json\/wp\/v2\/product_cat?post=4752"},{"taxonomy":"product_tag","embeddable":true,"href":"https:\/\/siluettpood.ee\/et\/wp-json\/wp\/v2\/product_tag?post=4752"},{"taxonomy":"giftcard-category","embeddable":true,"href":"https:\/\/siluettpood.ee\/et\/wp-json\/wp\/v2\/giftcard-category?post=4752"}],"curies":[{"name":"wp","href":"https:\/\/api.w.org\/{rel}","templated":true}]}}