{"id":4761,"date":"2024-10-08T21:18:53","date_gmt":"2024-10-08T21:18:53","guid":{"rendered":"https:\/\/siluettpood.ee\/product\/https-karlkorsar-com-product-linen-shirt-the-architect-lemonade-pink\/"},"modified":"2026-02-25T11:37:17","modified_gmt":"2026-02-25T09:37:17","slug":"linen-shirt-the-architect-lemonade-pink","status":"publish","type":"product","link":"https:\/\/siluettpood.ee\/et\/linen-shirt-the-architect-lemonade-pink\/","title":{"rendered":"LINEN SHIRT \"ARHITEKT\" - Lemonade Pink"},"content":{"rendered":"<p>Introducing our Men\u2019s Buttoned Linen Shirt \u2013 a sophisticated blend of style, comfort, and sustainability. Crafted with meticulous attention to detail, this shirt is designed to elevate your wardrobe while keeping you at ease throughout the day.<br \/>\nSee s\u00e4rk on valmistatud keskkonnas\u00f5bralikust ja luksuslikust linasest kangast, mis on saadud j\u00e4tkusuutlikust allikast. See s\u00e4rk ei tundu mitte ainult uskumatult pehme nahal, vaid vastab ka meie p\u00fchendumusele keskkonnateadlikule moele. Linase loomulik hingavus tagab optimaalse mugavuse, mist\u00f5ttu on see ideaalne valik erinevatel puhkudel.<br \/>\nKlassikaline n\u00f6\u00f6pidega disain lisab ajatu elegantsi, mist\u00f5ttu sobib see nii vabaaja- kui ka poolametlikesse s\u00e4tetesse. S\u00e4rk on l\u00f5dva l\u00f5ikega, mis sobib paljudele kehat\u00fc\u00fcpidele, andes terava ja lihvitud v\u00e4limuse, ilma et see tooks mugavust ohvriks.<\/p>\n<p>LOOSE FIT<br \/>\nPIKKADE VARRUKATEGA JA N\u00d6\u00d6PIDEGA MANSETTIDEGA. N\u00d6\u00d6BID EES.<\/p>","protected":false},"excerpt":{"rendered":"<p><a href=\"https:\/\/siluettpood.ee\/et\/tootekategooria\/karl-korsar\/\">KARL KORSAR<\/a><\/p>","protected":false},"featured_media":5600,"template":"","meta":[],"product_brand":[],"product_cat":[59,104,36,102],"product_tag":[],"giftcard-category":[],"class_list":{"0":"post-4761","1":"product","2":"type-product","3":"status-publish","4":"has-post-thumbnail","6":"product_cat-clothing","7":"product_cat-karl-korsar-2-2","8":"product_cat-men","9":"product_cat-shirts","11":"first","12":"instock","13":"shipping-taxable","14":"purchasable","15":"product-type-variable","16":"layout-style-6","17":"col-md-4 col-sm-4 col-xs-6","18":"col-lg-3","19":"product-style-default"},"gallery_images":[],"_links":{"self":[{"href":"https:\/\/siluettpood.ee\/et\/wp-json\/wp\/v2\/product\/4761","targetHints":{"allow":["GET"]}}],"collection":[{"href":"https:\/\/siluettpood.ee\/et\/wp-json\/wp\/v2\/product"}],"about":[{"href":"https:\/\/siluettpood.ee\/et\/wp-json\/wp\/v2\/types\/product"}],"version-history":[{"count":1,"href":"https:\/\/siluettpood.ee\/et\/wp-json\/wp\/v2\/product\/4761\/revisions"}],"predecessor-version":[{"id":10461,"href":"https:\/\/siluettpood.ee\/et\/wp-json\/wp\/v2\/product\/4761\/revisions\/10461"}],"wp:featuredmedia":[{"embeddable":true,"href":"https:\/\/siluettpood.ee\/et\/wp-json\/wp\/v2\/media\/5600"}],"wp:attachment":[{"href":"https:\/\/siluettpood.ee\/et\/wp-json\/wp\/v2\/media?parent=4761"}],"wp:term":[{"taxonomy":"product_brand","embeddable":true,"href":"https:\/\/siluettpood.ee\/et\/wp-json\/wp\/v2\/product_brand?post=4761"},{"taxonomy":"product_cat","embeddable":true,"href":"https:\/\/siluettpood.ee\/et\/wp-json\/wp\/v2\/product_cat?post=4761"},{"taxonomy":"product_tag","embeddable":true,"href":"https:\/\/siluettpood.ee\/et\/wp-json\/wp\/v2\/product_tag?post=4761"},{"taxonomy":"giftcard-category","embeddable":true,"href":"https:\/\/siluettpood.ee\/et\/wp-json\/wp\/v2\/giftcard-category?post=4761"}],"curies":[{"name":"wp","href":"https:\/\/api.w.org\/{rel}","templated":true}]}}