{"id":4767,"date":"2024-10-08T21:18:54","date_gmt":"2024-10-08T21:18:54","guid":{"rendered":"https:\/\/siluettpood.ee\/product\/https-muulin-com-products-linen-shirt-havana-black_pos4_sidbdf66123b_ssr\/"},"modified":"2025-09-15T10:48:24","modified_gmt":"2025-09-15T10:48:24","slug":"linen-shirt-havana","status":"publish","type":"product","link":"https:\/\/siluettpood.ee\/et\/linen-shirt-havana\/","title":{"rendered":"Linen Shirt Havana"},"content":{"rendered":"<p>Linasest s\u00e4rk Havana on l\u00fchikeste varrukatega klassikaline sirge l\u00f5ikega. V\u00e4ljan\u00e4gemise t\u00e4iustamiseks on sellel v\u00e4ikesed k\u00fclgmised pilud ja Kuuba krae. Suurep\u00e4rane igap\u00e4evane s\u00e4rk suveks.<\/p>\n<p>Sobib: Korraline<\/p>\n<p>Mudeli pikkus 188 cm - kannab suurust M<\/p>","protected":false},"excerpt":{"rendered":"<p><a href=\"https:\/\/siluettpood.ee\/et\/tootekategooria\/muulin\/\">MUULIN<\/a><\/p>","protected":false},"featured_media":5580,"template":"","meta":[],"product_brand":[],"product_cat":[59,36,103,102],"product_tag":[],"giftcard-category":[],"class_list":{"0":"post-4767","1":"product","2":"type-product","3":"status-publish","4":"has-post-thumbnail","6":"product_cat-clothing","7":"product_cat-men","8":"product_cat-muulin-2","9":"product_cat-shirts","11":"first","12":"instock","13":"shipping-taxable","14":"purchasable","15":"product-type-variable","16":"layout-style-6","17":"col-md-4 col-sm-4 col-xs-6","18":"col-lg-3","19":"product-has-gallery","20":"product-style-default"},"gallery_images":[5581],"_links":{"self":[{"href":"https:\/\/siluettpood.ee\/et\/wp-json\/wp\/v2\/product\/4767","targetHints":{"allow":["GET"]}}],"collection":[{"href":"https:\/\/siluettpood.ee\/et\/wp-json\/wp\/v2\/product"}],"about":[{"href":"https:\/\/siluettpood.ee\/et\/wp-json\/wp\/v2\/types\/product"}],"version-history":[{"count":1,"href":"https:\/\/siluettpood.ee\/et\/wp-json\/wp\/v2\/product\/4767\/revisions"}],"predecessor-version":[{"id":6358,"href":"https:\/\/siluettpood.ee\/et\/wp-json\/wp\/v2\/product\/4767\/revisions\/6358"}],"wp:featuredmedia":[{"embeddable":true,"href":"https:\/\/siluettpood.ee\/et\/wp-json\/wp\/v2\/media\/5580"}],"wp:attachment":[{"href":"https:\/\/siluettpood.ee\/et\/wp-json\/wp\/v2\/media?parent=4767"}],"wp:term":[{"taxonomy":"product_brand","embeddable":true,"href":"https:\/\/siluettpood.ee\/et\/wp-json\/wp\/v2\/product_brand?post=4767"},{"taxonomy":"product_cat","embeddable":true,"href":"https:\/\/siluettpood.ee\/et\/wp-json\/wp\/v2\/product_cat?post=4767"},{"taxonomy":"product_tag","embeddable":true,"href":"https:\/\/siluettpood.ee\/et\/wp-json\/wp\/v2\/product_tag?post=4767"},{"taxonomy":"giftcard-category","embeddable":true,"href":"https:\/\/siluettpood.ee\/et\/wp-json\/wp\/v2\/giftcard-category?post=4767"}],"curies":[{"name":"wp","href":"https:\/\/api.w.org\/{rel}","templated":true}]}}