{"id":4769,"date":"2024-10-08T21:18:54","date_gmt":"2024-10-08T21:18:54","guid":{"rendered":"https:\/\/siluettpood.ee\/product\/https-muulin-com-et-products-meeste-pikendatud-t-sark-valge_pos2_psqmeestevalge_sse_v1-0\/"},"modified":"2026-02-21T18:43:05","modified_gmt":"2026-02-21T16:43:05","slug":"mens-elongated-t-shirt","status":"publish","type":"product","link":"https:\/\/siluettpood.ee\/et\/mens-elongated-t-shirt\/","title":{"rendered":"Meeste pikendatud T-s\u00e4rk"},"content":{"rendered":"<p>Orgaanilisest puuvillast pikitud T-s\u00e4rk<\/p>\n<p>Basic T-s\u00e4rk igaks juhuks. Casual, sportlik v\u00f5i lihtsalt v\u00e4rske - see piklik T-s\u00e4rk sobib k\u00f5igeks. Spetsiaalselt tellitud orgaanilisest puuvillasest kangast, siidiselt sile ja mugav.<\/p>\n<p>L\u00e4bil\u00f5iked \u00f5lgadel ja kehal<br \/>\nKaarjas p\u00e4\u00e4rme<br \/>\nMuuliini logo tagak\u00fcljel<\/p>\n<p>Sobib: Korraline<\/p>\n<p>Mudeli pikkus 188cm - kannab suurust L<\/p>\n<p>Orgaaniline kangas - kahaneb pesemisel kuni 3% - seda on toote valmistamisel arvesse v\u00f5etud.<\/p>","protected":false},"excerpt":{"rendered":"<p><a href=\"https:\/\/siluettpood.ee\/et\/tootekategooria\/muulin\/\">MUULIN<\/a><\/p>","protected":false},"featured_media":5589,"template":"","meta":[],"product_brand":[],"product_cat":[59,36,103,102],"product_tag":[],"giftcard-category":[],"class_list":{"0":"post-4769","1":"product","2":"type-product","3":"status-publish","4":"has-post-thumbnail","6":"product_cat-clothing","7":"product_cat-men","8":"product_cat-muulin-2","9":"product_cat-shirts","11":"first","12":"instock","13":"shipping-taxable","14":"purchasable","15":"product-type-variable","16":"layout-style-6","17":"col-md-4 col-sm-4 col-xs-6","18":"col-lg-3","19":"product-has-gallery","20":"product-style-default"},"gallery_images":[5590],"_links":{"self":[{"href":"https:\/\/siluettpood.ee\/et\/wp-json\/wp\/v2\/product\/4769","targetHints":{"allow":["GET"]}}],"collection":[{"href":"https:\/\/siluettpood.ee\/et\/wp-json\/wp\/v2\/product"}],"about":[{"href":"https:\/\/siluettpood.ee\/et\/wp-json\/wp\/v2\/types\/product"}],"version-history":[{"count":2,"href":"https:\/\/siluettpood.ee\/et\/wp-json\/wp\/v2\/product\/4769\/revisions"}],"predecessor-version":[{"id":5588,"href":"https:\/\/siluettpood.ee\/et\/wp-json\/wp\/v2\/product\/4769\/revisions\/5588"}],"wp:featuredmedia":[{"embeddable":true,"href":"https:\/\/siluettpood.ee\/et\/wp-json\/wp\/v2\/media\/5589"}],"wp:attachment":[{"href":"https:\/\/siluettpood.ee\/et\/wp-json\/wp\/v2\/media?parent=4769"}],"wp:term":[{"taxonomy":"product_brand","embeddable":true,"href":"https:\/\/siluettpood.ee\/et\/wp-json\/wp\/v2\/product_brand?post=4769"},{"taxonomy":"product_cat","embeddable":true,"href":"https:\/\/siluettpood.ee\/et\/wp-json\/wp\/v2\/product_cat?post=4769"},{"taxonomy":"product_tag","embeddable":true,"href":"https:\/\/siluettpood.ee\/et\/wp-json\/wp\/v2\/product_tag?post=4769"},{"taxonomy":"giftcard-category","embeddable":true,"href":"https:\/\/siluettpood.ee\/et\/wp-json\/wp\/v2\/giftcard-category?post=4769"}],"curies":[{"name":"wp","href":"https:\/\/api.w.org\/{rel}","templated":true}]}}