{"id":4771,"date":"2024-10-08T21:18:54","date_gmt":"2024-10-08T21:18:54","guid":{"rendered":"https:\/\/siluettpood.ee\/product\/https-muulin-com-et-products-igapaevane-sark-jakk-teksa-sinine_pos1_psqsarkjakk_sse_v1-0\/"},"modified":"2025-09-15T10:41:31","modified_gmt":"2025-09-15T10:41:31","slug":"the-everyday-overshirt","status":"publish","type":"product","link":"https:\/\/siluettpood.ee\/et\/the-everyday-overshirt\/","title":{"rendered":"Igap\u00e4evane S\u00e4rk\/Jakk"},"content":{"rendered":"<p>Everyday Overshirt on suurep\u00e4rane alusriietus, mida oma garderoobi lisada. Sellel on klassikaline krae, n\u00f6\u00f6pidega esiosa ja kaks rinnataskut. Pikad varrukad saab \u00fcles rullida, need on n\u00f6\u00f6pidega ja hemmi on kumer. Lisaks oleme lisanud viskoosist voodri selja \u00fclaosasse ja varrukatesse, et muuta see mugavamaks.<\/p>\n<p>Sobib: Korraline<\/p>\n<p>Mudeli pikkus 188 cm - kannab suurust M<\/p>","protected":false},"excerpt":{"rendered":"<p><a href=\"https:\/\/siluettpood.ee\/et\/tootekategooria\/muulin\/\">MUULIN<\/a><\/p>","protected":false},"featured_media":5594,"template":"","meta":[],"product_brand":[],"product_cat":[59,36,103,102],"product_tag":[],"giftcard-category":[],"class_list":{"0":"post-4771","1":"product","2":"type-product","3":"status-publish","4":"has-post-thumbnail","6":"product_cat-clothing","7":"product_cat-men","8":"product_cat-muulin-2","9":"product_cat-shirts","11":"first","12":"instock","13":"shipping-taxable","14":"purchasable","15":"product-type-variable","16":"layout-style-6","17":"col-md-4 col-sm-4 col-xs-6","18":"col-lg-3","19":"product-has-gallery","20":"product-style-default"},"gallery_images":[5595],"_links":{"self":[{"href":"https:\/\/siluettpood.ee\/et\/wp-json\/wp\/v2\/product\/4771","targetHints":{"allow":["GET"]}}],"collection":[{"href":"https:\/\/siluettpood.ee\/et\/wp-json\/wp\/v2\/product"}],"about":[{"href":"https:\/\/siluettpood.ee\/et\/wp-json\/wp\/v2\/types\/product"}],"version-history":[{"count":1,"href":"https:\/\/siluettpood.ee\/et\/wp-json\/wp\/v2\/product\/4771\/revisions"}],"predecessor-version":[{"id":7655,"href":"https:\/\/siluettpood.ee\/et\/wp-json\/wp\/v2\/product\/4771\/revisions\/7655"}],"wp:featuredmedia":[{"embeddable":true,"href":"https:\/\/siluettpood.ee\/et\/wp-json\/wp\/v2\/media\/5594"}],"wp:attachment":[{"href":"https:\/\/siluettpood.ee\/et\/wp-json\/wp\/v2\/media?parent=4771"}],"wp:term":[{"taxonomy":"product_brand","embeddable":true,"href":"https:\/\/siluettpood.ee\/et\/wp-json\/wp\/v2\/product_brand?post=4771"},{"taxonomy":"product_cat","embeddable":true,"href":"https:\/\/siluettpood.ee\/et\/wp-json\/wp\/v2\/product_cat?post=4771"},{"taxonomy":"product_tag","embeddable":true,"href":"https:\/\/siluettpood.ee\/et\/wp-json\/wp\/v2\/product_tag?post=4771"},{"taxonomy":"giftcard-category","embeddable":true,"href":"https:\/\/siluettpood.ee\/et\/wp-json\/wp\/v2\/giftcard-category?post=4771"}],"curies":[{"name":"wp","href":"https:\/\/api.w.org\/{rel}","templated":true}]}}