{"id":4803,"date":"2024-10-08T21:19:01","date_gmt":"2024-10-08T21:19:01","guid":{"rendered":"https:\/\/siluettpood.ee\/product\/https-omaking-ee-toode-toku-brussels-roosa\/"},"modified":"2025-02-03T08:42:26","modified_gmt":"2025-02-03T08:42:26","slug":"toku-brusseli-roosa","status":"publish","type":"product","link":"https:\/\/siluettpood.ee\/et\/toku-brusseli-roosa\/","title":{"rendered":"TOKU Br\u00fcssel - roosa"},"content":{"rendered":"<p>Toredad TOKU Br\u00fcsseli sussid, mis on valmistatud villasest vildist. Sisetald on jalgade toetamiseks m\u00f5eldud tugiv\u00f5lviga ja kannaosa on veidi k\u00f5rgendatud.<\/p>\n<p>V\u00e4listald on valmistatud vastupidavast mustast mikrokiudmaterjalist, millel on PU-kate.<\/p>\n<p>Need on k\u00e4sitsi valmistatud looduslikust vildist sussid, mis v\u00f5tavad kandmisel jala kuju ja v\u00f5ivad venida.<\/p>","protected":false},"excerpt":{"rendered":"<p>OMAKING<\/p>","protected":false},"featured_media":5327,"template":"","meta":[],"product_brand":[],"product_cat":[30,57,97,42],"product_tag":[],"giftcard-category":[],"class_list":{"0":"post-4803","1":"product","2":"type-product","3":"status-publish","4":"has-post-thumbnail","6":"product_cat-accessories","7":"product_cat-footwear-accessories","8":"product_cat-toku","9":"product_cat-women","11":"first","12":"instock","13":"shipping-taxable","14":"purchasable","15":"product-type-variable","16":"layout-style-6","17":"col-md-4 col-sm-4 col-xs-6","18":"col-lg-3","19":"product-has-gallery","20":"product-style-default"},"gallery_images":[5328],"_links":{"self":[{"href":"https:\/\/siluettpood.ee\/et\/wp-json\/wp\/v2\/product\/4803","targetHints":{"allow":["GET"]}}],"collection":[{"href":"https:\/\/siluettpood.ee\/et\/wp-json\/wp\/v2\/product"}],"about":[{"href":"https:\/\/siluettpood.ee\/et\/wp-json\/wp\/v2\/types\/product"}],"version-history":[{"count":0,"href":"https:\/\/siluettpood.ee\/et\/wp-json\/wp\/v2\/product\/4803\/revisions"}],"wp:featuredmedia":[{"embeddable":true,"href":"https:\/\/siluettpood.ee\/et\/wp-json\/wp\/v2\/media\/5327"}],"wp:attachment":[{"href":"https:\/\/siluettpood.ee\/et\/wp-json\/wp\/v2\/media?parent=4803"}],"wp:term":[{"taxonomy":"product_brand","embeddable":true,"href":"https:\/\/siluettpood.ee\/et\/wp-json\/wp\/v2\/product_brand?post=4803"},{"taxonomy":"product_cat","embeddable":true,"href":"https:\/\/siluettpood.ee\/et\/wp-json\/wp\/v2\/product_cat?post=4803"},{"taxonomy":"product_tag","embeddable":true,"href":"https:\/\/siluettpood.ee\/et\/wp-json\/wp\/v2\/product_tag?post=4803"},{"taxonomy":"giftcard-category","embeddable":true,"href":"https:\/\/siluettpood.ee\/et\/wp-json\/wp\/v2\/giftcard-category?post=4803"}],"curies":[{"name":"wp","href":"https:\/\/api.w.org\/{rel}","templated":true}]}}