{"id":4812,"date":"2024-10-08T21:19:03","date_gmt":"2024-10-08T21:19:03","guid":{"rendered":"https:\/\/siluettpood.ee\/product\/https-no8brand-com-product-t-shirt-dendi-2\/"},"modified":"2025-09-18T09:36:06","modified_gmt":"2025-09-18T09:36:06","slug":"t-sark-dendi-must","status":"publish","type":"product","link":"https:\/\/siluettpood.ee\/et\/t-sark-dendi-must\/","title":{"rendered":"T-s\u00e4rk Dendi Black"},"content":{"rendered":"<p>Dendi Cosmos on elegantne t-s\u00e4rk koos meie signatuur sissev\u00f5ttega.<\/p>","protected":false},"excerpt":{"rendered":"<p><a href=\"https:\/\/siluettpood.ee\/et\/tootekategooria\/no8brand\/\">NO8BRAND<\/a><\/p>","protected":false},"featured_media":5306,"template":"","meta":[],"product_brand":[],"product_cat":[62,98,59,42],"product_tag":[],"giftcard-category":[],"class_list":{"0":"post-4812","1":"product","2":"type-product","3":"status-publish","4":"has-post-thumbnail","6":"product_cat-blouses","7":"product_cat-brand-no-8","8":"product_cat-clothing","9":"product_cat-women","11":"first","12":"instock","13":"shipping-taxable","14":"purchasable","15":"product-type-variable","16":"layout-style-6","17":"col-md-4 col-sm-4 col-xs-6","18":"col-lg-3","19":"product-has-gallery","20":"product-style-default"},"gallery_images":[5305],"_links":{"self":[{"href":"https:\/\/siluettpood.ee\/et\/wp-json\/wp\/v2\/product\/4812","targetHints":{"allow":["GET"]}}],"collection":[{"href":"https:\/\/siluettpood.ee\/et\/wp-json\/wp\/v2\/product"}],"about":[{"href":"https:\/\/siluettpood.ee\/et\/wp-json\/wp\/v2\/types\/product"}],"version-history":[{"count":1,"href":"https:\/\/siluettpood.ee\/et\/wp-json\/wp\/v2\/product\/4812\/revisions"}],"predecessor-version":[{"id":6208,"href":"https:\/\/siluettpood.ee\/et\/wp-json\/wp\/v2\/product\/4812\/revisions\/6208"}],"wp:featuredmedia":[{"embeddable":true,"href":"https:\/\/siluettpood.ee\/et\/wp-json\/wp\/v2\/media\/5306"}],"wp:attachment":[{"href":"https:\/\/siluettpood.ee\/et\/wp-json\/wp\/v2\/media?parent=4812"}],"wp:term":[{"taxonomy":"product_brand","embeddable":true,"href":"https:\/\/siluettpood.ee\/et\/wp-json\/wp\/v2\/product_brand?post=4812"},{"taxonomy":"product_cat","embeddable":true,"href":"https:\/\/siluettpood.ee\/et\/wp-json\/wp\/v2\/product_cat?post=4812"},{"taxonomy":"product_tag","embeddable":true,"href":"https:\/\/siluettpood.ee\/et\/wp-json\/wp\/v2\/product_tag?post=4812"},{"taxonomy":"giftcard-category","embeddable":true,"href":"https:\/\/siluettpood.ee\/et\/wp-json\/wp\/v2\/giftcard-category?post=4812"}],"curies":[{"name":"wp","href":"https:\/\/api.w.org\/{rel}","templated":true}]}}