{"id":4838,"date":"2024-10-08T21:19:07","date_gmt":"2024-10-08T21:19:07","guid":{"rendered":"https:\/\/siluettpood.ee\/product\/https-railinolvak-com-e-pood-pluusid-toppseljalnoobid-black\/"},"modified":"2024-11-09T12:37:11","modified_gmt":"2024-11-09T12:37:11","slug":"noopidega-ulemine-osa-seljal","status":"publish","type":"product","link":"https:\/\/siluettpood.ee\/et\/noopidega-ulemine-osa-seljal\/","title":{"rendered":"Top nuppudega - Tagasi"},"content":{"rendered":"<p>Plisseeritud esiosaga top. V\u00e4ikesed ruudukujulised n\u00f6\u00f6bid seljal (mustad n\u00f6\u00f6bid bee\u017eil linasest topsil). Poolvarrukad. Kitsas kummikumm varrukaotsas. \u00dclemine volt on t\u00e4ielikult maha \u00f5mmeldud, teine ja kolmas volt on \u00f5mmeldud ainult rinnapiirkonnas.<\/p>","protected":false},"excerpt":{"rendered":"<p><a href=\"https:\/\/siluettpood.ee\/et\/tootekategooria\/raili-nolvak\/\">RAILI NOLVAK<\/a><\/p>","protected":false},"featured_media":5131,"template":"","meta":[],"product_brand":[],"product_cat":[62,59,92,42],"product_tag":[],"giftcard-category":[],"class_list":{"0":"post-4838","1":"product","2":"type-product","3":"status-publish","4":"has-post-thumbnail","6":"product_cat-blouses","7":"product_cat-clothing","8":"product_cat-raili-nolvak-3","9":"product_cat-women","11":"first","12":"instock","13":"shipping-taxable","14":"purchasable","15":"product-type-variable","16":"layout-style-6","17":"col-md-4 col-sm-4 col-xs-6","18":"col-lg-3","19":"product-has-gallery","20":"product-style-default"},"gallery_images":[5132,5133],"_links":{"self":[{"href":"https:\/\/siluettpood.ee\/et\/wp-json\/wp\/v2\/product\/4838","targetHints":{"allow":["GET"]}}],"collection":[{"href":"https:\/\/siluettpood.ee\/et\/wp-json\/wp\/v2\/product"}],"about":[{"href":"https:\/\/siluettpood.ee\/et\/wp-json\/wp\/v2\/types\/product"}],"version-history":[{"count":0,"href":"https:\/\/siluettpood.ee\/et\/wp-json\/wp\/v2\/product\/4838\/revisions"}],"wp:featuredmedia":[{"embeddable":true,"href":"https:\/\/siluettpood.ee\/et\/wp-json\/wp\/v2\/media\/5131"}],"wp:attachment":[{"href":"https:\/\/siluettpood.ee\/et\/wp-json\/wp\/v2\/media?parent=4838"}],"wp:term":[{"taxonomy":"product_brand","embeddable":true,"href":"https:\/\/siluettpood.ee\/et\/wp-json\/wp\/v2\/product_brand?post=4838"},{"taxonomy":"product_cat","embeddable":true,"href":"https:\/\/siluettpood.ee\/et\/wp-json\/wp\/v2\/product_cat?post=4838"},{"taxonomy":"product_tag","embeddable":true,"href":"https:\/\/siluettpood.ee\/et\/wp-json\/wp\/v2\/product_tag?post=4838"},{"taxonomy":"giftcard-category","embeddable":true,"href":"https:\/\/siluettpood.ee\/et\/wp-json\/wp\/v2\/giftcard-category?post=4838"}],"curies":[{"name":"wp","href":"https:\/\/api.w.org\/{rel}","templated":true}]}}