{"id":4848,"date":"2024-10-08T21:19:09","date_gmt":"2024-10-08T21:19:09","guid":{"rendered":"https:\/\/siluettpood.ee\/product\/https-katlinkaljuvee-net-en-e-shop-products-kleit-tume-lillekarussell\/"},"modified":"2026-01-15T16:49:53","modified_gmt":"2026-01-15T14:49:53","slug":"tumedate-lillede-karussell-siidist-slip-kleit","status":"publish","type":"product","link":"https:\/\/siluettpood.ee\/et\/tumedate-lillede-karussell-siidist-slip-kleit\/","title":{"rendered":"Tume lillekarussell siidist slip kleit"},"content":{"rendered":"<p>Siidist slip-kleit Flower Carousel. Lihtne must kleit, millel on eriline k\u00e4sitsi joonistatud lille\u00f5ite ja karusselli muster. Muster on kerge ja \u00f5huline, teeb Sind unikaalseks ja elegantseks, maagiliseks, vabaks nagu tuul. Kleit on kergesti kombineeritav erinevate riietega, sobib kandmiseks nii k\u00fclma ilmaga kui ka kuumal suvel. Paigaldus on avar ja mugav, mitte liiga kitsas. Palun kontrollige suurustabelist rinna, v\u00f6\u00f6koha ja puusa m\u00f5\u00f5tmeid.<\/p>","protected":false},"excerpt":{"rendered":"<p><a href=\"https:\/\/siluettpood.ee\/et\/tootekategooria\/katlin-kaljuvee\/\">KATLIN KALJUVEE<\/a><\/p>","protected":false},"featured_media":5077,"template":"","meta":[],"product_brand":[],"product_cat":[59,60,90,42],"product_tag":[],"giftcard-category":[],"class_list":{"0":"post-4848","1":"product","2":"type-product","3":"status-publish","4":"has-post-thumbnail","6":"product_cat-clothing","7":"product_cat-dresses","8":"product_cat-katlin-kaljuvee-2-2","9":"product_cat-women","11":"first","12":"instock","13":"shipping-taxable","14":"purchasable","15":"product-type-variable","16":"layout-style-6","17":"col-md-4 col-sm-4 col-xs-6","18":"col-lg-3","19":"product-has-gallery","20":"product-style-default"},"gallery_images":[5079,5078],"_links":{"self":[{"href":"https:\/\/siluettpood.ee\/et\/wp-json\/wp\/v2\/product\/4848","targetHints":{"allow":["GET"]}}],"collection":[{"href":"https:\/\/siluettpood.ee\/et\/wp-json\/wp\/v2\/product"}],"about":[{"href":"https:\/\/siluettpood.ee\/et\/wp-json\/wp\/v2\/types\/product"}],"version-history":[{"count":2,"href":"https:\/\/siluettpood.ee\/et\/wp-json\/wp\/v2\/product\/4848\/revisions"}],"predecessor-version":[{"id":10142,"href":"https:\/\/siluettpood.ee\/et\/wp-json\/wp\/v2\/product\/4848\/revisions\/10142"}],"wp:featuredmedia":[{"embeddable":true,"href":"https:\/\/siluettpood.ee\/et\/wp-json\/wp\/v2\/media\/5077"}],"wp:attachment":[{"href":"https:\/\/siluettpood.ee\/et\/wp-json\/wp\/v2\/media?parent=4848"}],"wp:term":[{"taxonomy":"product_brand","embeddable":true,"href":"https:\/\/siluettpood.ee\/et\/wp-json\/wp\/v2\/product_brand?post=4848"},{"taxonomy":"product_cat","embeddable":true,"href":"https:\/\/siluettpood.ee\/et\/wp-json\/wp\/v2\/product_cat?post=4848"},{"taxonomy":"product_tag","embeddable":true,"href":"https:\/\/siluettpood.ee\/et\/wp-json\/wp\/v2\/product_tag?post=4848"},{"taxonomy":"giftcard-category","embeddable":true,"href":"https:\/\/siluettpood.ee\/et\/wp-json\/wp\/v2\/giftcard-category?post=4848"}],"curies":[{"name":"wp","href":"https:\/\/api.w.org\/{rel}","templated":true}]}}