{"id":4853,"date":"2024-10-08T21:19:11","date_gmt":"2024-10-08T21:19:11","guid":{"rendered":"https:\/\/siluettpood.ee\/product\/https-kuresaar-com-toode-iris-kivikestega-seelik\/"},"modified":"2025-02-03T08:46:26","modified_gmt":"2025-02-03T08:46:26","slug":"iirise-seelik","status":"publish","type":"product","link":"https:\/\/siluettpood.ee\/et\/iirise-seelik\/","title":{"rendered":"Iris seelik"},"content":{"rendered":"<p>V\u00f6\u00f6koht on elastne. Seda saab kombineerida erinevate bodysuitsude, s\u00e4rkide ja bleiseridega.<\/p>\n<p>Seelikuga on kaasas ka must alusseelik.<\/p>","protected":false},"excerpt":{"rendered":"<p><a href=\"https:\/\/siluettpood.ee\/et\/tootekategooria\/kuresaar\/\">KURESAAR<\/a><\/p>","protected":false},"featured_media":5064,"template":"","meta":[],"product_brand":[],"product_cat":[59,95,63,42],"product_tag":[],"giftcard-category":[],"class_list":{"0":"post-4853","1":"product","2":"type-product","3":"status-publish","4":"has-post-thumbnail","6":"product_cat-clothing","7":"product_cat-piret-kuresaar-2","8":"product_cat-skirts","9":"product_cat-women","11":"first","12":"instock","13":"shipping-taxable","14":"purchasable","15":"product-type-variable","16":"layout-style-6","17":"col-md-4 col-sm-4 col-xs-6","18":"col-lg-3","19":"product-has-gallery","20":"product-style-default"},"gallery_images":[5063],"_links":{"self":[{"href":"https:\/\/siluettpood.ee\/et\/wp-json\/wp\/v2\/product\/4853","targetHints":{"allow":["GET"]}}],"collection":[{"href":"https:\/\/siluettpood.ee\/et\/wp-json\/wp\/v2\/product"}],"about":[{"href":"https:\/\/siluettpood.ee\/et\/wp-json\/wp\/v2\/types\/product"}],"version-history":[{"count":1,"href":"https:\/\/siluettpood.ee\/et\/wp-json\/wp\/v2\/product\/4853\/revisions"}],"predecessor-version":[{"id":5062,"href":"https:\/\/siluettpood.ee\/et\/wp-json\/wp\/v2\/product\/4853\/revisions\/5062"}],"wp:featuredmedia":[{"embeddable":true,"href":"https:\/\/siluettpood.ee\/et\/wp-json\/wp\/v2\/media\/5064"}],"wp:attachment":[{"href":"https:\/\/siluettpood.ee\/et\/wp-json\/wp\/v2\/media?parent=4853"}],"wp:term":[{"taxonomy":"product_brand","embeddable":true,"href":"https:\/\/siluettpood.ee\/et\/wp-json\/wp\/v2\/product_brand?post=4853"},{"taxonomy":"product_cat","embeddable":true,"href":"https:\/\/siluettpood.ee\/et\/wp-json\/wp\/v2\/product_cat?post=4853"},{"taxonomy":"product_tag","embeddable":true,"href":"https:\/\/siluettpood.ee\/et\/wp-json\/wp\/v2\/product_tag?post=4853"},{"taxonomy":"giftcard-category","embeddable":true,"href":"https:\/\/siluettpood.ee\/et\/wp-json\/wp\/v2\/giftcard-category?post=4853"}],"curies":[{"name":"wp","href":"https:\/\/api.w.org\/{rel}","templated":true}]}}